{"id":179,"date":"2024-06-26T19:53:53","date_gmt":"2024-06-26T19:53:53","guid":{"rendered":"https:\/\/demo.newworldsreading.com\/?page_id=179"},"modified":"2026-04-24T19:44:35","modified_gmt":"2026-04-24T19:44:35","slug":"reading-guides","status":"publish","type":"page","link":"https:\/\/www.newworldsreading.com\/es\/reading-guides\/","title":{"rendered":"Gu\u00edas de lectura"},"content":{"rendered":"<div class=\"wp-block-uagb-container uagb-block-71bbaa6b alignfull uagb-is-root-container\"><div class=\"uagb-container-inner-blocks-wrap\">\n<div class=\"wp-block-uagb-container uag-hide-mob uagb-block-9a537073\">\n<div class=\"wp-block-uagb-image uagb-block-7692dd00 wp-block-uagb-image--layout-default wp-block-uagb-image--effect-static wp-block-uagb-image--align-none\"><figure class=\"wp-block-uagb-image__figure\"><img decoding=\"async\" srcset=\"https:\/\/www.newworldsreading.com\/wp-content\/uploads\/2026\/04\/brooks-pointing-down.png ,https:\/\/www.newworldsreading.com\/wp-content\/uploads\/2026\/04\/brooks-pointing-down.png 780w, https:\/\/www.newworldsreading.com\/wp-content\/uploads\/2026\/04\/brooks-pointing-down.png 360w\" sizes=\"auto, (max-width: 480px) 150px\" src=\"https:\/\/www.newworldsreading.com\/wp-content\/uploads\/2026\/04\/brooks-pointing-down.png\" alt=\"New Worlds Reading mascot Brooks Bobcat pointing down\" class=\"uag-image-8719\" width=\"460\" height=\"673\" title=\"brooks-pointing-down\" loading=\"lazy\" role=\"img\"\/><\/figure><\/div>\n<\/div>\n\n\n\n<div class=\"wp-block-uagb-container uagb-block-438b4c4f\">\n<div class=\"wp-block-uagb-advanced-heading uagb-block-baaf49ec\"><h1 class=\"uagb-heading-text\">Gu\u00edas de lectura<\/h1><\/div>\n\n\n\n<p class=\"has-text-align-left\" style=\"margin-top:0;margin-bottom:var(--wp--preset--spacing--30);padding-top:0;padding-bottom:0;font-size:1rem\">Utilice estas gu\u00edas mientras leen para ayudar a los ni\u00f1os a fortalecer sus habilidades de alfabetizaci\u00f3n y desarrollar su confianza.<\/p>\n\n\n\n<p class=\"has-text-align-left\" style=\"margin-top:0;margin-bottom:0;padding-top:0;padding-bottom:0;font-size:1rem\">En este momento, los recursos para educadores est\u00e1n disponibles en ingl\u00e9s. <\/p>\n<\/div>\n<\/div><\/div>\n\n\n<section class=\"nx-books\">\n\t    <div class=\"books-items\">\n\t        <div class=\"filterContainer\">\n\t\t\t\t<div class=\"d-none d-xl-block filters\">\n                    <div class=\"bl-res\"><div class=\"res-filterbox active\">                  \n        <input data-parent=\"for-families\" id=\"for-families\" type=\"radio\" name=\"resources\" checked \/>\n        <span class=\"checkboxLabel\">Para Familias<\/span>                      \n    <\/div>\n    <div class=\"res-filterbox\">\n        <input data-parent=\"for-teachers\" id=\"for-teachers\" type=\"radio\" name=\"resources\" \/>\n        <span class=\"checkboxLabel\">Para Profesores<\/span>                      \n    <\/div>\n    <\/div><\/div><div class=\"searchBox\">\n\t    <div class=\"inputWrapper\">\n\t\t    <input type=\"text\" placeholder=\"\u00bfQu\u00e9 libro est\u00e1 buscando?\" autocomplete=\"off\" id=\"search_term\">\n\t    <\/div>\n\t<\/div><div class=\"d-none d-xl-block filters\">\n        <div class=\"bl-lan\">\n            <div class=\"filterbox active\">\n                <input data-parent=\"english\" id=\"english\" type=\"radio\" name=\"bookterm\" checked \/>\n                <span class=\"checkboxLabel\">Ingl\u00e9s<\/span>\n            <\/div>\n            <div class=\"filterbox\">\n                <input data-parent=\"spanish\" id=\"spanish\" type=\"radio\" name=\"bookterm\" \/>\n                <span class=\"checkboxLabel\">Espa\u00f1ol<\/span>\n            <\/div>\n            <div class=\"filterbox\">\n                <input data-parent=\"haitian-creole\" id=\"haitian-creole\" type=\"radio\" name=\"bookterm\" \/>\n                <span class=\"checkboxLabel\">Krey\u00f2l<\/span>\n            <\/div>\n            <div class=\"filterbox\">\n                <input data-parent=\"braille\" id=\"braille\" type=\"radio\" name=\"bookterm\" \/>\n                <span class=\"checkboxLabel\">English Braille<\/span>\n            <\/div>\n        <\/div><div class=\"bl-fltr\">\n        <div class=\"bl-fltr-op\">\n            <img decoding=\"async\" alt=\"\" src=\"\/wp-content\/uploads\/2024\/07\/bl-filter.png\"\/> filtros <img decoding=\"async\" alt=\"\" src=\"\/wp-content\/uploads\/2024\/07\/bl-arrow.png\"\/>\n        <\/div>\n    <\/div>\n    <\/div><div class=\"bl-fcard filters\" style=\"display:none\">\n        <div class=\"close_clear_div\">\n            <div class=\"clearall\">Limpiar Todo<\/div>\n            <div class=\"closefilter\">Cerrar<\/div>\n        <\/div><h4>nivel de grado<\/h4>\n    <div class=\"filterbox bl-fcard-op\">\n        <ul><li><label for=\"vpk\" class=\"customCheckbox\">\n                <input data-parent=\"vpk\" id=\"vpk\" type=\"checkbox\" name=\"grade_level\" class=\"clearAllInput\" \/>\n                <span class=\"checkboxLabel\">VPK<\/span>\t\n                <img decoding=\"async\" alt=\"button to clear this filter\" src=\"https:\/\/www.newworldsreading.com\/wp-content\/themes\/astra-child\/assets\/img\/icons-cross.png\">\n                <\/label><\/li><li><label for=\"kindergarten\" class=\"customCheckbox\">\n                <input data-parent=\"kindergarten\" id=\"kindergarten\" type=\"checkbox\" name=\"grade_level\" class=\"clearAllInput\" \/>\n                <span class=\"checkboxLabel\">Kindergarten<\/span>\t\n                <img decoding=\"async\" alt=\"button to clear this filter\" src=\"https:\/\/www.newworldsreading.com\/wp-content\/themes\/astra-child\/assets\/img\/icons-cross.png\">\n                <\/label><\/li><li><label for=\"1st-grade\" class=\"customCheckbox\">\n                <input data-parent=\"1st-grade\" id=\"1st-grade\" type=\"checkbox\" name=\"grade_level\" class=\"clearAllInput\" \/>\n                <span class=\"checkboxLabel\">1.\u00ba Grado<\/span>\t\n                <img decoding=\"async\" alt=\"button to clear this filter\" src=\"https:\/\/www.newworldsreading.com\/wp-content\/themes\/astra-child\/assets\/img\/icons-cross.png\">\n                <\/label><\/li><li><label for=\"2nd-grade\" class=\"customCheckbox\">\n                <input data-parent=\"2nd-grade\" id=\"2nd-grade\" type=\"checkbox\" name=\"grade_level\" class=\"clearAllInput\" \/>\n                <span class=\"checkboxLabel\">2.\u00ba Grado<\/span>\t\n                <img decoding=\"async\" alt=\"button to clear this filter\" src=\"https:\/\/www.newworldsreading.com\/wp-content\/themes\/astra-child\/assets\/img\/icons-cross.png\">\n                <\/label><\/li><li><label for=\"3rd-grade\" class=\"customCheckbox\">\n                <input data-parent=\"3rd-grade\" id=\"3rd-grade\" type=\"checkbox\" name=\"grade_level\" class=\"clearAllInput\" \/>\n                <span class=\"checkboxLabel\">3.\u00ba Grado<\/span>\t\n                <img decoding=\"async\" alt=\"button to clear this filter\" src=\"https:\/\/www.newworldsreading.com\/wp-content\/themes\/astra-child\/assets\/img\/icons-cross.png\">\n                <\/label><\/li><li><label for=\"4th-grade\" class=\"customCheckbox\">\n                <input data-parent=\"4th-grade\" id=\"4th-grade\" type=\"checkbox\" name=\"grade_level\" class=\"clearAllInput\" \/>\n                <span class=\"checkboxLabel\">4.\u00ba Grado<\/span>\t\n                <img decoding=\"async\" alt=\"button to clear this filter\" src=\"https:\/\/www.newworldsreading.com\/wp-content\/themes\/astra-child\/assets\/img\/icons-cross.png\">\n                <\/label><\/li><li><label for=\"5th-grade\" class=\"customCheckbox\">\n                <input data-parent=\"5th-grade\" id=\"5th-grade\" type=\"checkbox\" name=\"grade_level\" class=\"clearAllInput\" \/>\n                <span class=\"checkboxLabel\">5.\u00ba Grado<\/span>\t\n                <img decoding=\"async\" alt=\"button to clear this filter\" src=\"https:\/\/www.newworldsreading.com\/wp-content\/themes\/astra-child\/assets\/img\/icons-cross.png\">\n                <\/label><\/li><\/ul><\/div><h4 id=\"program-filters-title\" style=\"display: none;\">Program<\/h4>\n    <div class=\"filterbox bl-fcard-op\" id=\"program-filters\" style=\"display: none;\">\n        <ul>\n            <li class=\"active\"><label for=\"nwri-text\" class=\"customCheckbox\">\n\t\t\t\t<input data-parent=\"nwri-text\" id=\"nwri-text\" type=\"checkbox\" name=\"program\" class=\"clearAllInput\" checked>\n                <span class=\"checkboxLabel\">New Worlds Reading Initiative<\/span>\t\n                <img decoding=\"async\" alt=\"button to clear this filter\" src=\"https:\/\/www.newworldsreading.com\/wp-content\/themes\/astra-child\/assets\/img\/icons-cross.png\">\n            <\/label><\/li>\n            <li class=\"active\"><label for=\"best-text\" class=\"customCheckbox\">\n\t\t\t\t<input data-parent=\"best-text\" id=\"best-text\" type=\"checkbox\" name=\"program\" class=\"clearAllInput\" checked>\n                <span class=\"checkboxLabel\">FDoE B.E.S.T. Text*<\/span>\t\n                <img decoding=\"async\" alt=\"button to clear this filter\" src=\"https:\/\/www.newworldsreading.com\/wp-content\/themes\/astra-child\/assets\/img\/icons-cross.png\">\n            <\/label><\/li>\n            <li class=\"active\"><label for=\"pkbl-text\" class=\"customCheckbox\">\n\t\t\t\t<input data-parent=\"pkbl-text\" id=\"pkbl-text\" type=\"checkbox\" name=\"program\" class=\"clearAllInput\" checked>\n                <span class=\"checkboxLabel\">FELDS Educator's Guide**<\/span>\t\n                <img decoding=\"async\" alt=\"button to clear this filter\" src=\"https:\/\/www.newworldsreading.com\/wp-content\/themes\/astra-child\/assets\/img\/icons-cross.png\">\n            <\/label><\/li>\n        <\/ul>\n    <\/div><\/div><\/div><div class=\"cursusContainer book-results\" id=\"resultaten\">\n        <div class=\"ajax-loader\" style=\"display:none\">\n            <img decoding=\"async\" alt=\"\" src=\"https:\/\/www.newworldsreading.com\/wp-content\/themes\/astra-child\/assets\/img\/load.gif\" class=\"img-responsive\" \/>\n        <\/div>\n        <div class=\"row coursesBoxes\" id=\"mypostcontent\">\n\t\t\t<div class=\"loading\">\n\t\t\t\t<div class=\"spinner-border\" role=\"status\">\n\t\t\t\t\t<span class=\"sr-only\">Loading...<\/span>                                    \n\t\t\t\t<\/div>\n\t\t\t<\/div>\n\t\t<\/div>\n        <div class=\"page_navigation\" id=\"my_page_navigation\">\n        <\/div>\n    <\/div><\/div>\n    <\/section>\n\n\n\n<div class=\"wp-block-uagb-container uagb-block-fe91e1de alignfull uagb-is-root-container\"><div class=\"uagb-container-inner-blocks-wrap\">\n<div class=\"wp-block-group is-layout-constrained wp-container-core-group-is-layout-f5701fd9 wp-block-group-is-layout-constrained\" style=\"padding-bottom:5rem\">\n<p class=\"has-text-align-center\" style=\"font-size:1rem\">*La lista B.E.S.T. de textos del Departamento de Educaci\u00f3n de Florida es una lista de textos probados que pueden utilizarse en los planes de estudio de las aulas para cumplir los est\u00e1ndares B.E.S.T. de Florida.<\/p>\n\n\n\n<p class=\"has-text-align-center\" style=\"font-size:1rem\">**La lista de libros para preescolares de la Divisi\u00f3n de Aprendizaje Temprano proporciona textos orientados a la ni\u00f1ez en transici\u00f3n de pre-kindergarten a kindergarten.<\/p>\n\n\n\n<p class=\"has-text-align-center\" style=\"font-size:1rem\">***<strong>F Is for Flag<\/strong> is not a New Worlds Reading ship-to-home book. The Florida Department of Education selected F Is for Flag as the 2026 Celebrate Literacy Week book; these activities are for 2026 Celebrate Literacy Week events.<\/p>\n<\/div>\n<\/div><\/div>","protected":false},"excerpt":{"rendered":"<p>Reading Guides Use these guides while reading to help kids strengthen their literacy skills and build confidence. At this time, [&hellip;]<\/p>\n","protected":false},"author":3,"featured_media":0,"parent":0,"menu_order":0,"comment_status":"closed","ping_status":"closed","template":"","meta":{"_acf_changed":false,"_uag_custom_page_level_css":"","site-sidebar-layout":"default","site-content-layout":"","ast-site-content-layout":"default","site-content-style":"default","site-sidebar-style":"default","ast-global-header-display":"","ast-banner-title-visibility":"","ast-main-header-display":"","ast-hfb-above-header-display":"","ast-hfb-below-header-display":"","ast-hfb-mobile-header-display":"","site-post-title":"disabled","ast-breadcrumbs-content":"","ast-featured-img":"","footer-sml-layout":"","ast-disable-related-posts":"","theme-transparent-header-meta":"","adv-header-id-meta":"","stick-header-meta":"","header-above-stick-meta":"","header-main-stick-meta":"","header-below-stick-meta":"","astra-migrate-meta-layouts":"default","ast-page-background-enabled":"default","ast-page-background-meta":{"desktop":{"background-color":"var(--ast-global-color-4)","background-image":"","background-repeat":"repeat","background-position":"center center","background-size":"auto","background-attachment":"scroll","background-type":"","background-media":"","overlay-type":"","overlay-color":"","overlay-opacity":"","overlay-gradient":""},"tablet":{"background-color":"","background-image":"","background-repeat":"repeat","background-position":"center center","background-size":"auto","background-attachment":"scroll","background-type":"","background-media":"","overlay-type":"","overlay-color":"","overlay-opacity":"","overlay-gradient":""},"mobile":{"background-color":"","background-image":"","background-repeat":"repeat","background-position":"center center","background-size":"auto","background-attachment":"scroll","background-type":"","background-media":"","overlay-type":"","overlay-color":"","overlay-opacity":"","overlay-gradient":""}},"ast-content-background-meta":{"desktop":{"background-color":"var(--ast-global-color-5)","background-image":"","background-repeat":"repeat","background-position":"center center","background-size":"auto","background-attachment":"scroll","background-type":"","background-media":"","overlay-type":"","overlay-color":"","overlay-opacity":"","overlay-gradient":""},"tablet":{"background-color":"var(--ast-global-color-5)","background-image":"","background-repeat":"repeat","background-position":"center center","background-size":"auto","background-attachment":"scroll","background-type":"","background-media":"","overlay-type":"","overlay-color":"","overlay-opacity":"","overlay-gradient":""},"mobile":{"background-color":"var(--ast-global-color-5)","background-image":"","background-repeat":"repeat","background-position":"center center","background-size":"auto","background-attachment":"scroll","background-type":"","background-media":"","overlay-type":"","overlay-color":"","overlay-opacity":"","overlay-gradient":""}},"footnotes":""},"class_list":["post-179","page","type-page","status-publish","hentry"],"acf":[],"uagb_featured_image_src":{"full":false,"thumbnail":false,"medium":false,"medium_large":false,"large":false,"1536x1536":false,"2048x2048":false,"trp-custom-language-flag":false},"uagb_author_info":{"display_name":"Ashlyn Comiskey","author_link":"https:\/\/www.newworldsreading.com\/es\/author\/acomiskey\/"},"uagb_comment_info":0,"uagb_excerpt":"Reading Guides Use these guides while reading to help kids strengthen their literacy skills and build confidence. At this time, [&hellip;]","_links":{"self":[{"href":"https:\/\/www.newworldsreading.com\/es\/wp-json\/wp\/v2\/pages\/179","targetHints":{"allow":["GET"]}}],"collection":[{"href":"https:\/\/www.newworldsreading.com\/es\/wp-json\/wp\/v2\/pages"}],"about":[{"href":"https:\/\/www.newworldsreading.com\/es\/wp-json\/wp\/v2\/types\/page"}],"author":[{"embeddable":true,"href":"https:\/\/www.newworldsreading.com\/es\/wp-json\/wp\/v2\/users\/3"}],"replies":[{"embeddable":true,"href":"https:\/\/www.newworldsreading.com\/es\/wp-json\/wp\/v2\/comments?post=179"}],"version-history":[{"count":25,"href":"https:\/\/www.newworldsreading.com\/es\/wp-json\/wp\/v2\/pages\/179\/revisions"}],"predecessor-version":[{"id":8745,"href":"https:\/\/www.newworldsreading.com\/es\/wp-json\/wp\/v2\/pages\/179\/revisions\/8745"}],"wp:attachment":[{"href":"https:\/\/www.newworldsreading.com\/es\/wp-json\/wp\/v2\/media?parent=179"}],"curies":[{"name":"wp","href":"https:\/\/api.w.org\/{rel}","templated":true}]}}