{"id":181,"date":"2024-06-26T19:42:50","date_gmt":"2024-06-26T19:42:50","guid":{"rendered":"https:\/\/demo.newworldsreading.com\/?page_id=181"},"modified":"2026-04-02T14:21:31","modified_gmt":"2026-04-02T14:21:31","slug":"about-us","status":"publish","type":"page","link":"https:\/\/www.newworldsreading.com\/es\/about-us\/","title":{"rendered":"Sobre Nosotros"},"content":{"rendered":"<div style=\"background-image:url(&apos;https:\/\/demo.newworldsreading.com\/wp-content\/uploads\/2024\/05\/About-Us-BG-Wide-1.png&apos;);background-position:50% 0%;background-repeat:no-repeat;background-size:contain;\" class=\"wp-block-group is-layout-constrained wp-block-group-is-layout-constrained has-background\">\n<div style=\"height:15px\" aria-hidden=\"true\" class=\"wp-block-spacer uag-hide-tab uag-hide-mob\"><\/div>\n\n\n\n<div class=\"wp-block-uagb-advanced-heading uagb-block-654f704d\"><h1 class=\"uagb-heading-text\">Sobre Nosotros<\/h1><\/div>\n\n\n\n<div class=\"wp-block-uagb-advanced-heading uagb-block-7f121b71\"><h2 class=\"uagb-heading-text\">La Iniciativa New Worlds Reading es el programa gratuito de alfabetizaci\u00f3n en el hogar de Florida para alumnos desde VPK hasta 5\u00ba grado que cumplan los requisitos.<\/h2><\/div>\n\n\n\n<div style=\"height:4px\" aria-hidden=\"true\" class=\"wp-block-spacer\"><\/div>\n\n\n\n<div class=\"wp-block-group is-layout-constrained wp-block-group-is-layout-constrained\" style=\"margin-top:0;margin-bottom:0\">\n<div class=\"wp-block-uagb-container uagb-block-83a1f869 alignfull uagb-is-root-container\"><div class=\"uagb-container-inner-blocks-wrap\">\n<div class=\"wp-block-uagb-container uagb-block-7c616219\">\n<p style=\"margin-top:0;margin-bottom:0\"><strong>New Worlds Reading <\/strong>se convirti\u00f3 en ley en junio de 2021 como un programa para ayudar a los lectores en desarrollo de Florida a reforzar sus habilidades de lectura, desarrollar su confianza en estas habilidades y fomentar el amor por la lectura para toda la vida.<\/p>\n\n\n\n<p style=\"margin-top:0;margin-bottom:0\">Cada mes durante el curso escolar, los estudiantes que cumplan los requisitos recibir\u00e1n un libro gratuito adaptado a sus intereses, adem\u00e1s de recursos y actividades para ser utilizados con sus cuidadores. Los libros y los materiales est\u00e1n disponibles en ingl\u00e9s, espa\u00f1ol, criollo haitiano y braille.<\/p>\n\n\n\n<p style=\"margin-top:0;margin-bottom:0\" class=\"translation-block\">Para reunir los requisitos de elegibilidad, los estudiantes deben estar cursando entre VPK y 5\u00ba grado, no cumplir a\u00fan con los est\u00e1ndares de\nnivel de lectura de su grado y asistir a programas VPK, escuelas p\u00fablicas o escuelas ubvencionadas en Florida. <strong><a href=\"https:\/\/www.newworldsreading.com\/es\/eligibility\/\" data-type=\"page\" data-id=\"217\" target=\"_self\">Puede encontrar m\u00e1s informaci\u00f3n sobre los requisitos aqu\u00ed.<\/a><\/strong><\/p>\n<\/div>\n\n\n\n<div class=\"wp-block-uagb-container uagb-block-c2798f76\">\n<div class=\"wp-block-uagb-image aligncenter uagb-block-34acaf09 wp-block-uagb-image--layout-default wp-block-uagb-image--effect-static wp-block-uagb-image--align-center\"><figure class=\"wp-block-uagb-image__figure\"><img loading=\"lazy\" decoding=\"async\" srcset=\"https:\/\/demo.newworldsreading.com\/wp-content\/uploads\/2024\/04\/New-Worlds-Reading-Families-173-1024x738.jpg ,https:\/\/demo.newworldsreading.com\/wp-content\/uploads\/2024\/04\/New-Worlds-Reading-Families-173.jpg 780w, https:\/\/demo.newworldsreading.com\/wp-content\/uploads\/2024\/04\/New-Worlds-Reading-Families-173.jpg 360w\" sizes=\"auto, (max-width: 480px) 150px\" src=\"https:\/\/demo.newworldsreading.com\/wp-content\/uploads\/2024\/04\/New-Worlds-Reading-Families-173-1024x738.jpg\" alt=\"New Worlds Reading Family\" class=\"uag-image-1271\" width=\"500\" height=\"500\" title=\"New Worlds Reading Families\" role=\"img\"\/><\/figure><\/div>\n<\/div>\n<\/div><\/div>\n<\/div>\n<\/div>\n\n\n\n<div class=\"wp-block-group has-ast-global-color-3-background-color has-background is-layout-constrained wp-block-group-is-layout-constrained\">\n<div class=\"wp-block-uagb-advanced-heading uagb-block-cfbdc97e\"><h2 class=\"uagb-heading-text translation-block\">El estado design\u00f3 al Centro de Aprendizaje Lastinger de la Universidad de Florida como el administrador de New Worlds Reading.<\/h2><\/div>\n\n\n\n<p class=\"has-text-align-center has-ast-global-color-5-color has-text-color has-link-color wp-elements-27610874bd73016e59d90812f7c8bdac translation-block\"><strong>El Centro Lastinger para el Aprendizaje de la Universidad de Florida<\/strong> crea sistemas educativos en los que cada estudiante y educador es parte de una experiencia de aprendizaje de alta calidad que favorece el alcance de hitos cr\u00edticos que predicen el \u00e9xito en la escuela y en la vida. Sus programas se centran en la preparaci\u00f3n para el kindergarten, el dominio de la lectura y el dominio del \u00e1lgebra en tercer grado. Desde 2002, el Centro Lastinger ha dado pasos significativos en favor de soluciones reales y ampliables en colaboraci\u00f3n con educadores y familias de Florida y de todo el pa\u00eds. Para obtener m\u00e1s informaci\u00f3n sobre el Centro Lastinger, visite el sitio web del <strong><span style=\"text-decoration: underline\"><a href=\"https:\/\/lastinger.center.ufl.edu\/\" target=\"_self\">Centro de Aprendizaje Lastinger de UF.<\/a><\/span><\/strong><\/p>\n<\/div>\n\n\n\n<div class=\"wp-block-group has-background is-layout-constrained wp-block-group-is-layout-constrained\" style=\"background-color:#ffffff00;margin-top:var(--wp--preset--spacing--40);padding-bottom:var(--wp--preset--spacing--70)\">\n<div class=\"wp-block-group is-nowrap is-layout-flex wp-container-core-group-is-layout-37337bba wp-block-group-is-layout-flex\" style=\"padding-top:0;padding-right:0;padding-bottom:0;padding-left:0\">\n<figure class=\"wp-block-image size-full is-resized uag-hide-mob\"><img decoding=\"async\" src=\"https:\/\/demo.newworldsreading.com\/wp-content\/uploads\/2024\/02\/Orange-Bracket-1.png\" alt=\"\" class=\"wp-image-333\" style=\"width:20px;height:auto\"\/><\/figure>\n\n\n\n<div class=\"wp-block-group is-layout-constrained wp-container-core-group-is-layout-349d3797 wp-block-group-is-layout-constrained\" style=\"margin-top:var(--wp--preset--spacing--30);margin-bottom:var(--wp--preset--spacing--30);padding-left:0\">\n<div class=\"wp-block-uagb-advanced-heading uagb-block-a937895d\"><h2 class=\"uagb-heading-text\">Scholastic<\/h2><\/div>\n<\/div>\n<\/div>\n\n\n\n<p style=\"margin-top:0;margin-bottom:0;padding-right:var(--wp--preset--spacing--60);padding-left:var(--wp--preset--spacing--60)\">El Centro Lastinger de la Universidad de Florida se asoci\u00f3 con la empresa Scholastic, reconocida a nivel mundial por su labor en la edici\u00f3n de libros infantiles, la educaci\u00f3n y los medios de comunicaci\u00f3n, para obtener y distribuir libros de alta calidad, adem\u00e1s de proporcionar apoyo operativo, t\u00e9cnico y promocional al programa. M\u00e1s informaci\u00f3n en <a href=\"http:\/\/www.scholastic.com\" target=\"_blank\" rel=\"noreferrer noopener\"><strong><span style=\"text-decoration: underline;\">www.scholastic.com<\/span><\/strong><\/a>.<br><\/p>\n<\/div>\n\n\n\n<div class=\"wp-block-group has-ast-global-color-4-background-color has-background is-layout-constrained wp-block-group-is-layout-constrained\" style=\"margin-bottom:0;padding-bottom:var(--wp--preset--spacing--70)\">\n<div class=\"wp-block-group is-horizontal is-content-justification-left is-nowrap is-layout-flex wp-container-core-group-is-layout-2248d0d1 wp-block-group-is-layout-flex\" style=\"padding-top:0;padding-right:0;padding-bottom:0;padding-left:0\">\n<div class=\"wp-block-uagb-image uagb-block-43f79a7e wp-block-uagb-image--layout-default wp-block-uagb-image--effect-static wp-block-uagb-image--align-none uag-hide-mob\"><figure class=\"wp-block-uagb-image__figure\"><img decoding=\"async\" srcset=\"https:\/\/demo.newworldsreading.com\/wp-content\/uploads\/2024\/02\/Blue-Bracket-1.png ,https:\/\/demo.newworldsreading.com\/wp-content\/uploads\/2024\/02\/Blue-Bracket-1.png 780w, https:\/\/demo.newworldsreading.com\/wp-content\/uploads\/2024\/02\/Blue-Bracket-1.png 360w\" sizes=\"auto, (max-width: 480px) 150px\" src=\"https:\/\/demo.newworldsreading.com\/wp-content\/uploads\/2024\/02\/Blue-Bracket-1.png\" alt=\"bracket\" class=\"uag-image-339\" width=\"20\" height=\"70\" title=\"\" loading=\"lazy\" role=\"img\"\/><\/figure><\/div>\n\n\n\n<div class=\"wp-block-group is-layout-constrained wp-block-group-is-layout-constrained\" style=\"margin-top:var(--wp--preset--spacing--30);margin-bottom:var(--wp--preset--spacing--30)\">\n<div class=\"wp-block-uagb-advanced-heading uagb-block-f5d07f66\"><h2 class=\"uagb-heading-text\">Departamento de Educaci\u00f3n de Florida<\/h2><\/div>\n<\/div>\n<\/div>\n\n\n\n<p style=\"margin-top:0;margin-bottom:0;padding-right:var(--wp--preset--spacing--60);padding-left:var(--wp--preset--spacing--60)\">Los libros se seleccionan en colaboraci\u00f3n con el programa <strong><a href=\"https:\/\/www.fldoe.org\/academics\/standards\/just-read-fl\/nwri.stml\" target=\"_blank\" rel=\"noreferrer noopener\"><span style=\"text-decoration: underline;\">Just Read, Florida!<\/span><\/a><\/strong> del Departamento de Educaci\u00f3n de Florida Oficina de Florida.<\/p>\n<\/div>\n\n\n\n<div class=\"wp-block-group has-background is-layout-constrained wp-block-group-is-layout-constrained\" style=\"background-color:#ffffff00;margin-bottom:0;padding-bottom:var(--wp--preset--spacing--70)\">\n<div class=\"wp-block-group is-nowrap is-layout-flex wp-container-core-group-is-layout-37337bba wp-block-group-is-layout-flex\" style=\"padding-top:0;padding-right:0;padding-bottom:0;padding-left:0\">\n<figure class=\"wp-block-image size-full is-resized uag-hide-mob\"><img decoding=\"async\" src=\"https:\/\/demo.newworldsreading.com\/wp-content\/uploads\/2024\/02\/Orange-Bracket-1.png\" alt=\"\" class=\"wp-image-333\" style=\"width:20px;height:auto\"\/><\/figure>\n\n\n\n<div class=\"wp-block-group is-layout-constrained wp-block-group-is-layout-constrained\" style=\"margin-top:var(--wp--preset--spacing--30);margin-bottom:var(--wp--preset--spacing--30)\">\n<div class=\"wp-block-uagb-advanced-heading uagb-block-ff502132\"><h2 class=\"uagb-heading-text\">Extensi\u00f3n del Instituto de Ciencias Agr\u00edcolas y Alimentarias de la Universidad de Florida (UF\/IFAS)<\/h2><\/div>\n<\/div>\n<\/div>\n\n\n\n<p style=\"margin-top:0;margin-bottom:0;padding-right:var(--wp--preset--spacing--60);padding-left:var(--wp--preset--spacing--60)\"><a href=\"https:\/\/lastinger.center.ufl.edu\/lab\/books-and-cooks\/\" target=\"_blank\" rel=\"noreferrer noopener\"><strong><span style=\"text-decoration: underline;\">Books and Cooks<\/span><\/strong><\/a> es un programa de alfabetizaci\u00f3n y nutrici\u00f3n de siete semanas creado en colaboraci\u00f3n con <strong><a href=\"https:\/\/sfyl.ifas.ufl.edu\/\" target=\"_blank\" rel=\"noreferrer noopener\"><span style=\"text-decoration: underline;\">la Extensi\u00f3n UF\/IFAS.<\/span><\/a><\/strong>Las familias de New Worlds Reading de ciertos condados de Florida participan en sesiones educativas en las que se destacan diferentes libros infantiles, adem\u00e1s de demostraciones de cocina y actividades de lectura.<\/p>\n<\/div>\n\n\n\n<div class=\"wp-block-group has-ast-global-color-4-background-color has-background is-layout-constrained wp-block-group-is-layout-constrained\" style=\"margin-bottom:0;padding-bottom:var(--wp--preset--spacing--70)\">\n<div class=\"wp-block-group is-nowrap is-layout-flex wp-container-core-group-is-layout-37337bba wp-block-group-is-layout-flex\" style=\"padding-top:0;padding-right:0;padding-bottom:0;padding-left:0\">\n<div class=\"wp-block-uagb-image uagb-block-b4f3ba31 wp-block-uagb-image--layout-default wp-block-uagb-image--effect-static wp-block-uagb-image--align-none uag-hide-mob\"><figure class=\"wp-block-uagb-image__figure\"><img decoding=\"async\" srcset=\"https:\/\/demo.newworldsreading.com\/wp-content\/uploads\/2024\/02\/Blue-Bracket-1.png ,https:\/\/demo.newworldsreading.com\/wp-content\/uploads\/2024\/02\/Blue-Bracket-1.png 780w, https:\/\/demo.newworldsreading.com\/wp-content\/uploads\/2024\/02\/Blue-Bracket-1.png 360w\" sizes=\"auto, (max-width: 480px) 150px\" src=\"https:\/\/demo.newworldsreading.com\/wp-content\/uploads\/2024\/02\/Blue-Bracket-1.png\" alt=\"bracket\" class=\"uag-image-339\" width=\"20\" height=\"70\" title=\"\" loading=\"lazy\" role=\"img\"\/><\/figure><\/div>\n\n\n\n<div class=\"wp-block-group is-layout-constrained wp-block-group-is-layout-constrained\" style=\"margin-top:var(--wp--preset--spacing--30);margin-bottom:var(--wp--preset--spacing--30)\">\n<div class=\"wp-block-uagb-advanced-heading uagb-block-7f4e2d93\"><h2 class=\"uagb-heading-text\">Kibeam Learning<\/h2><\/div>\n<\/div>\n<\/div>\n\n\n\n<p style=\"margin-top:0;margin-bottom:0;padding-right:var(--wp--preset--spacing--60);padding-left:var(--wp--preset--spacing--60)\">El equipo de investigaci\u00f3n del Centro Lastinger para el Aprendizaje de la Universidad de Florida se ha asociado con Kibeam Learning para poner a prueba la varita m\u00e1gica de Kibeam <a href=\"https:\/\/lastinger.center.ufl.edu\/lab\/kibeam\/\" target=\"_blank\" rel=\"noreferrer noopener\"><strong><span style=\"text-decoration: underline;\">(Kibeam Wand\u2122)<\/span><\/strong><\/a> con un grupo de participantes en la iniciativa New Worlds Reading. Este estudio informar\u00e1 el desarrollo de programas que amplifiquen el compromiso con la lectura y aceleren el rendimiento de los lectores.<\/p>\n<\/div>\n\n\n\n<div class=\"wp-block-group is-layout-constrained wp-block-group-is-layout-constrained has-background\" style=\"padding-top:var(--wp--preset--spacing--80);padding-bottom:var(--wp--preset--spacing--80);background-image:url(&apos;https:\/\/www.newworldsreading.com\/wp-content\/uploads\/2026\/03\/Artboard-2-copy-5@2x-1-scaled.png&apos;);background-position:50% 0;background-size:700px;\">\n<h2 class=\"wp-block-heading has-text-align-center has-ast-global-color-5-color has-text-color has-link-color has-x-large-font-size wp-elements-12e971adb03f0a26ef0473483c82ead1\">\u00a1\u00danase a nuestro equipo!<\/h2>\n\n\n\n<div class=\"wp-block-uagb-advanced-heading uagb-block-940ce8c4\"><p class=\"uagb-heading-text\"><strong>Estamos siempre a la b\u00fasqueda de profesionales talentosos para que se unan a nuestro equipo.<\/strong><\/p><\/div>\n\n\n\n<div class=\"wp-block-uagb-buttons uagb-buttons__outer-wrap uagb-btn__default-btn uagb-btn-tablet__default-btn uagb-btn-mobile__default-btn uagb-block-19c29c76\"><div class=\"uagb-buttons__wrap uagb-buttons-layout-wrap\">\n<div class=\"wp-block-uagb-buttons-child uagb-buttons__outer-wrap uagb-block-630b0628 wp-block-button\"><div class=\"uagb-button__wrapper\"><a class=\"uagb-buttons-repeater wp-block-button__link\" aria-label=\"\" href=\"https:\/\/explore.jobs.ufl.edu\/en-us\/search\/?search-keyword=18300000&amp;job-mail-subscribe-privacy=agree\" rel=\"follow noopener\" target=\"_blank\" role=\"button\"><div class=\"uagb-button__link\">Ver posiciones abiertas <\/div><\/a><\/div><\/div>\n<\/div><\/div>\n<\/div>","protected":false},"excerpt":{"rendered":"<p>About Us The New Worlds Reading Initiative is Florida's free home literacy program for eligible VPK - 5th graders. New [&hellip;]<\/p>\n","protected":false},"author":5,"featured_media":0,"parent":0,"menu_order":0,"comment_status":"closed","ping_status":"closed","template":"","meta":{"_acf_changed":false,"_uag_custom_page_level_css":"","site-sidebar-layout":"default","site-content-layout":"","ast-site-content-layout":"default","site-content-style":"default","site-sidebar-style":"default","ast-global-header-display":"","ast-banner-title-visibility":"","ast-main-header-display":"","ast-hfb-above-header-display":"","ast-hfb-below-header-display":"","ast-hfb-mobile-header-display":"","site-post-title":"","ast-breadcrumbs-content":"","ast-featured-img":"","footer-sml-layout":"","ast-disable-related-posts":"","theme-transparent-header-meta":"","adv-header-id-meta":"","stick-header-meta":"","header-above-stick-meta":"","header-main-stick-meta":"","header-below-stick-meta":"","astra-migrate-meta-layouts":"default","ast-page-background-enabled":"default","ast-page-background-meta":{"desktop":{"background-color":"var(--ast-global-color-4)","background-image":"","background-repeat":"repeat","background-position":"center center","background-size":"auto","background-attachment":"scroll","background-type":"","background-media":"","overlay-type":"","overlay-color":"","overlay-opacity":"","overlay-gradient":""},"tablet":{"background-color":"","background-image":"","background-repeat":"repeat","background-position":"center center","background-size":"auto","background-attachment":"scroll","background-type":"","background-media":"","overlay-type":"","overlay-color":"","overlay-opacity":"","overlay-gradient":""},"mobile":{"background-color":"","background-image":"","background-repeat":"repeat","background-position":"center center","background-size":"auto","background-attachment":"scroll","background-type":"","background-media":"","overlay-type":"","overlay-color":"","overlay-opacity":"","overlay-gradient":""}},"ast-content-background-meta":{"desktop":{"background-color":"var(--ast-global-color-5)","background-image":"","background-repeat":"repeat","background-position":"center center","background-size":"auto","background-attachment":"scroll","background-type":"","background-media":"","overlay-type":"","overlay-color":"","overlay-opacity":"","overlay-gradient":""},"tablet":{"background-color":"var(--ast-global-color-5)","background-image":"","background-repeat":"repeat","background-position":"center center","background-size":"auto","background-attachment":"scroll","background-type":"","background-media":"","overlay-type":"","overlay-color":"","overlay-opacity":"","overlay-gradient":""},"mobile":{"background-color":"var(--ast-global-color-5)","background-image":"","background-repeat":"repeat","background-position":"center center","background-size":"auto","background-attachment":"scroll","background-type":"","background-media":"","overlay-type":"","overlay-color":"","overlay-opacity":"","overlay-gradient":""}},"footnotes":""},"class_list":["post-181","page","type-page","status-publish","hentry"],"acf":[],"uagb_featured_image_src":{"full":false,"thumbnail":false,"medium":false,"medium_large":false,"large":false,"1536x1536":false,"2048x2048":false,"trp-custom-language-flag":false},"uagb_author_info":{"display_name":"Alyssa Pearson","author_link":"https:\/\/www.newworldsreading.com\/es\/author\/alyssapearson\/"},"uagb_comment_info":0,"uagb_excerpt":"About Us The New Worlds Reading Initiative is Florida's free home literacy program for eligible VPK - 5th graders. New [&hellip;]","_links":{"self":[{"href":"https:\/\/www.newworldsreading.com\/es\/wp-json\/wp\/v2\/pages\/181","targetHints":{"allow":["GET"]}}],"collection":[{"href":"https:\/\/www.newworldsreading.com\/es\/wp-json\/wp\/v2\/pages"}],"about":[{"href":"https:\/\/www.newworldsreading.com\/es\/wp-json\/wp\/v2\/types\/page"}],"author":[{"embeddable":true,"href":"https:\/\/www.newworldsreading.com\/es\/wp-json\/wp\/v2\/users\/5"}],"replies":[{"embeddable":true,"href":"https:\/\/www.newworldsreading.com\/es\/wp-json\/wp\/v2\/comments?post=181"}],"version-history":[{"count":18,"href":"https:\/\/www.newworldsreading.com\/es\/wp-json\/wp\/v2\/pages\/181\/revisions"}],"predecessor-version":[{"id":7953,"href":"https:\/\/www.newworldsreading.com\/es\/wp-json\/wp\/v2\/pages\/181\/revisions\/7953"}],"wp:attachment":[{"href":"https:\/\/www.newworldsreading.com\/es\/wp-json\/wp\/v2\/media?parent=181"}],"curies":[{"name":"wp","href":"https:\/\/api.w.org\/{rel}","templated":true}]}}