{"id":217,"date":"2024-06-26T19:58:48","date_gmt":"2024-06-26T19:58:48","guid":{"rendered":"https:\/\/demo.newworldsreading.com\/?page_id=217"},"modified":"2026-04-02T17:47:35","modified_gmt":"2026-04-02T17:47:35","slug":"eligibility","status":"publish","type":"page","link":"https:\/\/www.newworldsreading.com\/es\/eligibility\/","title":{"rendered":"Requisitos"},"content":{"rendered":"<div class=\"wp-block-group is-layout-constrained wp-block-group-is-layout-constrained has-background\" style=\"padding-top:6rem;padding-bottom:1.2rem;background-image:url(&apos;https:\/\/demo.newworldsreading.com\/wp-content\/uploads\/2024\/05\/Eligibility-BG-Wide-3.png&apos;);background-position:50% 0%;background-repeat:no-repeat;background-size:contain;\">\n<div style=\"height:15px\" aria-hidden=\"true\" class=\"wp-block-spacer uag-hide-tab uag-hide-mob\"><\/div>\n\n\n\n<div class=\"wp-block-uagb-advanced-heading uagb-block-654f704d\"><h1 class=\"uagb-heading-text\">Requisitos<\/h1><\/div>\n\n\n\n<div class=\"wp-block-uagb-advanced-heading uagb-block-9f8e28ed\"><p class=\"uagb-heading-text\">New Worlds Reading atiende a los lectores de Florida que re\u00fanen los requisitos necesarios.<\/p><\/div>\n\n\n\n<div class=\"wp-block-group is-nowrap is-layout-flex wp-container-core-group-is-layout-ee594a42 wp-block-group-is-layout-flex\" style=\"padding-top:var(--wp--preset--spacing--60);padding-right:0;padding-bottom:0;padding-left:0\">\n<figure class=\"wp-block-image size-full is-resized uag-hide-mob\"><img decoding=\"async\" src=\"https:\/\/demo.newworldsreading.com\/wp-content\/uploads\/2024\/02\/Orange-Bracket-1.png\" alt=\"\" class=\"wp-image-333\" style=\"width:20px;height:auto\"\/><\/figure>\n\n\n\n<div class=\"wp-block-group is-layout-constrained wp-block-group-is-layout-constrained\" style=\"margin-top:var(--wp--preset--spacing--30);margin-bottom:var(--wp--preset--spacing--30);padding-top:0;padding-bottom:0\">\n<div class=\"wp-block-uagb-advanced-heading uagb-block-2c4efedb\"><h2 class=\"uagb-heading-text\">Para cumplir los requisitos, los estudiantes deben:<\/h2><\/div>\n<\/div>\n<\/div>\n\n\n\n<div class=\"wp-block-group shadow has-ast-global-color-0-color has-ast-global-color-4-background-color has-text-color has-background has-link-color wp-elements-a73fbd372e593ce1d108ff560ebee64a wp-container-content-9cfa9a5a is-layout-flow wp-block-group-is-layout-flow\" style=\"border-radius:8px;margin-top:var(--wp--preset--spacing--40);margin-bottom:var(--wp--preset--spacing--40);padding-top:var(--wp--preset--spacing--50);padding-right:var(--wp--preset--spacing--50);padding-bottom:var(--wp--preset--spacing--50);padding-left:var(--wp--preset--spacing--50)\">\n<p class=\"has-text-align-center has-ast-global-color-8-color has-text-color has-link-color has-medium-font-size wp-elements-1e77b9b768944c79c67bc55f3b50bfb0\">\u2022 Estar cursando entre VPK y 5\u00ba grado <br>\n\u2022 No cumplir a\u00fan con los est\u00e1ndares de nivel de lectura de su grado <br>\n\u2022 Asistir a programas VPK, escuelas p\u00fablicas o escuelas subvencionadas de Florida<br> <strong>No se requiere comprobante de ingresos para participar.<\/strong><\/p>\n<\/div>\n<\/div>\n\n\n\n<div class=\"wp-block-group has-ast-global-color-4-background-color has-background is-layout-constrained wp-block-group-is-layout-constrained\" style=\"margin-bottom:0;padding-bottom:var(--wp--preset--spacing--70)\">\n<div class=\"wp-block-group is-nowrap is-layout-flex wp-container-core-group-is-layout-37337bba wp-block-group-is-layout-flex\" style=\"padding-top:0;padding-right:0;padding-bottom:0;padding-left:0\">\n<div class=\"wp-block-uagb-image uagb-block-beb268c1 wp-block-uagb-image--layout-default wp-block-uagb-image--effect-static wp-block-uagb-image--align-none uag-hide-mob wp-container-content-1ac3d91d\"><figure class=\"wp-block-uagb-image__figure\"><img decoding=\"async\" srcset=\"https:\/\/demo.newworldsreading.com\/wp-content\/uploads\/2024\/02\/Blue-Bracket-1.png ,https:\/\/demo.newworldsreading.com\/wp-content\/uploads\/2024\/02\/Blue-Bracket-1.png 780w, https:\/\/demo.newworldsreading.com\/wp-content\/uploads\/2024\/02\/Blue-Bracket-1.png 360w\" sizes=\"auto, (max-width: 480px) 150px\" src=\"https:\/\/demo.newworldsreading.com\/wp-content\/uploads\/2024\/02\/Blue-Bracket-1.png\" alt=\"\" class=\"uag-image-339\" width=\"20\" height=\"70\" title=\"\" loading=\"lazy\" role=\"img\"\/><\/figure><\/div>\n\n\n\n<div class=\"wp-block-group is-layout-constrained wp-container-core-group-is-layout-8ac2c257 wp-block-group-is-layout-constrained\" style=\"margin-top:var(--wp--preset--spacing--30);margin-bottom:var(--wp--preset--spacing--30);padding-top:0;padding-right:0;padding-bottom:0;padding-left:0\">\n<div class=\"wp-block-uagb-advanced-heading uagb-block-9a1ea6f3\"><h2 class=\"uagb-heading-text\">\u00bfC\u00f3mo puedo saber si mi ni\u00f1o\/a a\u00fan no est\u00e1 progresando adecuadamente seg\u00fan su edad o todav\u00eda no lee al nivel de grado?<\/h2><\/div>\n<\/div>\n<\/div>\n\n\n\n<ul style=\"padding-left:var(--wp--preset--spacing--60)\" class=\"wp-block-list\">\n<li><strong>Los estudiantes de VPK no leen al nivel de su grado si:<\/strong>\n<ul class=\"wp-block-list\">\n<li>obtienen una puntuaci\u00f3n por debajo del percentil 40 en la prueba de Alfabetizaci\u00f3n Temprana\/Lectura FAST Star, o<\/li>\n\n\n\n<li>est\u00e1n exentos de realizar la prueba de Alfabetizaci\u00f3n\nTemprana\/Lectura FAST Star.<\/li>\n<\/ul>\n<\/li>\n\n\n\n<li style=\"padding-top:var(--wp--preset--spacing--30);padding-bottom:var(--wp--preset--spacing--30);line-height:1.5\"><strong>Los estudiantes de kindergarten al 2\u00ba grado no leen al nivel de su grado si:<\/strong> \n<ul class=\"wp-block-list\">\n<li style=\"padding-top:0;padding-bottom:0;line-height:1.5\">obtienen una puntuaci\u00f3n por debajo del percentil 40 en las pruebas de Alfabetizaci\u00f3n Temprana\/Lectura FAST Star,<\/li>\n\n\n\n<li style=\"padding-top:0;padding-bottom:0;line-height:1.5\">est\u00e1n exentos de las pruebas de Alfabetizaci\u00f3n Temprana\/Lectura FAST Star, o<\/li>\n\n\n\n<li style=\"padding-top:0;padding-bottom:0;line-height:1.5\">or they receive Tier 2 or Tier 3 Reading Intervention Support (as reported by districts in Survey 2 and Survey 3).<\/li>\n<\/ul>\n<\/li>\n\n\n\n<li style=\"line-height:1.5\"><strong>Los alumnos de 3\u00ba a 5\u00ba grado no leen al nivel de su grado si:<\/strong>\n<ul class=\"wp-block-list\">\n<li style=\"line-height:1.5\">obtienen una puntuaci\u00f3n por debajo del nivel 3 en las\nevaluaciones FAST,<\/li>\n\n\n\n<li style=\"line-height:1.5\">toman las evaluaciones FAA en lugar de FAST, o<\/li>\n\n\n\n<li style=\"line-height:1.5\">reciben Apoyo de Intervenci\u00f3n en Lectura de nivel 2 o 3 (seg\u00fan informaci\u00f3n de los distritos en la Encuesta 2 y la Encuesta 3).<\/li>\n<\/ul>\n<\/li>\n<\/ul>\n<\/div>\n\n\n\n<div class=\"wp-block-group has-ast-global-color-3-background-color has-background is-layout-constrained wp-block-group-is-layout-constrained\" style=\"margin-bottom:0;padding-bottom:var(--wp--preset--spacing--70)\">\n<div class=\"wp-block-group is-nowrap is-layout-flex wp-container-core-group-is-layout-37337bba wp-block-group-is-layout-flex\" style=\"padding-top:0;padding-right:0;padding-bottom:0;padding-left:0\">\n<div class=\"wp-block-uagb-image uagb-block-22d2c5c2 wp-block-uagb-image--layout-default wp-block-uagb-image--effect-static wp-block-uagb-image--align-none uag-hide-mob wp-container-content-1ac3d91d\"><figure class=\"wp-block-uagb-image__figure\"><img decoding=\"async\" srcset=\"https:\/\/www.newworldsreading.com\/wp-content\/uploads\/2025\/04\/White-Bracket.png ,https:\/\/www.newworldsreading.com\/wp-content\/uploads\/2025\/04\/White-Bracket.png 780w, https:\/\/www.newworldsreading.com\/wp-content\/uploads\/2025\/04\/White-Bracket.png 360w\" sizes=\"auto, (max-width: 480px) 150px\" src=\"https:\/\/www.newworldsreading.com\/wp-content\/uploads\/2025\/04\/White-Bracket.png\" alt=\"\" class=\"uag-image-5391\" width=\"20\" height=\"70\" title=\"White Bracket\" loading=\"lazy\" role=\"img\"\/><\/figure><\/div>\n\n\n\n<div class=\"wp-block-group is-layout-constrained wp-container-core-group-is-layout-8ac2c257 wp-block-group-is-layout-constrained\" style=\"margin-top:var(--wp--preset--spacing--30);margin-bottom:var(--wp--preset--spacing--30);padding-top:0;padding-right:0;padding-bottom:0;padding-left:0\">\n<div class=\"wp-block-uagb-advanced-heading uagb-block-8f2a232b\"><h2 class=\"uagb-heading-text\">\u00a1Aunque su hijo\/a no sea elegible en este momento, igual env\u00ede su solicitud!<\/h2><\/div>\n<\/div>\n<\/div>\n\n\n\n<p class=\"has-ast-global-color-5-color has-text-color has-link-color wp-elements-9e14afa374a142db3c21a08150021302\" style=\"padding-right:var(--wp--preset--spacing--60);padding-left:var(--wp--preset--spacing--60)\">Guardaremos su solicitud en nuestro sistema y la revisaremos cada vez que recibamos nuevos datos del estado. Si un ni\u00f1o o ni\u00f1a que actualmente no es elegible pasa a serlo en el futuro, \u00a1comenzar\u00e1 a recibir libros y actividades autom\u00e1ticamente!<\/p>\n<\/div>\n\n\n\n<div class=\"wp-block-group has-background is-layout-constrained wp-block-group-is-layout-constrained\" style=\"background-color:#ffffff00;margin-bottom:0;padding-bottom:var(--wp--preset--spacing--70)\">\n<div class=\"wp-block-group is-nowrap is-layout-flex wp-container-core-group-is-layout-ad5c7e16 wp-block-group-is-layout-flex\" style=\"margin-top:0;margin-bottom:0;padding-top:0;padding-right:0;padding-bottom:0;padding-left:0\">\n<figure class=\"wp-block-image size-full is-resized uag-hide-mob\"><img decoding=\"async\" src=\"https:\/\/demo.newworldsreading.com\/wp-content\/uploads\/2024\/02\/Orange-Bracket-1.png\" alt=\"\" class=\"wp-image-333\" style=\"width:20px\"\/><\/figure>\n\n\n\n<div class=\"wp-block-group is-layout-constrained wp-block-group-is-layout-constrained\" style=\"margin-top:var(--wp--preset--spacing--30);margin-bottom:var(--wp--preset--spacing--30);padding-top:0;padding-bottom:0\">\n<div class=\"wp-block-uagb-advanced-heading uagb-block-9e717ccc\"><h2 class=\"uagb-heading-text\">Proceso de verificaci\u00f3n de los requisitos<\/h2><\/div>\n<\/div>\n<\/div>\n\n\n\n<div class=\"wp-block-uagb-advanced-heading uagb-block-ce7cf3c1\"><h3 class=\"uagb-heading-text\">Este proceso puede durar varios meses. \u00a1Gracias por sus paciencia!<\/h3><\/div>\n\n\n\n<p style=\"margin-top:var(--wp--preset--spacing--20);margin-bottom:var(--wp--preset--spacing--40);padding-right:var(--wp--preset--spacing--60);padding-left:var(--wp--preset--spacing--60)\">Despu\u00e9s de que env\u00ede la solicitud, nuestro equipo la comparar\u00e1 con los registros educativos de su ni\u00f1o\/a para confirmar si cumple con los requisitos. Este proceso puede tardar varios meses. <\/p>\n\n\n\n<div class=\"wp-block-group is-layout-constrained wp-container-core-group-is-layout-fff56076 wp-block-group-is-layout-constrained\"><div class=\"wp-block-uagb-faq uagb-faq__outer-wrap uagb-block-573a2401 uagb-faq-icon-row uagb-faq-layout-accordion uagb-faq-expand-first-false uagb-faq-inactive-other-true uagb-faq__wrap uagb-buttons-layout-wrap uagb-faq-equal-height     x\" data-faqtoggle=\"true\" role=\"tablist\"><div class=\"wp-block-uagb-faq-child uagb-faq-child__outer-wrap uagb-faq-item uagb-block-d974a1e7 shadow\" role=\"tab\" tabindex=\"0\"><div class=\"uagb-faq-questions-button uagb-faq-questions\">\t\t\t<span class=\"uagb-icon uagb-faq-icon-wrap\">\n\t\t\t\t\t\t\t\t<svg xmlns=\"https:\/\/www.w3.org\/2000\/svg\" viewbox= \"0 0 320 512\"><path d=\"M96 480c-8.188 0-16.38-3.125-22.62-9.375c-12.5-12.5-12.5-32.75 0-45.25L242.8 256L73.38 86.63c-12.5-12.5-12.5-32.75 0-45.25s32.75-12.5 45.25 0l192 192c12.5 12.5 12.5 32.75 0 45.25l-192 192C112.4 476.9 104.2 480 96 480z\"><\/path><\/svg>\n\t\t\t\t\t\t\t<\/span>\n\t\t\t\t\t\t<span class=\"uagb-icon-active uagb-faq-icon-wrap\">\n\t\t\t\t\t\t\t\t<svg xmlns=\"https:\/\/www.w3.org\/2000\/svg\" viewbox= \"0 0 448 512\"><path d=\"M224 416c-8.188 0-16.38-3.125-22.62-9.375l-192-192c-12.5-12.5-12.5-32.75 0-45.25s32.75-12.5 45.25 0L224 338.8l169.4-169.4c12.5-12.5 32.75-12.5 45.25 0s12.5 32.75 0 45.25l-192 192C240.4 412.9 232.2 416 224 416z\"><\/path><\/svg>\n\t\t\t\t\t\t\t<\/span>\n\t\t\t<h4 class=\"uagb-question\"><strong>Estudiante de VPK\/Kinder sin datos de ex\u00e1menes disponibles<\/strong><\/h4><\/div><div class=\"uagb-faq-content\"><p>Si usted es el cuidador de un estudiante entrante de VPK o Kindergarten que a\u00fan no dispone de los datos de las pruebas, \u00a1puede solicitar su inscripci\u00f3n temprano! Habr\u00e1 un periodo de espera hasta que recibamos los datos de sus estudiantes.<\/p><\/div><\/div><div class=\"wp-block-uagb-faq-child uagb-faq-child__outer-wrap uagb-faq-item uagb-block-51d88b00 shadow\" role=\"tab\" tabindex=\"0\"><div class=\"uagb-faq-questions-button uagb-faq-questions\">\t\t\t<span class=\"uagb-icon uagb-faq-icon-wrap\">\n\t\t\t\t\t\t\t\t<svg xmlns=\"https:\/\/www.w3.org\/2000\/svg\" viewbox= \"0 0 320 512\"><path d=\"M96 480c-8.188 0-16.38-3.125-22.62-9.375c-12.5-12.5-12.5-32.75 0-45.25L242.8 256L73.38 86.63c-12.5-12.5-12.5-32.75 0-45.25s32.75-12.5 45.25 0l192 192c12.5 12.5 12.5 32.75 0 45.25l-192 192C112.4 476.9 104.2 480 96 480z\"><\/path><\/svg>\n\t\t\t\t\t\t\t<\/span>\n\t\t\t\t\t\t<span class=\"uagb-icon-active uagb-faq-icon-wrap\">\n\t\t\t\t\t\t\t\t<svg xmlns=\"https:\/\/www.w3.org\/2000\/svg\" viewbox= \"0 0 448 512\"><path d=\"M224 416c-8.188 0-16.38-3.125-22.62-9.375l-192-192c-12.5-12.5-12.5-32.75 0-45.25s32.75-12.5 45.25 0L224 338.8l169.4-169.4c12.5-12.5 32.75-12.5 45.25 0s12.5 32.75 0 45.25l-192 192C240.4 412.9 232.2 416 224 416z\"><\/path><\/svg>\n\t\t\t\t\t\t\t<\/span>\n\t\t\t<h4 class=\"uagb-question\"><strong>Evitando retrasos en inscripci\u00f3n con la informaci\u00f3n adecuada<\/strong><\/h4><\/div><div class=\"uagb-faq-content\"><p>Para evitar retrasos en la inscripci\u00f3n, las solicitudes deben incluir el nombre legal completo del estudiante (sin apodos ni abreviaturas), la fecha de nacimiento, el curso, el distrito y la escuela.<\/p><\/div><\/div><div class=\"wp-block-uagb-faq-child uagb-faq-child__outer-wrap uagb-faq-item uagb-block-1c3c6d3e shadow\" role=\"tab\" tabindex=\"0\"><div class=\"uagb-faq-questions-button uagb-faq-questions\">\t\t\t<span class=\"uagb-icon uagb-faq-icon-wrap\">\n\t\t\t\t\t\t\t\t<svg xmlns=\"https:\/\/www.w3.org\/2000\/svg\" viewbox= \"0 0 320 512\"><path d=\"M96 480c-8.188 0-16.38-3.125-22.62-9.375c-12.5-12.5-12.5-32.75 0-45.25L242.8 256L73.38 86.63c-12.5-12.5-12.5-32.75 0-45.25s32.75-12.5 45.25 0l192 192c12.5 12.5 12.5 32.75 0 45.25l-192 192C112.4 476.9 104.2 480 96 480z\"><\/path><\/svg>\n\t\t\t\t\t\t\t<\/span>\n\t\t\t\t\t\t<span class=\"uagb-icon-active uagb-faq-icon-wrap\">\n\t\t\t\t\t\t\t\t<svg xmlns=\"https:\/\/www.w3.org\/2000\/svg\" viewbox= \"0 0 448 512\"><path d=\"M224 416c-8.188 0-16.38-3.125-22.62-9.375l-192-192c-12.5-12.5-12.5-32.75 0-45.25s32.75-12.5 45.25 0L224 338.8l169.4-169.4c12.5-12.5 32.75-12.5 45.25 0s12.5 32.75 0 45.25l-192 192C240.4 412.9 232.2 416 224 416z\"><\/path><\/svg>\n\t\t\t\t\t\t\t<\/span>\n\t\t\t<h4 class=\"uagb-question\"><strong><strong>No se puede confirmar la elegibilidad a pesar de cumplir con los criterios<\/strong><\/strong><\/h4><\/div><div class=\"uagb-faq-content\"><p>Si recibe un correo electr\u00f3nico diciendo que a\u00fan no podemos confirmar la elegibilidad de su ni\u00f1o\/a, pero \u00e9ste cumple todos los criterios de elegibilidad necesarios, es posible que a\u00fan no hayamos recibido sus datos. <strong>Por favor, \u00a1no nos env\u00ede ning\u00fan registro por su cuenta!<\/strong> Debido a los requisitos de privacidad de los estudiantes, s\u00f3lo podemos recibir registros de estudiantes por parte del estado.<\/p><\/div><\/div><div class=\"wp-block-uagb-faq-child uagb-faq-child__outer-wrap uagb-faq-item uagb-block-f9dd43b2 shadow\" role=\"tab\" tabindex=\"0\"><div class=\"uagb-faq-questions-button uagb-faq-questions\">\t\t\t<span class=\"uagb-icon uagb-faq-icon-wrap\">\n\t\t\t\t\t\t\t\t<svg xmlns=\"https:\/\/www.w3.org\/2000\/svg\" viewbox= \"0 0 320 512\"><path d=\"M96 480c-8.188 0-16.38-3.125-22.62-9.375c-12.5-12.5-12.5-32.75 0-45.25L242.8 256L73.38 86.63c-12.5-12.5-12.5-32.75 0-45.25s32.75-12.5 45.25 0l192 192c12.5 12.5 12.5 32.75 0 45.25l-192 192C112.4 476.9 104.2 480 96 480z\"><\/path><\/svg>\n\t\t\t\t\t\t\t<\/span>\n\t\t\t\t\t\t<span class=\"uagb-icon-active uagb-faq-icon-wrap\">\n\t\t\t\t\t\t\t\t<svg xmlns=\"https:\/\/www.w3.org\/2000\/svg\" viewbox= \"0 0 448 512\"><path d=\"M224 416c-8.188 0-16.38-3.125-22.62-9.375l-192-192c-12.5-12.5-12.5-32.75 0-45.25s32.75-12.5 45.25 0L224 338.8l169.4-169.4c12.5-12.5 32.75-12.5 45.25 0s12.5 32.75 0 45.25l-192 192C240.4 412.9 232.2 416 224 416z\"><\/path><\/svg>\n\t\t\t\t\t\t\t<\/span>\n\t\t\t<h4 class=\"uagb-question\"><strong>Esperando la confirmaci\u00f3n de elegibilidad<\/strong><\/h4><\/div><div class=\"uagb-faq-content\"><p class=\"translation-block\">Mientras espera a que se confirme si su ni\u00f1o\/a cumple con los requisitos, puede consultar <strong><a href=\"\/es\/family-resources\" target=\"_self\"> nuestros recursos gratuitos para todas las familias<\/a><\/strong>. Si confirmamos que su ni\u00f1o\/a cumple los requisitos, \u00a1recibir\u00e1 los 9 libros y actividades de ese a\u00f1o!<\/p><\/div><\/div><\/div><\/div>\n<\/div>\n\n\n\n<div class=\"wp-block-group has-ast-global-color-4-background-color has-background is-layout-constrained wp-block-group-is-layout-constrained\" style=\"margin-bottom:0;padding-bottom:var(--wp--preset--spacing--70)\">\n<div class=\"wp-block-group is-nowrap is-layout-flex wp-container-core-group-is-layout-37337bba wp-block-group-is-layout-flex\" style=\"padding-top:0;padding-right:0;padding-bottom:0;padding-left:0\">\n<div class=\"wp-block-uagb-image uagb-block-b06ee5d3 wp-block-uagb-image--layout-default wp-block-uagb-image--effect-static wp-block-uagb-image--align-none uag-hide-mob wp-container-content-1ac3d91d\"><figure class=\"wp-block-uagb-image__figure\"><img decoding=\"async\" srcset=\"https:\/\/demo.newworldsreading.com\/wp-content\/uploads\/2024\/02\/Blue-Bracket-1.png ,https:\/\/demo.newworldsreading.com\/wp-content\/uploads\/2024\/02\/Blue-Bracket-1.png 780w, https:\/\/demo.newworldsreading.com\/wp-content\/uploads\/2024\/02\/Blue-Bracket-1.png 360w\" sizes=\"auto, (max-width: 480px) 150px\" src=\"https:\/\/demo.newworldsreading.com\/wp-content\/uploads\/2024\/02\/Blue-Bracket-1.png\" alt=\"\" class=\"uag-image-339\" width=\"20\" height=\"70\" title=\"\" loading=\"lazy\" role=\"img\"\/><\/figure><\/div>\n\n\n\n<div class=\"wp-block-group is-layout-constrained wp-block-group-is-layout-constrained\" style=\"margin-top:var(--wp--preset--spacing--30);margin-bottom:var(--wp--preset--spacing--30);padding-top:0;padding-bottom:0\">\n<div class=\"wp-block-uagb-advanced-heading uagb-block-20acd3df\"><h2 class=\"uagb-heading-text\">Una vez completada la inscripci\u00f3n, \u00a1continuar\u00e1 disfrutando del programa hasta quinto grado!<\/h2><\/div>\n<\/div>\n<\/div>\n\n\n\n<div class=\"wp-block-uagb-advanced-heading uagb-block-55c71601\"><h3 class=\"uagb-heading-text\">No tendr\u00e1 que volver a solicitar la inscripci\u00f3n.<\/h3><\/div>\n\n\n\n<p style=\"margin-top:var(--wp--preset--spacing--40);margin-bottom:var(--wp--preset--spacing--40);padding-right:var(--wp--preset--spacing--60);padding-left:var(--wp--preset--spacing--60)\">Una vez que un estudiante cumple los requisitos y est\u00e1 inscrito en el programa, permanecer\u00e1 inscrito hasta quinto curso, incluso si mejoran sus resultados en lectura. No es necesario que vuelva a solicitar la inscripci\u00f3n cada a\u00f1o.<\/p>\n\n\n\n<p style=\"margin-top:var(--wp--preset--spacing--40);margin-bottom:var(--wp--preset--spacing--40);padding-right:var(--wp--preset--spacing--60);padding-left:var(--wp--preset--spacing--60)\">Adem\u00e1s, si solicita ayuda para un ni\u00f1o\/a que no re\u00fane los requisitos, tenemos buenas noticias: <strong>Si cumple los requisitos en cualquier momento antes de graduarse de quinto grado, se le notificar\u00e1 y comenzar\u00e1 a recibir los libros autom\u00e1ticamente.<\/strong><\/p>\n\n\n\n<p style=\"margin-top:var(--wp--preset--spacing--40);margin-bottom:var(--wp--preset--spacing--40);padding-right:var(--wp--preset--spacing--60);padding-left:var(--wp--preset--spacing--60)\">Las familias ser\u00e1n dadas de baja del programa si se mudan fuera de Florida, y los cuidadores pueden optar por dar de baja a un estudiante enviando un correo electr\u00f3nico a <strong><a href=\"mailto:supportspanish@newworldsreading.com\"><span style=\"text-decoration: underline;\">supportspanish@newworldsreading.com<\/span><\/a><\/strong>.<\/p>\n<\/div>\n\n\n\n<div class=\"wp-block-group is-layout-constrained wp-block-group-is-layout-constrained has-background\" style=\"padding-top:var(--wp--preset--spacing--80);padding-bottom:var(--wp--preset--spacing--80);background-image:url(&apos;https:\/\/www.newworldsreading.com\/wp-content\/uploads\/2026\/03\/Artboard-2-copy-5@2x-1-scaled.png&apos;);background-position:50% 0;background-size:700px;\">\n<h2 class=\"wp-block-heading has-text-align-center has-ast-global-color-5-color has-text-color has-link-color has-x-large-font-size wp-elements-5cc3839f7d74db61767ce68bb6230a86\"><strong>\u00bfListo para inscribirse?<\/strong><\/h2>\n\n\n\n<div class=\"wp-block-uagb-advanced-heading uagb-block-940ce8c4\"><p class=\"uagb-heading-text\"><strong>\u00a1Inscriba a cada estudiante elegible para comenzar a recibir libros en su hogar!<\/strong><\/p><\/div>\n\n\n\n<div class=\"wp-block-uagb-buttons uagb-buttons__outer-wrap uagb-btn__default-btn uagb-btn-tablet__default-btn uagb-btn-mobile__default-btn uagb-block-19c29c76\"><div class=\"uagb-buttons__wrap uagb-buttons-layout-wrap\">\n<div class=\"wp-block-uagb-buttons-child uagb-buttons__outer-wrap uagb-block-630b0628 wp-block-button\"><div class=\"uagb-button__wrapper\"><a class=\"uagb-buttons-repeater wp-block-button__link\" aria-label=\"\" href=\"\/es\/enrollment\/\" rel=\"follow noopener\" target=\"_self\" role=\"button\"><div class=\"uagb-button__link\"><strong>Aplica<\/strong><\/div><\/a><\/div><\/div>\n<\/div><\/div>\n<\/div>","protected":false},"excerpt":{"rendered":"<p>Eligibility New Worlds Reading serves Florida's eligible striving readers. To be eligible, students must be: VPK - 5th graders who [&hellip;]<\/p>\n","protected":false},"author":5,"featured_media":0,"parent":0,"menu_order":0,"comment_status":"closed","ping_status":"closed","template":"","meta":{"_acf_changed":false,"_uag_custom_page_level_css":"","site-sidebar-layout":"default","site-content-layout":"","ast-site-content-layout":"default","site-content-style":"default","site-sidebar-style":"default","ast-global-header-display":"","ast-banner-title-visibility":"","ast-main-header-display":"","ast-hfb-above-header-display":"","ast-hfb-below-header-display":"","ast-hfb-mobile-header-display":"","site-post-title":"","ast-breadcrumbs-content":"","ast-featured-img":"","footer-sml-layout":"","ast-disable-related-posts":"","theme-transparent-header-meta":"","adv-header-id-meta":"","stick-header-meta":"","header-above-stick-meta":"","header-main-stick-meta":"","header-below-stick-meta":"","astra-migrate-meta-layouts":"default","ast-page-background-enabled":"default","ast-page-background-meta":{"desktop":{"background-color":"var(--ast-global-color-4)","background-image":"","background-repeat":"repeat","background-position":"center center","background-size":"auto","background-attachment":"scroll","background-type":"","background-media":"","overlay-type":"","overlay-color":"","overlay-opacity":"","overlay-gradient":""},"tablet":{"background-color":"","background-image":"","background-repeat":"repeat","background-position":"center center","background-size":"auto","background-attachment":"scroll","background-type":"","background-media":"","overlay-type":"","overlay-color":"","overlay-opacity":"","overlay-gradient":""},"mobile":{"background-color":"","background-image":"","background-repeat":"repeat","background-position":"center center","background-size":"auto","background-attachment":"scroll","background-type":"","background-media":"","overlay-type":"","overlay-color":"","overlay-opacity":"","overlay-gradient":""}},"ast-content-background-meta":{"desktop":{"background-color":"var(--ast-global-color-5)","background-image":"","background-repeat":"repeat","background-position":"center center","background-size":"auto","background-attachment":"scroll","background-type":"","background-media":"","overlay-type":"","overlay-color":"","overlay-opacity":"","overlay-gradient":""},"tablet":{"background-color":"var(--ast-global-color-5)","background-image":"","background-repeat":"repeat","background-position":"center center","background-size":"auto","background-attachment":"scroll","background-type":"","background-media":"","overlay-type":"","overlay-color":"","overlay-opacity":"","overlay-gradient":""},"mobile":{"background-color":"var(--ast-global-color-5)","background-image":"","background-repeat":"repeat","background-position":"center center","background-size":"auto","background-attachment":"scroll","background-type":"","background-media":"","overlay-type":"","overlay-color":"","overlay-opacity":"","overlay-gradient":""}},"footnotes":""},"class_list":["post-217","page","type-page","status-publish","hentry"],"acf":[],"uagb_featured_image_src":{"full":false,"thumbnail":false,"medium":false,"medium_large":false,"large":false,"1536x1536":false,"2048x2048":false,"trp-custom-language-flag":false},"uagb_author_info":{"display_name":"Alyssa Pearson","author_link":"https:\/\/www.newworldsreading.com\/es\/author\/alyssapearson\/"},"uagb_comment_info":0,"uagb_excerpt":"Eligibility New Worlds Reading serves Florida's eligible striving readers. To be eligible, students must be: VPK - 5th graders who [&hellip;]","_links":{"self":[{"href":"https:\/\/www.newworldsreading.com\/es\/wp-json\/wp\/v2\/pages\/217","targetHints":{"allow":["GET"]}}],"collection":[{"href":"https:\/\/www.newworldsreading.com\/es\/wp-json\/wp\/v2\/pages"}],"about":[{"href":"https:\/\/www.newworldsreading.com\/es\/wp-json\/wp\/v2\/types\/page"}],"author":[{"embeddable":true,"href":"https:\/\/www.newworldsreading.com\/es\/wp-json\/wp\/v2\/users\/5"}],"replies":[{"embeddable":true,"href":"https:\/\/www.newworldsreading.com\/es\/wp-json\/wp\/v2\/comments?post=217"}],"version-history":[{"count":30,"href":"https:\/\/www.newworldsreading.com\/es\/wp-json\/wp\/v2\/pages\/217\/revisions"}],"predecessor-version":[{"id":8013,"href":"https:\/\/www.newworldsreading.com\/es\/wp-json\/wp\/v2\/pages\/217\/revisions\/8013"}],"wp:attachment":[{"href":"https:\/\/www.newworldsreading.com\/es\/wp-json\/wp\/v2\/media?parent=217"}],"curies":[{"name":"wp","href":"https:\/\/api.w.org\/{rel}","templated":true}]}}