{"id":43,"date":"2024-06-26T17:23:59","date_gmt":"2024-06-26T17:23:59","guid":{"rendered":"https:\/\/demo.newworldsreading.com\/?page_id=43"},"modified":"2026-04-03T18:10:00","modified_gmt":"2026-04-03T18:10:00","slug":"home","status":"publish","type":"page","link":"https:\/\/www.newworldsreading.com\/es\/","title":{"rendered":"Home"},"content":{"rendered":"<div class=\"wp-block-cover alignfull is-light has-ast-global-color-5-color has-text-color has-link-color wp-elements-fc52b6122bb5d7d45c1031b9a4ba105a\" style=\"min-height:32em;aspect-ratio:unset;\"><video class=\"wp-block-cover__video-background intrinsic-ignore\" autoplay muted loop playsinline src=\"https:\/\/demo.newworldsreading.com\/wp-content\/uploads\/2024\/06\/NWRI_SiteReel_FX_LOOP.mp4\" style=\"object-position:50% 50%\" data-object-fit=\"cover\" data-object-position=\"50% 50%\"><\/video><span aria-hidden=\"true\" class=\"wp-block-cover__background has-ast-global-color-0-background-color has-background-dim-0 has-background-dim\"><\/span><div class=\"wp-block-cover__inner-container is-layout-flow wp-block-cover-is-layout-flow\">\n<div class=\"wp-block-uagb-advanced-heading uagb-block-e5210393\"><h1 class=\"uagb-heading-text\">\u00a1Bienvenidos a<br>New Worlds Reading!<\/h1><\/div>\n\n\n\n<p class=\"has-text-align-center has-ast-global-color-5-color has-text-color\" style=\"margin-top:var(--wp--preset--spacing--40);margin-right:var(--wp--preset--spacing--60);margin-bottom:var(--wp--preset--spacing--40);margin-left:var(--wp--preset--spacing--60);padding-right:0;padding-left:0;font-size:1.2em;line-height:1.4\">El programa de lectura, New Worlds Reading, se esfuerza en mejorar la alfabetizaci\u00f3n en los estudiantes de Florida al brindarles a familias las herramientas para leer y crecer en casa.<\/p>\n<\/div><\/div>\n\n\n\n<div class=\"wp-block-group is-layout-constrained wp-container-core-group-is-layout-c5bbea69 wp-block-group-is-layout-constrained\">\n<div class=\"wp-block-group is-nowrap is-layout-flex wp-container-core-group-is-layout-b949e4a2 wp-block-group-is-layout-flex\" style=\"padding-top:0;padding-bottom:0\">\n<div class=\"wp-block-uagb-image uagb-block-8bcbd588 wp-block-uagb-image--layout-default wp-block-uagb-image--effect-static wp-block-uagb-image--align-none uag-hide-mob\"><figure class=\"wp-block-uagb-image__figure\"><img decoding=\"async\" srcset=\"https:\/\/demo.newworldsreading.com\/wp-content\/uploads\/2024\/02\/Orange-Bracket-3.png ,https:\/\/demo.newworldsreading.com\/wp-content\/uploads\/2024\/02\/Orange-Bracket-3.png 780w, https:\/\/demo.newworldsreading.com\/wp-content\/uploads\/2024\/02\/Orange-Bracket-3.png 360w\" sizes=\"auto, (max-width: 480px) 150px\" src=\"https:\/\/demo.newworldsreading.com\/wp-content\/uploads\/2024\/02\/Orange-Bracket-3.png\" alt=\"bracket\" class=\"uag-image-365\" width=\"26\" height=\"77\" title=\"Orange-Bracket-3\" loading=\"lazy\" role=\"img\"\/><\/figure><\/div>\n\n\n\n<div class=\"wp-block-group is-layout-constrained wp-block-group-is-layout-constrained\" style=\"margin-top:var(--wp--preset--spacing--30);margin-bottom:var(--wp--preset--spacing--30)\">\n<div class=\"wp-block-uagb-advanced-heading uagb-block-40142f99\"><h2 class=\"uagb-heading-text\"><strong><strong><strong>Desarrolle las habilidades de lectura de su ni\u00f1o\/a.<\/strong><\/strong><\/strong><\/h2><\/div>\n<\/div>\n<\/div>\n\n\n\n<div class=\"wp-block-uagb-advanced-heading uagb-block-d0de259e\"><p class=\"uagb-heading-text\">Los libros y las actividades de New Worlds Reading ayudan a los estudiantes a reforzar sus habilidades de lectoescritura, a adquirir confianza en la lectura y a cultivar un amor por la lectura que dure toda la vida.<\/p><\/div>\n\n\n\n<div class=\"wp-block-columns is-layout-flex wp-container-core-columns-is-layout-f0342b05 wp-block-columns-is-layout-flex\" style=\"margin-top:0;margin-bottom:0\">\n<div class=\"wp-block-column is-layout-flow wp-container-core-column-is-layout-119bc444 wp-block-column-is-layout-flow\">\n<figure class=\"wp-block-image aligncenter size-full is-resized\"><img decoding=\"async\" src=\"https:\/\/demo.newworldsreading.com\/wp-content\/uploads\/2024\/02\/Confidence-Icon.png\" alt=\"Favorite award icon\" class=\"wp-image-193\" style=\"width:auto;height:100px\"\/><\/figure>\n\n\n\n<p class=\"has-text-align-center\">Reciba a su domicilio libros infantiles para fomentar el amor por la lectura durante toda la vida.<\/p>\n<\/div>\n\n\n\n<div class=\"wp-block-column is-layout-flow wp-container-core-column-is-layout-119bc444 wp-block-column-is-layout-flow\">\n<figure class=\"wp-block-image aligncenter size-full is-resized\"><img decoding=\"async\" src=\"https:\/\/demo.newworldsreading.com\/wp-content\/uploads\/2024\/02\/Reading-Skills-Icon.png\" alt=\"reading scholar icon\" class=\"wp-image-195\" style=\"width:auto;height:100px\"\/><\/figure>\n\n\n\n<p class=\"has-text-align-center\">Aumente la confianza en la lectura con divertidas y pr\u00e1cticas actividades de apoyo.<\/p>\n<\/div>\n\n\n\n<div class=\"wp-block-column is-layout-flow wp-container-core-column-is-layout-119bc444 wp-block-column-is-layout-flow\">\n<figure class=\"wp-block-image aligncenter size-full is-resized\"><img decoding=\"async\" src=\"https:\/\/demo.newworldsreading.com\/wp-content\/uploads\/2024\/02\/Bookshelf-Icon.png\" alt=\"bookshelf icon\" class=\"wp-image-196\" style=\"width:auto;height:100px\"\/><\/figure>\n\n\n\n<p class=\"has-text-align-center\">\u00a1Cree una biblioteca personalizada en casa con hasta 63 libros gratuitos para cuando su ni\u00f1o\/a se grad\u00fae de 5\u00ba grado!<\/p>\n<\/div>\n<\/div>\n<\/div>\n\n\n\n<div class=\"wp-block-group has-ast-global-color-4-background-color has-background is-layout-constrained wp-block-group-is-layout-constrained\" style=\"padding-top:var(--wp--preset--spacing--70);padding-bottom:var(--wp--preset--spacing--60)\">\n<div class=\"wp-block-group is-nowrap is-layout-flex wp-container-core-group-is-layout-f66f9956 wp-block-group-is-layout-flex\">\n<figure class=\"wp-block-image size-full is-resized is-style-default uag-hide-mob\"><img decoding=\"async\" src=\"https:\/\/demo.newworldsreading.com\/wp-content\/uploads\/2024\/02\/Blue-Bracket-1.png\" alt=\"NWR Bracket\" class=\"wp-image-339\" style=\"object-fit:cover;width:20px;height:70px\"\/><\/figure>\n\n\n\n<div class=\"wp-block-group is-layout-constrained wp-block-group-is-layout-constrained\" style=\"margin-top:var(--wp--preset--spacing--30);margin-bottom:var(--wp--preset--spacing--30)\">\n<div class=\"wp-block-uagb-advanced-heading uagb-block-16a6363b\"><h2 class=\"uagb-heading-text\"><strong><strong><strong>Requisitos del programa<\/strong><\/strong><\/strong><\/h2><\/div>\n<\/div>\n<\/div>\n\n\n\n<div class=\"wp-block-uagb-advanced-heading uagb-block-f058dd83\"><p class=\"uagb-heading-text\">Para solicitar la inscripci\u00f3n a New Worlds Reading, los estudiantes deben cumplir con los siguientes requisitos:<\/p><\/div>\n\n\n\n<div class=\"wp-block-group shadow has-ast-global-color-0-color has-ast-global-color-5-background-color has-text-color has-background has-link-color wp-elements-13607ed31708eb69fac14954fccf6115 wp-container-content-9cfa9a5a is-layout-flow wp-block-group-is-layout-flow\" style=\"border-radius:8px;padding-top:var(--wp--preset--spacing--50);padding-right:var(--wp--preset--spacing--50);padding-bottom:var(--wp--preset--spacing--50);padding-left:var(--wp--preset--spacing--50)\">\n<p class=\"has-text-align-center has-ast-global-color-3-color has-text-color has-link-color has-medium-font-size wp-elements-9295858e7a963fd77703719db153b939\">\u2022 Estar cursando entre VPK y 5\u00ba grado <br>\n\u2022 No cumplir a\u00fan con los est\u00e1ndares de nivel de lectura de su grado <br>\n\u2022 Asistir a programas VPK, escuelas p\u00fablicas o escuelas subvencionadas de Florida<br><\/p>\n<\/div>\n\n\n\n<p class=\"has-text-align-center has-medium-font-size\" style=\"margin-top:var(--wp--preset--spacing--60);margin-bottom:var(--wp--preset--spacing--60)\">\u00bfNo sabe si su ni\u00f1o\/a lee al nivel de su grado? Obtenga m\u00e1s informaci\u00f3n sobre nuestros <a href=\"\/es\/eligibility\/\"><strong><span style=\"text-decoration: underline;\">requisitos de elegibilidad aqu\u00ed<\/span><\/strong><\/a> o contacte la maestra de su hijo.<\/p>\n<\/div>\n\n\n\n<div class=\"wp-block-group is-layout-constrained wp-block-group-is-layout-constrained\">\n<div class=\"wp-block-group is-nowrap is-layout-flex wp-container-core-group-is-layout-b949e4a2 wp-block-group-is-layout-flex\" style=\"padding-top:0;padding-bottom:0\">\n<figure class=\"wp-block-image size-full is-resized is-style-default uag-hide-mob\"><img decoding=\"async\" src=\"https:\/\/demo.newworldsreading.com\/wp-content\/uploads\/2024\/02\/nwri-book-icon-orange-400h.png\" alt=\"bracket\" class=\"wp-image-70\" style=\"object-fit:cover;width:20px;height:70px\"\/><\/figure>\n\n\n\n<div class=\"wp-block-group is-layout-constrained wp-block-group-is-layout-constrained\" style=\"margin-top:var(--wp--preset--spacing--30);margin-bottom:var(--wp--preset--spacing--30)\">\n<div class=\"wp-block-uagb-advanced-heading uagb-block-24950c0b\"><h2 class=\"uagb-heading-text\"><strong><strong><strong>\u00a1Solicitar la inscripci\u00f3n es f\u00e1cil!<\/strong><\/strong><\/strong><\/h2><\/div>\n<\/div>\n<\/div>\n\n\n\n<div class=\"wp-block-uagb-advanced-heading uagb-block-98e58d7e\"><p class=\"uagb-heading-text\">Presentar su aplicaci\u00f3n se tarda solo 5 minutos. As\u00ed es como funciona:<\/p><\/div>\n\n\n\n<div class=\"wp-block-columns is-layout-flex wp-container-core-columns-is-layout-82fb2690 wp-block-columns-is-layout-flex\" style=\"margin-top:0;margin-bottom:0;padding-top:0;padding-right:var(--wp--preset--spacing--60);padding-bottom:0;padding-left:var(--wp--preset--spacing--60)\">\n<div class=\"wp-block-column is-layout-flow wp-container-core-column-is-layout-92c44e9e wp-block-column-is-layout-flow\" style=\"padding-top:0;padding-bottom:0;flex-basis:8%\">\n<div class=\"wp-block-uagb-image alignleft uagb-block-ee1548b2 wp-block-uagb-image--layout-default wp-block-uagb-image--effect-static wp-block-uagb-image--align-left\"><figure class=\"wp-block-uagb-image__figure\"><img decoding=\"async\" srcset=\"https:\/\/demo.newworldsreading.com\/wp-content\/uploads\/2024\/04\/Number-1.png ,https:\/\/demo.newworldsreading.com\/wp-content\/uploads\/2024\/04\/Number-1.png 780w, https:\/\/demo.newworldsreading.com\/wp-content\/uploads\/2024\/04\/Number-1.png 360w\" sizes=\"auto, (max-width: 480px) 150px\" src=\"https:\/\/demo.newworldsreading.com\/wp-content\/uploads\/2024\/04\/Number-1.png\" alt=\"1\" class=\"uag-image-1563\" width=\"48\" height=\"48\" title=\"Number-1\" loading=\"lazy\" role=\"img\"\/><\/figure><\/div>\n<\/div>\n\n\n\n<div class=\"wp-block-column is-layout-flow wp-block-column-is-layout-flow\" style=\"flex-basis:92%\">\n<p style=\"margin-top:0;margin-bottom:var(--wp--preset--spacing--50)\"><strong><a href=\"\/es\/enrollment\/\"><span style=\"text-decoration: underline;\">Rellene una solicitud<\/span><\/a><\/strong> con los datos de su estudiante, el idioma en el que prefiere los libros y los lotes de libros que le gustar\u00eda recibir.<\/p>\n<\/div>\n<\/div>\n\n\n\n<div class=\"wp-block-columns is-layout-flex wp-container-core-columns-is-layout-82fb2690 wp-block-columns-is-layout-flex\" style=\"margin-top:0;margin-bottom:0;padding-top:0;padding-right:var(--wp--preset--spacing--60);padding-bottom:0;padding-left:var(--wp--preset--spacing--60)\">\n<div class=\"wp-block-column is-layout-flow wp-block-column-is-layout-flow\" style=\"flex-basis:8%\">\n<div class=\"wp-block-uagb-image alignleft uagb-block-01a99d8c wp-block-uagb-image--layout-default wp-block-uagb-image--effect-static wp-block-uagb-image--align-left\"><figure class=\"wp-block-uagb-image__figure\"><img decoding=\"async\" srcset=\"https:\/\/demo.newworldsreading.com\/wp-content\/uploads\/2024\/04\/Number-2.png ,https:\/\/demo.newworldsreading.com\/wp-content\/uploads\/2024\/04\/Number-2.png 780w, https:\/\/demo.newworldsreading.com\/wp-content\/uploads\/2024\/04\/Number-2.png 360w\" sizes=\"auto, (max-width: 480px) 150px\" src=\"https:\/\/demo.newworldsreading.com\/wp-content\/uploads\/2024\/04\/Number-2.png\" alt=\"2\" class=\"uag-image-1565\" width=\"48\" height=\"48\" title=\"Number 2\" loading=\"lazy\" role=\"img\"\/><\/figure><\/div>\n<\/div>\n\n\n\n<div class=\"wp-block-column is-layout-flow wp-block-column-is-layout-flow\" style=\"flex-basis:92%\">\n<p style=\"margin-top:0;margin-bottom:var(--wp--preset--spacing--50)\"><strong><a href=\"https:\/\/www.newworldsreading.com\/es\/family-resources\/\" data-type=\"page\" data-id=\"243\"><span style=\"text-decoration: underline;\">Consulte aqu\u00ed nuestros recursos gratuitos<\/span><\/a><\/strong> para todas las familias mientras espera a que nuestro equipo confirme si su ni\u00f1o\/a re\u00fane los requisitos.<\/p>\n<\/div>\n<\/div>\n\n\n\n<div class=\"wp-block-columns is-layout-flex wp-container-core-columns-is-layout-82fb2690 wp-block-columns-is-layout-flex\" style=\"margin-top:0;margin-bottom:0;padding-top:0;padding-right:var(--wp--preset--spacing--60);padding-bottom:0;padding-left:var(--wp--preset--spacing--60)\">\n<div class=\"wp-block-column is-layout-flow wp-block-column-is-layout-flow\" style=\"padding-right:0;padding-left:0;flex-basis:8%\">\n<div class=\"wp-block-uagb-image alignleft uagb-block-ceae560b wp-block-uagb-image--layout-default wp-block-uagb-image--effect-static wp-block-uagb-image--align-left\"><figure class=\"wp-block-uagb-image__figure\"><img decoding=\"async\" srcset=\"https:\/\/demo.newworldsreading.com\/wp-content\/uploads\/2024\/04\/Number-3.png ,https:\/\/demo.newworldsreading.com\/wp-content\/uploads\/2024\/04\/Number-3.png 780w, https:\/\/demo.newworldsreading.com\/wp-content\/uploads\/2024\/04\/Number-3.png 360w\" sizes=\"auto, (max-width: 480px) 150px\" src=\"https:\/\/demo.newworldsreading.com\/wp-content\/uploads\/2024\/04\/Number-3.png\" alt=\"3\" class=\"uag-image-1567\" width=\"48\" height=\"48\" title=\"Number 3\" loading=\"lazy\" role=\"img\"\/><\/figure><\/div>\n<\/div>\n\n\n\n<div class=\"wp-block-column is-layout-flow wp-block-column-is-layout-flow\" style=\"flex-basis:92%\">\n<p style=\"margin-top:0;margin-bottom:var(--wp--preset--spacing--50)\"><strong>Recibir\u00e1 un correo electr\u00f3nico en el que se le confirmar\u00e1 si su estudiante re\u00fane los requisitos. <\/strong>Si es elegible, obtendr\u00e1 <strong>9 libros y actividades gratis<\/strong> en su domicilio hasta que su ni\u00f1o\/a se grad\u00fae en 5\u00ba grado!<\/p>\n<\/div>\n<\/div>\n<\/div>\n\n\n\n<div class=\"wp-block-group has-ast-global-color-4-background-color has-background is-layout-constrained wp-block-group-is-layout-constrained\" style=\"padding-top:var(--wp--preset--spacing--70);padding-bottom:var(--wp--preset--spacing--60)\">\n<div class=\"wp-block-group is-nowrap is-layout-flex wp-container-core-group-is-layout-f66f9956 wp-block-group-is-layout-flex\">\n<figure class=\"wp-block-image size-full is-resized is-style-default uag-hide-mob\"><img decoding=\"async\" src=\"https:\/\/demo.newworldsreading.com\/wp-content\/uploads\/2024\/02\/Blue-Bracket-1.png\" alt=\"NWR Bracket\" class=\"wp-image-339\" style=\"aspect-ratio:0.2857142857142857;object-fit:cover;width:20px;height:auto\"\/><\/figure>\n\n\n\n<div class=\"wp-block-group is-layout-constrained wp-block-group-is-layout-constrained\" style=\"margin-top:var(--wp--preset--spacing--30);margin-bottom:var(--wp--preset--spacing--30)\">\n<div class=\"wp-block-uagb-advanced-heading uagb-block-e9d0c493\"><h2 class=\"uagb-heading-text\"><strong><strong><strong>Escuche estos testimonios de las familias de New Worlds Reading.<\/strong><\/strong><\/strong><\/h2><\/div>\n<\/div>\n<\/div>\n\n\n\n<p>Cerca de un mill\u00f3n de estudiantes en Florida a\u00fan no leen al nivel que corresponde a su grado, pero Jahara y Faustino demuestran que un libro puede marcar el comienzo de una gran transformaci\u00f3n.<\/p>\n\n\n\n<div class=\"wp-block-columns are-vertically-aligned-top is-layout-flex wp-container-core-columns-is-layout-783b4be3 wp-block-columns-is-layout-flex\" style=\"margin-bottom:var(--wp--preset--spacing--60)\">\n<div class=\"wp-block-column is-vertically-aligned-top is-layout-flow wp-block-column-is-layout-flow\">\n<figure class=\"wp-block-embed is-type-video is-provider-youtube wp-block-embed-youtube wp-embed-aspect-16-9 wp-has-aspect-ratio\"><div class=\"wp-block-embed__wrapper\">\n<iframe loading=\"lazy\" title=\"\u201cI don\u2019t want to read\u201d to \u201cI got this!\u201d, discover Jahara\u2019s reading journey with New Worlds Reading!\u200b\" width=\"500\" height=\"281\" src=\"https:\/\/www.youtube.com\/embed\/OVk8pFReYx8?feature=oembed\" frameborder=\"0\" allow=\"accelerometer; autoplay; clipboard-write; encrypted-media; gyroscope; picture-in-picture; web-share\" referrerpolicy=\"strict-origin-when-cross-origin\" allowfullscreen><\/iframe>\n<\/div><\/figure>\n<\/div>\n\n\n\n<div class=\"wp-block-column is-vertically-aligned-top is-layout-flow wp-block-column-is-layout-flow\">\n<figure class=\"wp-block-embed is-type-video is-provider-youtube wp-block-embed-youtube wp-embed-aspect-16-9 wp-has-aspect-ratio\"><div class=\"wp-block-embed__wrapper\">\n<iframe loading=\"lazy\" title=\"Gracias a New Worlds Reading, \u00a1Faustino ahora lee con confianza!\" width=\"500\" height=\"281\" src=\"https:\/\/www.youtube.com\/embed\/IahRMudK2CQ?feature=oembed\" frameborder=\"0\" allow=\"accelerometer; autoplay; clipboard-write; encrypted-media; gyroscope; picture-in-picture; web-share\" referrerpolicy=\"strict-origin-when-cross-origin\" allowfullscreen><\/iframe>\n<\/div><\/figure>\n<\/div>\n<\/div>\n\n\n\n<div class=\"wp-block-uagb-advanced-heading uagb-block-8bb01060\"><p class=\"uagb-heading-text\">El 90% de las familias de New Worlds Reading encuestadas el a\u00f1o pasado recomendar\u00edan el programa a un amigo. Conozca sus historias:<\/p><\/div>\n\n\n\n<div class=\"wp-block-uagb-testimonial uagb-slick-carousel uagb-tm__arrow-outside uagb-block-e0428416\"><div class=\"is-carousel uagb-tm__columns-3 uagb-tm__items\"><div class=\"uagb-testimonial__wrap  uagb-tm__imgicon-style-circle uagb-tm__image-position-bottom uagb-tm__bg-type-color\"><div class=\"uagb-tm__content\"><div class=\"uagb-tm__overlay\"><\/div><div class=\"uagb-tm__text-wrap\"><div class=\"uagb-tm__desc\">Compartimos m\u00e1s tiempo juntas, nos re\u00edmos de las historias y aprendemos juntas.<\/div><div class=\"uagb-tm__meta-inner\"><div class=\"uagb-testimonial-details\"><span class=\"uagb-tm__author-name\">Kiara B.<\/span><span class=\"uagb-tm__company\">Familia de New Worlds Reading<\/span><\/div><\/div><\/div><\/div><\/div><div class=\"uagb-testimonial__wrap  uagb-tm__imgicon-style-circle uagb-tm__image-position-bottom uagb-tm__bg-type-color\"><div class=\"uagb-tm__content\"><div class=\"uagb-tm__overlay\"><\/div><div class=\"uagb-tm__text-wrap\"><div class=\"uagb-tm__desc\">A mi hijo le encantaba recibir libros por correo que alguien hab\u00eda elegido s\u00f3lo para \u00e9l. A menudo reconoc\u00eda el libro por haberlo visto en la escuela o en la biblioteca y dec\u00eda algo como: \"Estaba deseando leer eso\".<\/div><div class=\"uagb-tm__meta-inner\"><div class=\"uagb-testimonial-details\"><span class=\"uagb-tm__author-name\">Jami B.<\/span><span class=\"uagb-tm__company\">Familia de New Worlds Reading<\/span><\/div><\/div><\/div><\/div><\/div><div class=\"uagb-testimonial__wrap  uagb-tm__imgicon-style-circle uagb-tm__image-position-bottom uagb-tm__bg-type-color\"><div class=\"uagb-tm__content\"><div class=\"uagb-tm__overlay\"><\/div><div class=\"uagb-tm__text-wrap\"><div class=\"uagb-tm__desc\">Mi hijo se emociona mucho cuando recibe el correo y luego se da cuenta de que son libros nuevos. Los abrimos y los leemos en cuanto llegan. Ha tenido dificultades con la lectura y esto hace que le entusiasme leer.<\/div><div class=\"uagb-tm__meta-inner\"><div class=\"uagb-testimonial-details\"><span class=\"uagb-tm__author-name\">S. Akman<\/span><span class=\"uagb-tm__company\">Familia de New Worlds Reading<\/span><\/div><\/div><\/div><\/div><\/div><div class=\"uagb-testimonial__wrap  uagb-tm__imgicon-style-circle uagb-tm__image-position-bottom uagb-tm__bg-type-color\"><div class=\"uagb-tm__content\"><div class=\"uagb-tm__overlay\"><\/div><div class=\"uagb-tm__text-wrap\"><div class=\"uagb-tm__desc\">De hecho, \u00a1los ni\u00f1os realmente se entusiasman con la lectura cuando llegan libros nuevos por correo! Les gustan especialmente los cuentos con partes divertidas que les hacen re\u00edr. Tambi\u00e9n disfrutan con los libros que ense\u00f1an sobre animales. Las hojas con preguntas y de repaso me ayudan a hacerles comprender realmente lo que est\u00e1n leyendo.<\/div><div class=\"uagb-tm__meta-inner\"><div class=\"uagb-testimonial-details\"><span class=\"uagb-tm__author-name\">Erica B.<\/span><span class=\"uagb-tm__company\">Familia de New Worlds Reading<\/span><\/div><\/div><\/div><\/div><\/div><div class=\"uagb-testimonial__wrap  uagb-tm__imgicon-style-circle uagb-tm__image-position-bottom uagb-tm__bg-type-color\"><div class=\"uagb-tm__content\"><div class=\"uagb-tm__overlay\"><\/div><div class=\"uagb-tm__text-wrap\"><div class=\"uagb-tm__desc\">\u00c9l disfruta recibiendo paquetes con su nombre, se siente como un adulto, Los \u00faltimos paquetes los abri\u00f3 con felicidad y curiosidad por los libros<\/div><div class=\"uagb-tm__meta-inner\"><div class=\"uagb-testimonial-details\"><span class=\"uagb-tm__author-name\">Adriana V.<\/span><span class=\"uagb-tm__company\">New Worlds Reading Caregiver<\/span><\/div><\/div><\/div><\/div><\/div><\/div><\/div>\n<\/div>\n\n\n\n<div class=\"wp-block-group is-layout-constrained wp-block-group-is-layout-constrained has-background\" style=\"padding-top:var(--wp--preset--spacing--80);padding-bottom:var(--wp--preset--spacing--80);background-image:url(&apos;https:\/\/www.newworldsreading.com\/wp-content\/uploads\/2026\/03\/Artboard-2-copy-5@2x-1-scaled.png&apos;);background-position:50% 0;background-size:700px;\">\n<div class=\"wp-block-uagb-advanced-heading uagb-block-cb1f5146\"><h2 class=\"uagb-heading-text\">\u00bfListos? \u00a1Vamos!<\/h2><\/div>\n\n\n\n<div class=\"wp-block-uagb-buttons uagb-buttons__outer-wrap uagb-btn__default-btn uagb-btn-tablet__default-btn uagb-btn-mobile__default-btn uagb-block-19c29c76\"><div class=\"uagb-buttons__wrap uagb-buttons-layout-wrap\">\n<div class=\"wp-block-uagb-buttons-child uagb-buttons__outer-wrap uagb-block-630b0628 wp-block-button\"><div class=\"uagb-button__wrapper\"><a class=\"uagb-buttons-repeater wp-block-button__link\" aria-label=\"\" href=\"\/es\/enrollment\/\" rel=\"follow noopener\" target=\"_blank\" role=\"button\"><div class=\"uagb-button__link\"><strong>Aplica<\/strong><\/div><\/a><\/div><\/div>\n<\/div><\/div>\n<\/div>","protected":false},"excerpt":{"rendered":"<p>Grow your child's reading skills. New Worlds Reading's books and activities support students in strengthening literacy skills, building reading confidence, [&hellip;]<\/p>\n","protected":false},"author":5,"featured_media":0,"parent":0,"menu_order":0,"comment_status":"closed","ping_status":"closed","template":"","meta":{"_acf_changed":false,"_uag_custom_page_level_css":"","site-sidebar-layout":"no-sidebar","site-content-layout":"plain-container","ast-site-content-layout":"full-width-container","site-content-style":"unboxed","site-sidebar-style":"default","ast-global-header-display":"","ast-banner-title-visibility":"","ast-main-header-display":"","ast-hfb-above-header-display":"","ast-hfb-below-header-display":"","ast-hfb-mobile-header-display":"","site-post-title":"disabled","ast-breadcrumbs-content":"","ast-featured-img":"","footer-sml-layout":"","ast-disable-related-posts":"","theme-transparent-header-meta":"disabled","adv-header-id-meta":"","stick-header-meta":"","header-above-stick-meta":"","header-main-stick-meta":"","header-below-stick-meta":"","astra-migrate-meta-layouts":"default","ast-page-background-enabled":"default","ast-page-background-meta":{"desktop":{"background-color":"var(--ast-global-color-4)","background-image":"","background-repeat":"repeat","background-position":"center center","background-size":"auto","background-attachment":"scroll","background-type":"","background-media":"","overlay-type":"","overlay-color":"","overlay-opacity":"","overlay-gradient":""},"tablet":{"background-color":"","background-image":"","background-repeat":"repeat","background-position":"center center","background-size":"auto","background-attachment":"scroll","background-type":"","background-media":"","overlay-type":"","overlay-color":"","overlay-opacity":"","overlay-gradient":""},"mobile":{"background-color":"","background-image":"","background-repeat":"repeat","background-position":"center center","background-size":"auto","background-attachment":"scroll","background-type":"","background-media":"","overlay-type":"","overlay-color":"","overlay-opacity":"","overlay-gradient":""}},"ast-content-background-meta":{"desktop":{"background-color":"var(--ast-global-color-5)","background-image":"","background-repeat":"repeat","background-position":"center center","background-size":"auto","background-attachment":"scroll","background-type":"","background-media":"","overlay-type":"","overlay-color":"","overlay-opacity":"","overlay-gradient":""},"tablet":{"background-color":"var(--ast-global-color-5)","background-image":"","background-repeat":"repeat","background-position":"center center","background-size":"auto","background-attachment":"scroll","background-type":"","background-media":"","overlay-type":"","overlay-color":"","overlay-opacity":"","overlay-gradient":""},"mobile":{"background-color":"var(--ast-global-color-5)","background-image":"","background-repeat":"repeat","background-position":"center center","background-size":"auto","background-attachment":"scroll","background-type":"","background-media":"","overlay-type":"","overlay-color":"","overlay-opacity":"","overlay-gradient":""}},"footnotes":""},"class_list":["post-43","page","type-page","status-publish","hentry"],"acf":[],"uagb_featured_image_src":{"full":false,"thumbnail":false,"medium":false,"medium_large":false,"large":false,"1536x1536":false,"2048x2048":false,"trp-custom-language-flag":false},"uagb_author_info":{"display_name":"Alyssa Pearson","author_link":"https:\/\/www.newworldsreading.com\/es\/author\/alyssapearson\/"},"uagb_comment_info":0,"uagb_excerpt":"Grow your child's reading skills. New Worlds Reading's books and activities support students in strengthening literacy skills, building reading confidence, [&hellip;]","_links":{"self":[{"href":"https:\/\/www.newworldsreading.com\/es\/wp-json\/wp\/v2\/pages\/43","targetHints":{"allow":["GET"]}}],"collection":[{"href":"https:\/\/www.newworldsreading.com\/es\/wp-json\/wp\/v2\/pages"}],"about":[{"href":"https:\/\/www.newworldsreading.com\/es\/wp-json\/wp\/v2\/types\/page"}],"author":[{"embeddable":true,"href":"https:\/\/www.newworldsreading.com\/es\/wp-json\/wp\/v2\/users\/5"}],"replies":[{"embeddable":true,"href":"https:\/\/www.newworldsreading.com\/es\/wp-json\/wp\/v2\/comments?post=43"}],"version-history":[{"count":52,"href":"https:\/\/www.newworldsreading.com\/es\/wp-json\/wp\/v2\/pages\/43\/revisions"}],"predecessor-version":[{"id":7915,"href":"https:\/\/www.newworldsreading.com\/es\/wp-json\/wp\/v2\/pages\/43\/revisions\/7915"}],"wp:attachment":[{"href":"https:\/\/www.newworldsreading.com\/es\/wp-json\/wp\/v2\/media?parent=43"}],"curies":[{"name":"wp","href":"https:\/\/api.w.org\/{rel}","templated":true}]}}