{"id":181,"date":"2024-06-26T19:42:50","date_gmt":"2024-06-26T19:42:50","guid":{"rendered":"https:\/\/demo.newworldsreading.com\/?page_id=181"},"modified":"2026-04-02T14:21:31","modified_gmt":"2026-04-02T14:21:31","slug":"about-us","status":"publish","type":"page","link":"https:\/\/www.newworldsreading.com\/ht\/about-us\/","title":{"rendered":"Sou Nou"},"content":{"rendered":"<div style=\"background-image:url(&apos;https:\/\/demo.newworldsreading.com\/wp-content\/uploads\/2024\/05\/About-Us-BG-Wide-1.png&apos;);background-position:50% 0%;background-repeat:no-repeat;background-size:contain;\" class=\"wp-block-group is-layout-constrained wp-block-group-is-layout-constrained has-background\">\n<div style=\"height:15px\" aria-hidden=\"true\" class=\"wp-block-spacer uag-hide-tab uag-hide-mob\"><\/div>\n\n\n\n<div class=\"wp-block-uagb-advanced-heading uagb-block-654f704d\"><h1 class=\"uagb-heading-text\">Sou Nou<\/h1><\/div>\n\n\n\n<div class=\"wp-block-uagb-advanced-heading uagb-block-7f121b71\"><h2 class=\"uagb-heading-text\">New Worlds Reading Initiative se yon pwogram alfabetizasyon gratis adomisil nan Florid, pou el\u00e8v ki nan VPK (pwogram mat\u00e8n\u00e8l volont\u00e8) jiska 5\u00e8m ane ki elijib yo.<\/h2><\/div>\n\n\n\n<div style=\"height:4px\" aria-hidden=\"true\" class=\"wp-block-spacer\"><\/div>\n\n\n\n<div class=\"wp-block-group is-layout-constrained wp-block-group-is-layout-constrained\" style=\"margin-top:0;margin-bottom:0\">\n<div class=\"wp-block-uagb-container uagb-block-83a1f869 alignfull uagb-is-root-container\"><div class=\"uagb-container-inner-blocks-wrap\">\n<div class=\"wp-block-uagb-container uagb-block-7c616219\">\n<p style=\"margin-top:0;margin-bottom:0\"><strong>New Worlds Reading <\/strong>te siyen an lwa nan Jen 2021 k\u00f2m yon pwogram ki ede lekt\u00e8 Florida yo ranf\u00f2se konpetans alfabetizasyon yo, ogmante konfyans lekti, ak kreye yon lanmou pou lekti ki dire pou tout lavi.<\/p>\n\n\n\n<p style=\"margin-top:0;margin-bottom:0\">Chak mwa pandan ane lek\u00f2l la, timoun yo ki kalifye resevwa yon liv gratis ki enter\u00e8 yo, avek resous ak aktivite paran ak gadyen legal ka utilize ansanm avek timoun li. Liv ak matery\u00e8l yo se disponib nan Angle, Pany\u00f2l, Krey\u00f2l Ayisyen, ak braille.<\/p>\n\n\n\n<p style=\"margin-top:0;margin-bottom:0\" class=\"translation-block\">Pou yo kalifye, timoun yo dwe 5y\u00e8m ane ki nan VPK ki poko satisf\u00e8 atant nan nivo klas yo nan lekti nan pwogram VPK Florida yo, lek\u00f2l leta yo, ak lek\u00f2l endepandan yo. <strong><a href=\"https:\/\/www.newworldsreading.com\/ht\/eligibility\/\" data-type=\"page\" data-id=\"217\" target=\"_self\">Ou ka w\u00e8 plis enf\u00f2masyon sou kalifikasyon isit la.<\/a><\/strong><\/p>\n<\/div>\n\n\n\n<div class=\"wp-block-uagb-container uagb-block-c2798f76\">\n<div class=\"wp-block-uagb-image aligncenter uagb-block-34acaf09 wp-block-uagb-image--layout-default wp-block-uagb-image--effect-static wp-block-uagb-image--align-center\"><figure class=\"wp-block-uagb-image__figure\"><img loading=\"lazy\" decoding=\"async\" srcset=\"https:\/\/demo.newworldsreading.com\/wp-content\/uploads\/2024\/04\/New-Worlds-Reading-Families-173-1024x738.jpg ,https:\/\/demo.newworldsreading.com\/wp-content\/uploads\/2024\/04\/New-Worlds-Reading-Families-173.jpg 780w, https:\/\/demo.newworldsreading.com\/wp-content\/uploads\/2024\/04\/New-Worlds-Reading-Families-173.jpg 360w\" sizes=\"auto, (max-width: 480px) 150px\" src=\"https:\/\/demo.newworldsreading.com\/wp-content\/uploads\/2024\/04\/New-Worlds-Reading-Families-173-1024x738.jpg\" alt=\"New Worlds Reading Family\" class=\"uag-image-1271\" width=\"500\" height=\"500\" title=\"New Worlds Reading Families\" role=\"img\"\/><\/figure><\/div>\n<\/div>\n<\/div><\/div>\n<\/div>\n<\/div>\n\n\n\n<div class=\"wp-block-group has-ast-global-color-3-background-color has-background is-layout-constrained wp-block-group-is-layout-constrained\">\n<div class=\"wp-block-uagb-advanced-heading uagb-block-cfbdc97e\"><h2 class=\"uagb-heading-text translation-block\">Se UF Lastinger Center for Learning  ke Leta nonmen antanke administrat\u00e8 pwogram New Worlds Reading nan.<\/h2><\/div>\n\n\n\n<p class=\"has-text-align-center has-ast-global-color-5-color has-text-color has-link-color wp-elements-27610874bd73016e59d90812f7c8bdac translation-block\"><strong>UF Lastinger Center for Learning<\/strong> kreye sist\u00e8m edikasyon kote chak timoun ak chak edikat\u00e8 f\u00e8 eksperyans aprantisaj bon kalite ki p\u00e8m\u00e8t akonplisman nan etap enp\u00f2tan, epitou kritik, ki predi siks\u00e8 nan lek\u00f2l ak lavi a. Pwogram yo konsantre sou preparasyon pou jadendanfan, konpetans nan lekti ak konpetans nan alj\u00e8b nan nivo klas twazy\u00e8m ane. Depi 2002, Lastinger Center for Learning f\u00e8 pwogr\u00e8 enp\u00f2tan pou pote solisyon rey\u00e8l ki ka evolye, an kolaborasyon av\u00e8k edikat\u00e8 ak fanmi an Florid e nan tout peyi a. N ap jwenn plis enf\u00f2masyon sou <strong><span style=\"text-decoration: underline\"><a href=\"https:\/\/lastinger.center.ufl.edu\/\" target=\"_self\">sit ent\u00e8n\u00e8t UF Lastinger Center for Learning nan.<\/a><\/span><\/strong><\/p>\n<\/div>\n\n\n\n<div class=\"wp-block-group has-background is-layout-constrained wp-block-group-is-layout-constrained\" style=\"background-color:#ffffff00;margin-top:var(--wp--preset--spacing--40);padding-bottom:var(--wp--preset--spacing--70)\">\n<div class=\"wp-block-group is-nowrap is-layout-flex wp-container-core-group-is-layout-37337bba wp-block-group-is-layout-flex\" style=\"padding-top:0;padding-right:0;padding-bottom:0;padding-left:0\">\n<figure class=\"wp-block-image size-full is-resized uag-hide-mob\"><img decoding=\"async\" src=\"https:\/\/demo.newworldsreading.com\/wp-content\/uploads\/2024\/02\/Orange-Bracket-1.png\" alt=\"\" class=\"wp-image-333\" style=\"width:20px;height:auto\"\/><\/figure>\n\n\n\n<div class=\"wp-block-group is-layout-constrained wp-container-core-group-is-layout-349d3797 wp-block-group-is-layout-constrained\" style=\"margin-top:var(--wp--preset--spacing--30);margin-bottom:var(--wp--preset--spacing--30);padding-left:0\">\n<div class=\"wp-block-uagb-advanced-heading uagb-block-a937895d\"><h2 class=\"uagb-heading-text\">Scholastic<\/h2><\/div>\n<\/div>\n<\/div>\n\n\n\n<p style=\"margin-top:0;margin-bottom:0;padding-right:var(--wp--preset--spacing--60);padding-left:var(--wp--preset--spacing--60)\">UF Lastinger Center asosye ak Scholastic, ki se yon konpayi ent\u00e8nasyonal ki espesyalize nan piblikasyon, edikasyon ak medya pou timoun, pou ede li jwenn epi distribye liv bonjan kalite, epi pou bay sip\u00f2 operasyon\u00e8l, teknik ak pwomosyon pou pwogram nan. Aprann plis sou <a href=\"http:\/\/www.scholastic.com\" target=\"_blank\" rel=\"noreferrer noopener\"><strong><span style=\"text-decoration: underline;\">www.scholastic.com<\/span><\/strong><\/a>.<br><\/p>\n<\/div>\n\n\n\n<div class=\"wp-block-group has-ast-global-color-4-background-color has-background is-layout-constrained wp-block-group-is-layout-constrained\" style=\"margin-bottom:0;padding-bottom:var(--wp--preset--spacing--70)\">\n<div class=\"wp-block-group is-horizontal is-content-justification-left is-nowrap is-layout-flex wp-container-core-group-is-layout-2248d0d1 wp-block-group-is-layout-flex\" style=\"padding-top:0;padding-right:0;padding-bottom:0;padding-left:0\">\n<div class=\"wp-block-uagb-image uagb-block-43f79a7e wp-block-uagb-image--layout-default wp-block-uagb-image--effect-static wp-block-uagb-image--align-none uag-hide-mob\"><figure class=\"wp-block-uagb-image__figure\"><img decoding=\"async\" srcset=\"https:\/\/demo.newworldsreading.com\/wp-content\/uploads\/2024\/02\/Blue-Bracket-1.png ,https:\/\/demo.newworldsreading.com\/wp-content\/uploads\/2024\/02\/Blue-Bracket-1.png 780w, https:\/\/demo.newworldsreading.com\/wp-content\/uploads\/2024\/02\/Blue-Bracket-1.png 360w\" sizes=\"auto, (max-width: 480px) 150px\" src=\"https:\/\/demo.newworldsreading.com\/wp-content\/uploads\/2024\/02\/Blue-Bracket-1.png\" alt=\"bracket\" class=\"uag-image-339\" width=\"20\" height=\"70\" title=\"\" loading=\"lazy\" role=\"img\"\/><\/figure><\/div>\n\n\n\n<div class=\"wp-block-group is-layout-constrained wp-block-group-is-layout-constrained\" style=\"margin-top:var(--wp--preset--spacing--30);margin-bottom:var(--wp--preset--spacing--30)\">\n<div class=\"wp-block-uagb-advanced-heading uagb-block-f5d07f66\"><h2 class=\"uagb-heading-text\">Depatman Edikasyon Florid<\/h2><\/div>\n<\/div>\n<\/div>\n\n\n\n<p style=\"margin-top:0;margin-bottom:0;padding-right:var(--wp--preset--spacing--60);padding-left:var(--wp--preset--spacing--60)\">Yo chwazi liv yo an kolaborasyon ak pwogram <strong><a href=\"https:\/\/www.fldoe.org\/academics\/standards\/just-read-fl\/nwri.stml\" target=\"_blank\" rel=\"noreferrer noopener\"><span style=\"text-decoration: underline;\">Just Read! Depatman Edikasyon Florid<\/span><\/a><\/strong> la ki sitiye nan biwo Florid la.<\/p>\n<\/div>\n\n\n\n<div class=\"wp-block-group has-background is-layout-constrained wp-block-group-is-layout-constrained\" style=\"background-color:#ffffff00;margin-bottom:0;padding-bottom:var(--wp--preset--spacing--70)\">\n<div class=\"wp-block-group is-nowrap is-layout-flex wp-container-core-group-is-layout-37337bba wp-block-group-is-layout-flex\" style=\"padding-top:0;padding-right:0;padding-bottom:0;padding-left:0\">\n<figure class=\"wp-block-image size-full is-resized uag-hide-mob\"><img decoding=\"async\" src=\"https:\/\/demo.newworldsreading.com\/wp-content\/uploads\/2024\/02\/Orange-Bracket-1.png\" alt=\"\" class=\"wp-image-333\" style=\"width:20px;height:auto\"\/><\/figure>\n\n\n\n<div class=\"wp-block-group is-layout-constrained wp-block-group-is-layout-constrained\" style=\"margin-top:var(--wp--preset--spacing--30);margin-bottom:var(--wp--preset--spacing--30)\">\n<div class=\"wp-block-uagb-advanced-heading uagb-block-ff502132\"><h2 class=\"uagb-heading-text\">UF \/ IFAS Extension<\/h2><\/div>\n<\/div>\n<\/div>\n\n\n\n<p style=\"margin-top:0;margin-bottom:0;padding-right:var(--wp--preset--spacing--60);padding-left:var(--wp--preset--spacing--60)\"><a href=\"https:\/\/lastinger.center.ufl.edu\/lab\/books-and-cooks\/\" target=\"_blank\" rel=\"noreferrer noopener\"><strong><span style=\"text-decoration: underline;\">Books and Cooks<\/span><\/strong><\/a> se yon pwogram alfabetizasyon ak nitrisyon ki dire s\u00e8t sem\u00e8n ki te kreye an patenarya ak <strong><a href=\"https:\/\/sfyl.ifas.ufl.edu\/\" target=\"_blank\" rel=\"noreferrer noopener\"><span style=\"text-decoration: underline;\">UF\/IFAS Extension<\/span><\/a><\/strong>. Fanmi New Worlds Reading nan k\u00e8k konte Florid patisipe nan sesyon edikasyon ki mete aksan sou diferan liv timoun yo, demonstrasyon pou kwit manje ak aktivite lekti.<\/p>\n<\/div>\n\n\n\n<div class=\"wp-block-group has-ast-global-color-4-background-color has-background is-layout-constrained wp-block-group-is-layout-constrained\" style=\"margin-bottom:0;padding-bottom:var(--wp--preset--spacing--70)\">\n<div class=\"wp-block-group is-nowrap is-layout-flex wp-container-core-group-is-layout-37337bba wp-block-group-is-layout-flex\" style=\"padding-top:0;padding-right:0;padding-bottom:0;padding-left:0\">\n<div class=\"wp-block-uagb-image uagb-block-b4f3ba31 wp-block-uagb-image--layout-default wp-block-uagb-image--effect-static wp-block-uagb-image--align-none uag-hide-mob\"><figure class=\"wp-block-uagb-image__figure\"><img decoding=\"async\" srcset=\"https:\/\/demo.newworldsreading.com\/wp-content\/uploads\/2024\/02\/Blue-Bracket-1.png ,https:\/\/demo.newworldsreading.com\/wp-content\/uploads\/2024\/02\/Blue-Bracket-1.png 780w, https:\/\/demo.newworldsreading.com\/wp-content\/uploads\/2024\/02\/Blue-Bracket-1.png 360w\" sizes=\"auto, (max-width: 480px) 150px\" src=\"https:\/\/demo.newworldsreading.com\/wp-content\/uploads\/2024\/02\/Blue-Bracket-1.png\" alt=\"bracket\" class=\"uag-image-339\" width=\"20\" height=\"70\" title=\"\" loading=\"lazy\" role=\"img\"\/><\/figure><\/div>\n\n\n\n<div class=\"wp-block-group is-layout-constrained wp-block-group-is-layout-constrained\" style=\"margin-top:var(--wp--preset--spacing--30);margin-bottom:var(--wp--preset--spacing--30)\">\n<div class=\"wp-block-uagb-advanced-heading uagb-block-7f4e2d93\"><h2 class=\"uagb-heading-text\">Kibeam Learning<\/h2><\/div>\n<\/div>\n<\/div>\n\n\n\n<p style=\"margin-top:0;margin-bottom:0;padding-right:var(--wp--preset--spacing--60);padding-left:var(--wp--preset--spacing--60)\">Ekip rech\u00e8ch nan UF Lastinger Center for Learning ap asosye l ak Kibeam Learning pou pilote <a href=\"https:\/\/lastinger.center.ufl.edu\/lab\/kibeam\/\" target=\"_blank\" rel=\"noreferrer noopener\"><strong><span style=\"text-decoration: underline;\">Kibeam Wand\u2122<\/span><\/strong><\/a> ak yon sougwoup patisipan New Worlds Reading. Etid sa a ap p\u00e8m\u00e8t elabore pwogram ki favorize angajman pou lekti ak akselere p\u00e8f\u00f2mans lekti.<\/p>\n<\/div>\n\n\n\n<div class=\"wp-block-group is-layout-constrained wp-block-group-is-layout-constrained has-background\" style=\"padding-top:var(--wp--preset--spacing--80);padding-bottom:var(--wp--preset--spacing--80);background-image:url(&apos;https:\/\/www.newworldsreading.com\/wp-content\/uploads\/2026\/03\/Artboard-2-copy-5@2x-1-scaled.png&apos;);background-position:50% 0;background-size:700px;\">\n<h2 class=\"wp-block-heading has-text-align-center has-ast-global-color-5-color has-text-color has-link-color has-x-large-font-size wp-elements-12e971adb03f0a26ef0473483c82ead1\">Antre nan ekip nou an!<\/h2>\n\n\n\n<div class=\"wp-block-uagb-advanced-heading uagb-block-940ce8c4\"><p class=\"uagb-heading-text\"><strong>Nou toujou ap ch\u00e8che pwofesyon\u00e8l ki gen talan pou travay av\u00e8k nou.<\/strong><\/p><\/div>\n\n\n\n<div class=\"wp-block-uagb-buttons uagb-buttons__outer-wrap uagb-btn__default-btn uagb-btn-tablet__default-btn uagb-btn-mobile__default-btn uagb-block-19c29c76\"><div class=\"uagb-buttons__wrap uagb-buttons-layout-wrap\">\n<div class=\"wp-block-uagb-buttons-child uagb-buttons__outer-wrap uagb-block-630b0628 wp-block-button\"><div class=\"uagb-button__wrapper\"><a class=\"uagb-buttons-repeater wp-block-button__link\" aria-label=\"\" href=\"https:\/\/explore.jobs.ufl.edu\/en-us\/search\/?search-keyword=18300000&amp;job-mail-subscribe-privacy=agree\" rel=\"follow noopener\" target=\"_blank\" role=\"button\"><div class=\"uagb-button__link\">gade pozisyon ki ouv\u00e8 yo <\/div><\/a><\/div><\/div>\n<\/div><\/div>\n<\/div>","protected":false},"excerpt":{"rendered":"<p>About Us The New Worlds Reading Initiative is Florida's free home literacy program for eligible VPK - 5th graders. New [&hellip;]<\/p>\n","protected":false},"author":5,"featured_media":0,"parent":0,"menu_order":0,"comment_status":"closed","ping_status":"closed","template":"","meta":{"_acf_changed":false,"_uag_custom_page_level_css":"","site-sidebar-layout":"default","site-content-layout":"","ast-site-content-layout":"default","site-content-style":"default","site-sidebar-style":"default","ast-global-header-display":"","ast-banner-title-visibility":"","ast-main-header-display":"","ast-hfb-above-header-display":"","ast-hfb-below-header-display":"","ast-hfb-mobile-header-display":"","site-post-title":"","ast-breadcrumbs-content":"","ast-featured-img":"","footer-sml-layout":"","ast-disable-related-posts":"","theme-transparent-header-meta":"","adv-header-id-meta":"","stick-header-meta":"","header-above-stick-meta":"","header-main-stick-meta":"","header-below-stick-meta":"","astra-migrate-meta-layouts":"default","ast-page-background-enabled":"default","ast-page-background-meta":{"desktop":{"background-color":"var(--ast-global-color-4)","background-image":"","background-repeat":"repeat","background-position":"center center","background-size":"auto","background-attachment":"scroll","background-type":"","background-media":"","overlay-type":"","overlay-color":"","overlay-opacity":"","overlay-gradient":""},"tablet":{"background-color":"","background-image":"","background-repeat":"repeat","background-position":"center center","background-size":"auto","background-attachment":"scroll","background-type":"","background-media":"","overlay-type":"","overlay-color":"","overlay-opacity":"","overlay-gradient":""},"mobile":{"background-color":"","background-image":"","background-repeat":"repeat","background-position":"center center","background-size":"auto","background-attachment":"scroll","background-type":"","background-media":"","overlay-type":"","overlay-color":"","overlay-opacity":"","overlay-gradient":""}},"ast-content-background-meta":{"desktop":{"background-color":"var(--ast-global-color-5)","background-image":"","background-repeat":"repeat","background-position":"center center","background-size":"auto","background-attachment":"scroll","background-type":"","background-media":"","overlay-type":"","overlay-color":"","overlay-opacity":"","overlay-gradient":""},"tablet":{"background-color":"var(--ast-global-color-5)","background-image":"","background-repeat":"repeat","background-position":"center center","background-size":"auto","background-attachment":"scroll","background-type":"","background-media":"","overlay-type":"","overlay-color":"","overlay-opacity":"","overlay-gradient":""},"mobile":{"background-color":"var(--ast-global-color-5)","background-image":"","background-repeat":"repeat","background-position":"center center","background-size":"auto","background-attachment":"scroll","background-type":"","background-media":"","overlay-type":"","overlay-color":"","overlay-opacity":"","overlay-gradient":""}},"footnotes":""},"class_list":["post-181","page","type-page","status-publish","hentry"],"acf":[],"uagb_featured_image_src":{"full":false,"thumbnail":false,"medium":false,"medium_large":false,"large":false,"1536x1536":false,"2048x2048":false,"trp-custom-language-flag":false},"uagb_author_info":{"display_name":"Alyssa Pearson","author_link":"https:\/\/www.newworldsreading.com\/ht\/author\/alyssapearson\/"},"uagb_comment_info":0,"uagb_excerpt":"About Us The New Worlds Reading Initiative is Florida's free home literacy program for eligible VPK - 5th graders. New [&hellip;]","_links":{"self":[{"href":"https:\/\/www.newworldsreading.com\/ht\/wp-json\/wp\/v2\/pages\/181","targetHints":{"allow":["GET"]}}],"collection":[{"href":"https:\/\/www.newworldsreading.com\/ht\/wp-json\/wp\/v2\/pages"}],"about":[{"href":"https:\/\/www.newworldsreading.com\/ht\/wp-json\/wp\/v2\/types\/page"}],"author":[{"embeddable":true,"href":"https:\/\/www.newworldsreading.com\/ht\/wp-json\/wp\/v2\/users\/5"}],"replies":[{"embeddable":true,"href":"https:\/\/www.newworldsreading.com\/ht\/wp-json\/wp\/v2\/comments?post=181"}],"version-history":[{"count":18,"href":"https:\/\/www.newworldsreading.com\/ht\/wp-json\/wp\/v2\/pages\/181\/revisions"}],"predecessor-version":[{"id":7953,"href":"https:\/\/www.newworldsreading.com\/ht\/wp-json\/wp\/v2\/pages\/181\/revisions\/7953"}],"wp:attachment":[{"href":"https:\/\/www.newworldsreading.com\/ht\/wp-json\/wp\/v2\/media?parent=181"}],"curies":[{"name":"wp","href":"https:\/\/api.w.org\/{rel}","templated":true}]}}