{"id":217,"date":"2024-06-26T19:58:48","date_gmt":"2024-06-26T19:58:48","guid":{"rendered":"https:\/\/demo.newworldsreading.com\/?page_id=217"},"modified":"2026-04-02T17:47:35","modified_gmt":"2026-04-02T17:47:35","slug":"eligibility","status":"publish","type":"page","link":"https:\/\/www.newworldsreading.com\/ht\/eligibility\/","title":{"rendered":"Elijiblite"},"content":{"rendered":"<div class=\"wp-block-group is-layout-constrained wp-block-group-is-layout-constrained has-background\" style=\"padding-top:6rem;padding-bottom:1.2rem;background-image:url(&apos;https:\/\/demo.newworldsreading.com\/wp-content\/uploads\/2024\/05\/Eligibility-BG-Wide-3.png&apos;);background-position:50% 0%;background-repeat:no-repeat;background-size:contain;\">\n<div style=\"height:15px\" aria-hidden=\"true\" class=\"wp-block-spacer uag-hide-tab uag-hide-mob\"><\/div>\n\n\n\n<div class=\"wp-block-uagb-advanced-heading uagb-block-654f704d\"><h1 class=\"uagb-heading-text\">Elijiblite<\/h1><\/div>\n\n\n\n<div class=\"wp-block-uagb-advanced-heading uagb-block-9f8e28ed\"><p class=\"uagb-heading-text\">New Worlds Reading ofri s\u00e8vis bay lekt\u00e8 nan Florid yo ki ap f\u00e8 ef\u00f2 e ki elijib, s\u00e8tadi ki reyini kondisyon pou benefisye pwogram nan.<\/p><\/div>\n\n\n\n<div class=\"wp-block-group is-nowrap is-layout-flex wp-container-core-group-is-layout-ee594a42 wp-block-group-is-layout-flex\" style=\"padding-top:var(--wp--preset--spacing--60);padding-right:0;padding-bottom:0;padding-left:0\">\n<figure class=\"wp-block-image size-full is-resized uag-hide-mob\"><img decoding=\"async\" src=\"https:\/\/demo.newworldsreading.com\/wp-content\/uploads\/2024\/02\/Orange-Bracket-1.png\" alt=\"\" class=\"wp-image-333\" style=\"width:20px;height:auto\"\/><\/figure>\n\n\n\n<div class=\"wp-block-group is-layout-constrained wp-block-group-is-layout-constrained\" style=\"margin-top:var(--wp--preset--spacing--30);margin-bottom:var(--wp--preset--spacing--30);padding-top:0;padding-bottom:0\">\n<div class=\"wp-block-uagb-advanced-heading uagb-block-2c4efedb\"><h2 class=\"uagb-heading-text\">Pou yo elijib, el\u00e8v yo dwe:<\/h2><\/div>\n<\/div>\n<\/div>\n\n\n\n<div class=\"wp-block-group shadow has-ast-global-color-0-color has-ast-global-color-4-background-color has-text-color has-background has-link-color wp-elements-a73fbd372e593ce1d108ff560ebee64a wp-container-content-9cfa9a5a is-layout-flow wp-block-group-is-layout-flow\" style=\"border-radius:8px;margin-top:var(--wp--preset--spacing--40);margin-bottom:var(--wp--preset--spacing--40);padding-top:var(--wp--preset--spacing--50);padding-right:var(--wp--preset--spacing--50);padding-bottom:var(--wp--preset--spacing--50);padding-left:var(--wp--preset--spacing--50)\">\n<p class=\"has-text-align-center has-ast-global-color-8-color has-text-color has-link-color has-medium-font-size wp-elements-1e77b9b768944c79c67bc55f3b50bfb0\">VPK - El\u00e8v 5y\u00e8m ane ki poko satisf\u00e8 atant nivo klas yo nan lekti nan pwogram VPK Florida yo, lek\u00f2l leta yo, ak lek\u00f2l endepandan yo. <strong>Pa gen okenn kondisyon parap\u00f2 ak revni w pou w patisipe!<\/strong><\/p>\n<\/div>\n<\/div>\n\n\n\n<div class=\"wp-block-group has-ast-global-color-4-background-color has-background is-layout-constrained wp-block-group-is-layout-constrained\" style=\"margin-bottom:0;padding-bottom:var(--wp--preset--spacing--70)\">\n<div class=\"wp-block-group is-nowrap is-layout-flex wp-container-core-group-is-layout-37337bba wp-block-group-is-layout-flex\" style=\"padding-top:0;padding-right:0;padding-bottom:0;padding-left:0\">\n<div class=\"wp-block-uagb-image uagb-block-beb268c1 wp-block-uagb-image--layout-default wp-block-uagb-image--effect-static wp-block-uagb-image--align-none uag-hide-mob wp-container-content-1ac3d91d\"><figure class=\"wp-block-uagb-image__figure\"><img decoding=\"async\" srcset=\"https:\/\/demo.newworldsreading.com\/wp-content\/uploads\/2024\/02\/Blue-Bracket-1.png ,https:\/\/demo.newworldsreading.com\/wp-content\/uploads\/2024\/02\/Blue-Bracket-1.png 780w, https:\/\/demo.newworldsreading.com\/wp-content\/uploads\/2024\/02\/Blue-Bracket-1.png 360w\" sizes=\"auto, (max-width: 480px) 150px\" src=\"https:\/\/demo.newworldsreading.com\/wp-content\/uploads\/2024\/02\/Blue-Bracket-1.png\" alt=\"\" class=\"uag-image-339\" width=\"20\" height=\"70\" title=\"\" loading=\"lazy\" role=\"img\"\/><\/figure><\/div>\n\n\n\n<div class=\"wp-block-group is-layout-constrained wp-container-core-group-is-layout-8ac2c257 wp-block-group-is-layout-constrained\" style=\"margin-top:var(--wp--preset--spacing--30);margin-bottom:var(--wp--preset--spacing--30);padding-top:0;padding-right:0;padding-bottom:0;padding-left:0\">\n<div class=\"wp-block-uagb-advanced-heading uagb-block-9a1ea6f3\"><h2 class=\"uagb-heading-text\">Kijan mwen ka konnen si pitit mwen an oswa timoun mwen responsab la poko f\u00e8 pwogr\u00e8 ki apwopriye pou laj li, oswa si li poko li nan nivo klas li?<\/h2><\/div>\n<\/div>\n<\/div>\n\n\n\n<ul style=\"padding-left:var(--wp--preset--spacing--60)\" class=\"wp-block-list\">\n<li><strong>El\u00e8v ki nan VPK yo p ap li nan nivo klas yo si:<\/strong>\n<ul class=\"wp-block-list\">\n<li>yo f\u00e8 n\u00f2t ki pi ba pase 40y\u00e8m p\u00e8santil la nan FAST Star Early Literacy\/Reading (Lekti ak Ekriti\/Lekti Bon\u00e8 Fast Star),<\/li>\n\n\n\n<li>oswa yo dispanse pou<\/li>\n<\/ul>\n<\/li>\n\n\n\n<li style=\"padding-top:var(--wp--preset--spacing--30);padding-bottom:var(--wp--preset--spacing--30);line-height:1.5\"><strong>El\u00e8v ki nan klas Mat\u00e8n\u00e8l jiska 2y\u00e8m ane p ap li nan nivo klas yo si<\/strong> \n<ul class=\"wp-block-list\">\n<li style=\"padding-top:0;padding-bottom:0;line-height:1.5\">yo f\u00e8 n\u00f2t ki pi ba pase 40y\u00e8m p\u00e8santil la nan FAST Star Early Literacy\/Reading,<\/li>\n\n\n\n<li style=\"padding-top:0;padding-bottom:0;line-height:1.5\">yo dispanse pou t\u00e8s FAST Star Early Literacy\/Reading,<\/li>\n\n\n\n<li style=\"padding-top:0;padding-bottom:0;line-height:1.5\">or they receive Tier 2 or Tier 3 Reading Intervention Support (as reported by districts in Survey 2 and Survey 3).<\/li>\n<\/ul>\n<\/li>\n\n\n\n<li style=\"line-height:1.5\"><strong>El\u00e8v ki nan klas 3y\u00e8m ane jiska 5y\u00e8m ane p ap li nan nivo klas yo si:<\/strong>\n<ul class=\"wp-block-list\">\n<li style=\"line-height:1.5\">yo f\u00e8 n\u00f2t ki pi ba pase Nivo 3 nan evalyasyon FAST yo,<\/li>\n\n\n\n<li style=\"line-height:1.5\">yo pran FAA olye yo pran evalyasyon FAST yo,<\/li>\n\n\n\n<li style=\"line-height:1.5\">oswa yo resevwa Sip\u00f2 Ent\u00e8vansyon nan Lekti Nivo 2 oswa Nivo 3 (jan distri yo rap\u00f2te sa a nan Sondaj\n2 ak Sondaj 3)<\/li>\n<\/ul>\n<\/li>\n<\/ul>\n<\/div>\n\n\n\n<div class=\"wp-block-group has-ast-global-color-3-background-color has-background is-layout-constrained wp-block-group-is-layout-constrained\" style=\"margin-bottom:0;padding-bottom:var(--wp--preset--spacing--70)\">\n<div class=\"wp-block-group is-nowrap is-layout-flex wp-container-core-group-is-layout-37337bba wp-block-group-is-layout-flex\" style=\"padding-top:0;padding-right:0;padding-bottom:0;padding-left:0\">\n<div class=\"wp-block-uagb-image uagb-block-22d2c5c2 wp-block-uagb-image--layout-default wp-block-uagb-image--effect-static wp-block-uagb-image--align-none uag-hide-mob wp-container-content-1ac3d91d\"><figure class=\"wp-block-uagb-image__figure\"><img decoding=\"async\" srcset=\"https:\/\/www.newworldsreading.com\/wp-content\/uploads\/2025\/04\/White-Bracket.png ,https:\/\/www.newworldsreading.com\/wp-content\/uploads\/2025\/04\/White-Bracket.png 780w, https:\/\/www.newworldsreading.com\/wp-content\/uploads\/2025\/04\/White-Bracket.png 360w\" sizes=\"auto, (max-width: 480px) 150px\" src=\"https:\/\/www.newworldsreading.com\/wp-content\/uploads\/2025\/04\/White-Bracket.png\" alt=\"\" class=\"uag-image-5391\" width=\"20\" height=\"70\" title=\"White Bracket\" loading=\"lazy\" role=\"img\"\/><\/figure><\/div>\n\n\n\n<div class=\"wp-block-group is-layout-constrained wp-container-core-group-is-layout-8ac2c257 wp-block-group-is-layout-constrained\" style=\"margin-top:var(--wp--preset--spacing--30);margin-bottom:var(--wp--preset--spacing--30);padding-top:0;padding-right:0;padding-bottom:0;padding-left:0\">\n<div class=\"wp-block-uagb-advanced-heading uagb-block-8f2a232b\"><h2 class=\"uagb-heading-text\">Menm si pitit ou a oswa timoun ou responsab la pa ranpli kondisyon pou patisipe nan pwogram nan kounye a, f\u00e8 yon demann enskripsyon kanmenm!<\/h2><\/div>\n<\/div>\n<\/div>\n\n\n\n<p class=\"has-ast-global-color-5-color has-text-color has-link-color wp-elements-9e14afa374a142db3c21a08150021302\" style=\"padding-right:var(--wp--preset--spacing--60);padding-left:var(--wp--preset--spacing--60)\">N ap kenbe demann enskripsyon w lan nan sist\u00e8m nou an, epi n ap tcheke li chak fwa nou resevwa nouvo enf\u00f2masyon ki soti nan Leta a. Si yon timoun ki pa ranpli kondisyon patisipasyon yo kounye a vin satisf\u00e8 kondisyon sa yo pita, li pral k\u00f2manse resevwa liv ak aktivite otomatikman!<\/p>\n<\/div>\n\n\n\n<div class=\"wp-block-group has-background is-layout-constrained wp-block-group-is-layout-constrained\" style=\"background-color:#ffffff00;margin-bottom:0;padding-bottom:var(--wp--preset--spacing--70)\">\n<div class=\"wp-block-group is-nowrap is-layout-flex wp-container-core-group-is-layout-ad5c7e16 wp-block-group-is-layout-flex\" style=\"margin-top:0;margin-bottom:0;padding-top:0;padding-right:0;padding-bottom:0;padding-left:0\">\n<figure class=\"wp-block-image size-full is-resized uag-hide-mob\"><img decoding=\"async\" src=\"https:\/\/demo.newworldsreading.com\/wp-content\/uploads\/2024\/02\/Orange-Bracket-1.png\" alt=\"\" class=\"wp-image-333\" style=\"width:20px\"\/><\/figure>\n\n\n\n<div class=\"wp-block-group is-layout-constrained wp-block-group-is-layout-constrained\" style=\"margin-top:var(--wp--preset--spacing--30);margin-bottom:var(--wp--preset--spacing--30);padding-top:0;padding-bottom:0\">\n<div class=\"wp-block-uagb-advanced-heading uagb-block-9e717ccc\"><h2 class=\"uagb-heading-text\">Pwosesis verifikasyon elijiblite<\/h2><\/div>\n<\/div>\n<\/div>\n\n\n\n<div class=\"wp-block-uagb-advanced-heading uagb-block-ce7cf3c1\"><h3 class=\"uagb-heading-text\">Pwosesis sa a ka pran jiska plizy\u00e8 mwa. M\u00e8si pou pasyans ou!<\/h3><\/div>\n\n\n\n<p style=\"margin-top:var(--wp--preset--spacing--20);margin-bottom:var(--wp--preset--spacing--40);padding-right:var(--wp--preset--spacing--60);padding-left:var(--wp--preset--spacing--60)\">L\u00e8 ou fin soum\u00e8t yon aplikasyon, ekip nou an ap konpare li ak dosye edikasyon ptiti ou a oswa timoun ou responsab la, pou verifye elijiblite li. Pwosesis sa a ka pran jiska plizy\u00e8 mwa. <\/p>\n\n\n\n<div class=\"wp-block-group is-layout-constrained wp-container-core-group-is-layout-fff56076 wp-block-group-is-layout-constrained\"><div class=\"wp-block-uagb-faq uagb-faq__outer-wrap uagb-block-573a2401 uagb-faq-icon-row uagb-faq-layout-accordion uagb-faq-expand-first-false uagb-faq-inactive-other-true uagb-faq__wrap uagb-buttons-layout-wrap uagb-faq-equal-height     x\" data-faqtoggle=\"true\" role=\"tablist\"><div class=\"wp-block-uagb-faq-child uagb-faq-child__outer-wrap uagb-faq-item uagb-block-d974a1e7 shadow\" role=\"tab\" tabindex=\"0\"><div class=\"uagb-faq-questions-button uagb-faq-questions\">\t\t\t<span class=\"uagb-icon uagb-faq-icon-wrap\">\n\t\t\t\t\t\t\t\t<svg xmlns=\"https:\/\/www.w3.org\/2000\/svg\" viewbox= \"0 0 320 512\"><path d=\"M96 480c-8.188 0-16.38-3.125-22.62-9.375c-12.5-12.5-12.5-32.75 0-45.25L242.8 256L73.38 86.63c-12.5-12.5-12.5-32.75 0-45.25s32.75-12.5 45.25 0l192 192c12.5 12.5 12.5 32.75 0 45.25l-192 192C112.4 476.9 104.2 480 96 480z\"><\/path><\/svg>\n\t\t\t\t\t\t\t<\/span>\n\t\t\t\t\t\t<span class=\"uagb-icon-active uagb-faq-icon-wrap\">\n\t\t\t\t\t\t\t\t<svg xmlns=\"https:\/\/www.w3.org\/2000\/svg\" viewbox= \"0 0 448 512\"><path d=\"M224 416c-8.188 0-16.38-3.125-22.62-9.375l-192-192c-12.5-12.5-12.5-32.75 0-45.25s32.75-12.5 45.25 0L224 338.8l169.4-169.4c12.5-12.5 32.75-12.5 45.25 0s12.5 32.75 0 45.25l-192 192C240.4 412.9 232.2 416 224 416z\"><\/path><\/svg>\n\t\t\t\t\t\t\t<\/span>\n\t\t\t<h4 class=\"uagb-question\"><strong>El\u00e8v VPK\/Jadendanfan san done t\u00e8s disponib.<\/strong><\/h4><\/div><div class=\"uagb-faq-content\"><p>Si w se yon responsab yon el\u00e8v VPK oswa kind\u00e8gadenn, e si li poko gen done t\u00e8s ki disponib, ou ka aplike bon\u00e8! Ap jis gen yon pery\u00f2d datant jiskaske nou resevwa done eskol\u00e8 yo.<\/p><\/div><\/div><div class=\"wp-block-uagb-faq-child uagb-faq-child__outer-wrap uagb-faq-item uagb-block-51d88b00 shadow\" role=\"tab\" tabindex=\"0\"><div class=\"uagb-faq-questions-button uagb-faq-questions\">\t\t\t<span class=\"uagb-icon uagb-faq-icon-wrap\">\n\t\t\t\t\t\t\t\t<svg xmlns=\"https:\/\/www.w3.org\/2000\/svg\" viewbox= \"0 0 320 512\"><path d=\"M96 480c-8.188 0-16.38-3.125-22.62-9.375c-12.5-12.5-12.5-32.75 0-45.25L242.8 256L73.38 86.63c-12.5-12.5-12.5-32.75 0-45.25s32.75-12.5 45.25 0l192 192c12.5 12.5 12.5 32.75 0 45.25l-192 192C112.4 476.9 104.2 480 96 480z\"><\/path><\/svg>\n\t\t\t\t\t\t\t<\/span>\n\t\t\t\t\t\t<span class=\"uagb-icon-active uagb-faq-icon-wrap\">\n\t\t\t\t\t\t\t\t<svg xmlns=\"https:\/\/www.w3.org\/2000\/svg\" viewbox= \"0 0 448 512\"><path d=\"M224 416c-8.188 0-16.38-3.125-22.62-9.375l-192-192c-12.5-12.5-12.5-32.75 0-45.25s32.75-12.5 45.25 0L224 338.8l169.4-169.4c12.5-12.5 32.75-12.5 45.25 0s12.5 32.75 0 45.25l-192 192C240.4 412.9 232.2 416 224 416z\"><\/path><\/svg>\n\t\t\t\t\t\t\t<\/span>\n\t\t\t<h4 class=\"uagb-question\"><strong>Evite enskripsyon nan reta ak enf\u00f2masyon k\u00f2r\u00e8k<\/strong><\/h4><\/div><div class=\"uagb-faq-content\"><p>Pou evite reta nan enskripsyon, aplikasyon yo ta dwe mansyone tout non legal yon el\u00e8v (pa dwe gen ni ti non jw\u00e8t ni abrevyasyon) dat nesans el\u00e8v la, nivo klas li, distri a ak lek\u00f2l la.<\/p><\/div><\/div><div class=\"wp-block-uagb-faq-child uagb-faq-child__outer-wrap uagb-faq-item uagb-block-1c3c6d3e shadow\" role=\"tab\" tabindex=\"0\"><div class=\"uagb-faq-questions-button uagb-faq-questions\">\t\t\t<span class=\"uagb-icon uagb-faq-icon-wrap\">\n\t\t\t\t\t\t\t\t<svg xmlns=\"https:\/\/www.w3.org\/2000\/svg\" viewbox= \"0 0 320 512\"><path d=\"M96 480c-8.188 0-16.38-3.125-22.62-9.375c-12.5-12.5-12.5-32.75 0-45.25L242.8 256L73.38 86.63c-12.5-12.5-12.5-32.75 0-45.25s32.75-12.5 45.25 0l192 192c12.5 12.5 12.5 32.75 0 45.25l-192 192C112.4 476.9 104.2 480 96 480z\"><\/path><\/svg>\n\t\t\t\t\t\t\t<\/span>\n\t\t\t\t\t\t<span class=\"uagb-icon-active uagb-faq-icon-wrap\">\n\t\t\t\t\t\t\t\t<svg xmlns=\"https:\/\/www.w3.org\/2000\/svg\" viewbox= \"0 0 448 512\"><path d=\"M224 416c-8.188 0-16.38-3.125-22.62-9.375l-192-192c-12.5-12.5-12.5-32.75 0-45.25s32.75-12.5 45.25 0L224 338.8l169.4-169.4c12.5-12.5 32.75-12.5 45.25 0s12.5 32.75 0 45.25l-192 192C240.4 412.9 232.2 416 224 416z\"><\/path><\/svg>\n\t\t\t\t\t\t\t<\/span>\n\t\t\t<h4 class=\"uagb-question\"><strong><strong>Pa kapab konfime kalifikasyon malgre satisf\u00e8 krit\u00e8 yo<\/strong><\/strong><\/h4><\/div><div class=\"uagb-faq-content\"><p>Si w resevwa yon im\u00e8l ki di ke nou pa ka konfime elijiblite pitit ou a oswa timoun ou responsab la ank\u00f2, men ke timoun nan satisf\u00e8 tout krit\u00e8 elijiblite ki neses\u00e8 yo, li posib ke nou gen yon reta nan resevwa done li yo. <strong>Tanpri, pa voye okenn dosye pou nou!<\/strong> Ak\u00f2z kondisyon konfidansyalite el\u00e8v yo, nou ka resevwa s\u00e8lman dosye el\u00e8v yo nan men Eta a.<\/p><\/div><\/div><div class=\"wp-block-uagb-faq-child uagb-faq-child__outer-wrap uagb-faq-item uagb-block-f9dd43b2 shadow\" role=\"tab\" tabindex=\"0\"><div class=\"uagb-faq-questions-button uagb-faq-questions\">\t\t\t<span class=\"uagb-icon uagb-faq-icon-wrap\">\n\t\t\t\t\t\t\t\t<svg xmlns=\"https:\/\/www.w3.org\/2000\/svg\" viewbox= \"0 0 320 512\"><path d=\"M96 480c-8.188 0-16.38-3.125-22.62-9.375c-12.5-12.5-12.5-32.75 0-45.25L242.8 256L73.38 86.63c-12.5-12.5-12.5-32.75 0-45.25s32.75-12.5 45.25 0l192 192c12.5 12.5 12.5 32.75 0 45.25l-192 192C112.4 476.9 104.2 480 96 480z\"><\/path><\/svg>\n\t\t\t\t\t\t\t<\/span>\n\t\t\t\t\t\t<span class=\"uagb-icon-active uagb-faq-icon-wrap\">\n\t\t\t\t\t\t\t\t<svg xmlns=\"https:\/\/www.w3.org\/2000\/svg\" viewbox= \"0 0 448 512\"><path d=\"M224 416c-8.188 0-16.38-3.125-22.62-9.375l-192-192c-12.5-12.5-12.5-32.75 0-45.25s32.75-12.5 45.25 0L224 338.8l169.4-169.4c12.5-12.5 32.75-12.5 45.25 0s12.5 32.75 0 45.25l-192 192C240.4 412.9 232.2 416 224 416z\"><\/path><\/svg>\n\t\t\t\t\t\t\t<\/span>\n\t\t\t<h4 class=\"uagb-question\"><strong>Ap tann konfimasyon kalifikasyon<\/strong><\/h4><\/div><div class=\"uagb-faq-content\"><p class=\"translation-block\">Pandan w ap tann pou yo verifye elijiblite pitit ou a oswa timoun ou responsab la, ou ka konsilte <strong><a href=\"\/ht\/family-resources\" target=\"_self\">resous gratis nou yo pou tout fanmi yo <\/a><\/strong>. Si nou konfime ke pitit ou a oswa timoun ou responsab la elijib, w ap toujou resevwa tout 9 liv ak aktivite yo pou ane sa a!<\/p><\/div><\/div><\/div><\/div>\n<\/div>\n\n\n\n<div class=\"wp-block-group has-ast-global-color-4-background-color has-background is-layout-constrained wp-block-group-is-layout-constrained\" style=\"margin-bottom:0;padding-bottom:var(--wp--preset--spacing--70)\">\n<div class=\"wp-block-group is-nowrap is-layout-flex wp-container-core-group-is-layout-37337bba wp-block-group-is-layout-flex\" style=\"padding-top:0;padding-right:0;padding-bottom:0;padding-left:0\">\n<div class=\"wp-block-uagb-image uagb-block-b06ee5d3 wp-block-uagb-image--layout-default wp-block-uagb-image--effect-static wp-block-uagb-image--align-none uag-hide-mob wp-container-content-1ac3d91d\"><figure class=\"wp-block-uagb-image__figure\"><img decoding=\"async\" srcset=\"https:\/\/demo.newworldsreading.com\/wp-content\/uploads\/2024\/02\/Blue-Bracket-1.png ,https:\/\/demo.newworldsreading.com\/wp-content\/uploads\/2024\/02\/Blue-Bracket-1.png 780w, https:\/\/demo.newworldsreading.com\/wp-content\/uploads\/2024\/02\/Blue-Bracket-1.png 360w\" sizes=\"auto, (max-width: 480px) 150px\" src=\"https:\/\/demo.newworldsreading.com\/wp-content\/uploads\/2024\/02\/Blue-Bracket-1.png\" alt=\"\" class=\"uag-image-339\" width=\"20\" height=\"70\" title=\"\" loading=\"lazy\" role=\"img\"\/><\/figure><\/div>\n\n\n\n<div class=\"wp-block-group is-layout-constrained wp-block-group-is-layout-constrained\" style=\"margin-top:var(--wp--preset--spacing--30);margin-bottom:var(--wp--preset--spacing--30);padding-top:0;padding-bottom:0\">\n<div class=\"wp-block-uagb-advanced-heading uagb-block-20acd3df\"><h2 class=\"uagb-heading-text\">Yon fwa w enskri, ou rete enskri jiska klas senky\u00e8m ane!<\/h2><\/div>\n<\/div>\n<\/div>\n\n\n\n<div class=\"wp-block-uagb-advanced-heading uagb-block-55c71601\"><h3 class=\"uagb-heading-text\">Ou p ap janm bezwen aplike ank\u00f2.<\/h3><\/div>\n\n\n\n<p style=\"margin-top:var(--wp--preset--spacing--40);margin-bottom:var(--wp--preset--spacing--40);padding-right:var(--wp--preset--spacing--60);padding-left:var(--wp--preset--spacing--60)\">Yon fwa yon el\u00e8v ki elijib enskri, li rete enskri jiska klas senky\u00e8m ane, menm si n\u00f2t lekti l amelyore! Ou pa bezwen aplike chak ane.<\/p>\n\n\n\n<p style=\"margin-top:var(--wp--preset--spacing--40);margin-bottom:var(--wp--preset--spacing--40);padding-right:var(--wp--preset--spacing--60);padding-left:var(--wp--preset--spacing--60)\">Anplis, nou gen bon nouv\u00e8l si w aplike pou yon timoun ki pa elijib. <strong>Si yo vin elijib nenp\u00f2t ki l\u00e8 anvan yo gradye nan fen klas senky\u00e8m ane an, y ap f\u00e8 w konnen epi l ap k\u00f2manse resevwa liv otomatikman!<\/strong><\/p>\n\n\n\n<p style=\"margin-top:var(--wp--preset--spacing--40);margin-bottom:var(--wp--preset--spacing--40);padding-right:var(--wp--preset--spacing--60);padding-left:var(--wp--preset--spacing--60)\">Y ap retire fanmi yo nan pwogram nan si yo demenaje kite Eta Florid la. Epitou, responsab timoun yo ka chwazi retire yon timoun nan pwogram nan. Pou sa, y ap s\u00e8lman gen pou yo voye yon im\u00e8l bay: <strong><a href=\"mailto:support@newworldsreading.com\"><span style=\"text-decoration: underline;\">support@newworldsreading.com<\/span><\/a><\/strong>.<\/p>\n<\/div>\n\n\n\n<div class=\"wp-block-group is-layout-constrained wp-block-group-is-layout-constrained has-background\" style=\"padding-top:var(--wp--preset--spacing--80);padding-bottom:var(--wp--preset--spacing--80);background-image:url(&apos;https:\/\/www.newworldsreading.com\/wp-content\/uploads\/2026\/03\/Artboard-2-copy-5@2x-1-scaled.png&apos;);background-position:50% 0;background-size:700px;\">\n<h2 class=\"wp-block-heading has-text-align-center has-ast-global-color-5-color has-text-color has-link-color has-x-large-font-size wp-elements-5cc3839f7d74db61767ce68bb6230a86\"><strong>\u00c8ske ou pare pou ou enskri nan pwogram nan?<\/strong><\/h2>\n\n\n\n<div class=\"wp-block-uagb-advanced-heading uagb-block-940ce8c4\"><p class=\"uagb-heading-text\"><strong>Enskri chak timoun ki kalifye pou k\u00f2manse resevwa liv lakay ou!<\/strong><\/p><\/div>\n\n\n\n<div class=\"wp-block-uagb-buttons uagb-buttons__outer-wrap uagb-btn__default-btn uagb-btn-tablet__default-btn uagb-btn-mobile__default-btn uagb-block-19c29c76\"><div class=\"uagb-buttons__wrap uagb-buttons-layout-wrap\">\n<div class=\"wp-block-uagb-buttons-child uagb-buttons__outer-wrap uagb-block-630b0628 wp-block-button\"><div class=\"uagb-button__wrapper\"><a class=\"uagb-buttons-repeater wp-block-button__link\" aria-label=\"\" href=\"\/ht\/enrollment\/\" rel=\"follow noopener\" target=\"_self\" role=\"button\"><div class=\"uagb-button__link\"><strong>APLIKE<\/strong><\/div><\/a><\/div><\/div>\n<\/div><\/div>\n<\/div>","protected":false},"excerpt":{"rendered":"<p>Eligibility New Worlds Reading serves Florida's eligible striving readers. To be eligible, students must be: VPK - 5th graders who [&hellip;]<\/p>\n","protected":false},"author":5,"featured_media":0,"parent":0,"menu_order":0,"comment_status":"closed","ping_status":"closed","template":"","meta":{"_acf_changed":false,"_uag_custom_page_level_css":"","site-sidebar-layout":"default","site-content-layout":"","ast-site-content-layout":"default","site-content-style":"default","site-sidebar-style":"default","ast-global-header-display":"","ast-banner-title-visibility":"","ast-main-header-display":"","ast-hfb-above-header-display":"","ast-hfb-below-header-display":"","ast-hfb-mobile-header-display":"","site-post-title":"","ast-breadcrumbs-content":"","ast-featured-img":"","footer-sml-layout":"","ast-disable-related-posts":"","theme-transparent-header-meta":"","adv-header-id-meta":"","stick-header-meta":"","header-above-stick-meta":"","header-main-stick-meta":"","header-below-stick-meta":"","astra-migrate-meta-layouts":"default","ast-page-background-enabled":"default","ast-page-background-meta":{"desktop":{"background-color":"var(--ast-global-color-4)","background-image":"","background-repeat":"repeat","background-position":"center center","background-size":"auto","background-attachment":"scroll","background-type":"","background-media":"","overlay-type":"","overlay-color":"","overlay-opacity":"","overlay-gradient":""},"tablet":{"background-color":"","background-image":"","background-repeat":"repeat","background-position":"center center","background-size":"auto","background-attachment":"scroll","background-type":"","background-media":"","overlay-type":"","overlay-color":"","overlay-opacity":"","overlay-gradient":""},"mobile":{"background-color":"","background-image":"","background-repeat":"repeat","background-position":"center center","background-size":"auto","background-attachment":"scroll","background-type":"","background-media":"","overlay-type":"","overlay-color":"","overlay-opacity":"","overlay-gradient":""}},"ast-content-background-meta":{"desktop":{"background-color":"var(--ast-global-color-5)","background-image":"","background-repeat":"repeat","background-position":"center center","background-size":"auto","background-attachment":"scroll","background-type":"","background-media":"","overlay-type":"","overlay-color":"","overlay-opacity":"","overlay-gradient":""},"tablet":{"background-color":"var(--ast-global-color-5)","background-image":"","background-repeat":"repeat","background-position":"center center","background-size":"auto","background-attachment":"scroll","background-type":"","background-media":"","overlay-type":"","overlay-color":"","overlay-opacity":"","overlay-gradient":""},"mobile":{"background-color":"var(--ast-global-color-5)","background-image":"","background-repeat":"repeat","background-position":"center center","background-size":"auto","background-attachment":"scroll","background-type":"","background-media":"","overlay-type":"","overlay-color":"","overlay-opacity":"","overlay-gradient":""}},"footnotes":""},"class_list":["post-217","page","type-page","status-publish","hentry"],"acf":[],"uagb_featured_image_src":{"full":false,"thumbnail":false,"medium":false,"medium_large":false,"large":false,"1536x1536":false,"2048x2048":false,"trp-custom-language-flag":false},"uagb_author_info":{"display_name":"Alyssa Pearson","author_link":"https:\/\/www.newworldsreading.com\/ht\/author\/alyssapearson\/"},"uagb_comment_info":0,"uagb_excerpt":"Eligibility New Worlds Reading serves Florida's eligible striving readers. To be eligible, students must be: VPK - 5th graders who [&hellip;]","_links":{"self":[{"href":"https:\/\/www.newworldsreading.com\/ht\/wp-json\/wp\/v2\/pages\/217","targetHints":{"allow":["GET"]}}],"collection":[{"href":"https:\/\/www.newworldsreading.com\/ht\/wp-json\/wp\/v2\/pages"}],"about":[{"href":"https:\/\/www.newworldsreading.com\/ht\/wp-json\/wp\/v2\/types\/page"}],"author":[{"embeddable":true,"href":"https:\/\/www.newworldsreading.com\/ht\/wp-json\/wp\/v2\/users\/5"}],"replies":[{"embeddable":true,"href":"https:\/\/www.newworldsreading.com\/ht\/wp-json\/wp\/v2\/comments?post=217"}],"version-history":[{"count":30,"href":"https:\/\/www.newworldsreading.com\/ht\/wp-json\/wp\/v2\/pages\/217\/revisions"}],"predecessor-version":[{"id":8013,"href":"https:\/\/www.newworldsreading.com\/ht\/wp-json\/wp\/v2\/pages\/217\/revisions\/8013"}],"wp:attachment":[{"href":"https:\/\/www.newworldsreading.com\/ht\/wp-json\/wp\/v2\/media?parent=217"}],"curies":[{"name":"wp","href":"https:\/\/api.w.org\/{rel}","templated":true}]}}