{"id":3869,"date":"2024-11-08T17:21:04","date_gmt":"2024-11-08T17:21:04","guid":{"rendered":"https:\/\/test.newworldsreading.com\/?page_id=3869"},"modified":"2026-04-03T19:16:36","modified_gmt":"2026-04-03T19:16:36","slug":"terms-and-conditions","status":"publish","type":"page","link":"https:\/\/www.newworldsreading.com\/ht\/terms-and-conditions\/","title":{"rendered":"T\u00e8m &amp; Kondisyon yo"},"content":{"rendered":"<div class=\"wp-block-group is-layout-constrained wp-block-group-is-layout-constrained\">\n<div style=\"height:15px\" aria-hidden=\"true\" class=\"wp-block-spacer\"><\/div>\n\n\n\n<div class=\"wp-block-uagb-advanced-heading uagb-block-3f4b83cc\"><h1 class=\"uagb-heading-text\"><strong>T\u00e8m &amp; Kondisyon yo<\/strong><\/h1><\/div>\n\n\n\n<div class=\"wp-block-uagb-advanced-heading uagb-block-9bffea16\"><h2 class=\"uagb-heading-text\"><strong>New Worlds Reading T\u00e8m &amp; Kondisyon Jeneral:<\/strong><\/h2><\/div>\n\n\n\n<p>Pitit mwen an ka elijib pou patisipe nan Pwogram Bous Lekti New Worlds lan. Mwen dak\u00f2 pou echanj enf\u00f2masyon tankou: non el\u00e8v la, nivo klas el\u00e8v la, dat nesans el\u00e8v la, lek\u00f2l ak distri lekol el\u00e8v la, non paran\/gadyen, im\u00e8l paran\/gadyen, telef\u00f2n paran\/responsab, ak vil rezidans av\u00e8k Pwogram Bous Lekti New Worlds, Step Up for Students lan ki pral det\u00e8mine kapasite el\u00e8v yo pou yo patisipe.<\/p>\n\n\n\n<p>Konfidansyalite w enp\u00f2tan pou nou e nou pran angajman pou pwoteje enf\u00f2masyon ou pataje l\u00e8 w ap itilize S\u00e8vis nou yo. Politik sou Konfidansyalite sa a gen ladan kondisyon ki tabli nan ak\u00f2 sou tretman done nou an epi li idantifye: (a) enf\u00f2masyon nou pran nan men ou; (b) ki jan nou trete ak jere enf\u00f2masyon sa yo; epi (c) dwa w kons\u00e8nan itilizasyon ak pataj enf\u00f2masyon w yo. Si w gen nenp\u00f2t kesyon sou Politik sou Konfidansyalite sa a, ou ka kontakte nou nan im\u00e8l oswa adr\u00e8s lap\u00f2s ki genyen nan seksyon Kontakte Nou ki anba a.<\/p>\n\n\n\n<p>L\u00e8 w kontinye gen aks\u00e8 ak\/oswa itilize S\u00e8vis yo, ou dak\u00f2 ke nou ka trete done p\u00e8son\u00e8l ak done ki pa p\u00e8son\u00e8l ke nou pran sou ou, an ak\u00f2 ak Politik sou Konfidansyalite sa a.<\/p>\n\n\n\n<p>Mwen bay konsantman m pou pataje enf\u00f2masyon el\u00e8v sa yo: non el\u00e8v la ak done sou nivo reyalizasyon el\u00e8v la, nan bi pou m patisipe nan Inisyativ Lekti Nouvo Mond (New Worlds Reading Initiative) ant UF Lastinger Center ak Lek\u00f2l Sikonskripsyon (School District) kote pitit mwen an anrejistre. Konsantman sa a ap valab jiskaske pitit mwen an fini Mwayen 2 (5th grade) oswa jiskaske mwen retire li nan pwogram nan. Pou retire konsantman w, tanpri kontakte&nbsp;<a href=\"mailto:support@newworldsreading.com\"><strong><span style=\"text-decoration: underline;\">support@newworldsreading.com<\/span><\/strong><\/a>.<\/p>\n\n\n\n<div style=\"height:32px\" aria-hidden=\"true\" class=\"wp-block-spacer\"><\/div>\n\n\n\n<div class=\"wp-block-uagb-advanced-heading uagb-block-72ce13d2\"><h2 class=\"uagb-heading-text\"><strong>Kondisyon jeneral yo pou t\u00e8ks mesaj:<\/strong><\/h2><\/div>\n\n\n\n<p class=\"translation-block\">Ou ka <strong>koche ti kare ki nan f\u00f2mil\u00e8 demann<\/strong> ou an oswa ekri mo <strong>READ<\/strong> epi voye l nan mesaj t\u00e8ks bay 42462 pou w enskri pou resevwa enf\u00f2masyon sou mizajou ki f\u00e8t <strong>nan pwogram Inisyativ New Worlds Reading lan, resous alfabetizasyon yo, enf\u00f2masyon sou ev\u00e8nman yo, ak plis ank\u00f2<\/strong>. L\u00e8 w bay nimewo telef\u00f2n ou epi w chwazi patisipe, ou dak\u00f2 pou w resevwa ap\u00e8l ak t\u00e8ks mesaj, ki gen ladan ap\u00e8l ak mesaj otomatik, sou nimewo sa a. Pou enskri nan pwogram short code la, itilizat\u00e8 yo ka swa koche ti kare a ki nan f\u00f2mil\u00e8 demann pou patisipe nan pwogram nan oswa ekri mo <strong>READ<\/strong> epi voye l ba yo nan t\u00e8ks. Apre enskripsyon an, ou pral resevwa yon mesaj t\u00e8ks nan men <strong>42462<\/strong> sou nimewo telef\u00f2n mobil ou. <strong>Kantite fwa yo voye mesaj yo ka varye.<\/strong><\/p>\n\n\n\n<p class=\"translation-block\">Ou ka anile s\u00e8vis sa a nenp\u00f2t ki l\u00e8. Pou w sispann resevwa mesaj t\u00e8ks ki soti nan New Worlds Reading, <strong>ekri mo STOP epi voye l nan mesaj t\u00e8ks bay 42462<\/strong>. Apre ou voye mesaj STOP la, w ap resevwa yon mesaj repons pou konfime ke ou sispann ab\u00f2nman. <strong>Apre sa, ou p ap resevwa mesaj nan men nou ank\u00f2.<\/strong><\/p>\n\n\n\n<p class=\"translation-block\">Nenp\u00f2t l\u00e8 si ou bliye ki mo kle yo ki sip\u00f2te, <strong>t\u00e8ks EDE nan 42462.<\/strong> Apre ou voye mesaj EDE an, ou ap resevwa yon repons ki gen enstriksyon yo sou ki jan yo itilize s\u00e8vis nou, ki enkli ki jan yo retire p\u00e8misyon ou pou patisipe nan pwogram an. Pou plis \u00e8d, kontakte <strong><a href=\"mailto:support@newworldsreading.com\" target=\"_self\"><span style=\"text-decoration: underline\">support@newworldsreading.com<\/span><\/a>.<\/strong><\/p>\n\n\n\n<p><strong>Compatible carriers include:<\/strong> AT&amp;T, Verizon Wireless, T-Mobile\/Sprint \/Metro PCS, CellCom USA, C Spire Wireless, U.S. Cellular, Carolina West Wireless (CWW), Google Voice, ACS\/Alaska, Advantage Cellular (DTC Wireless), Appalachian Wireless, Bluegrass Cellular, Cellular Network Partnership (PIONEER),Cellular One of East Central Illinois, Chat Mobility USA, Coral Wireless (Mobi PCS), Element Mobile (Flat Wireless), Epic Touch (Elkhart Telephone), GCI Communications Corp, Golden State Cellular, Illinois Valley Cellular (IV Cellular), i Wireless (IOWA Wireless), Nex-Tech Wireless, MTA Communications, MTPCS (Cellular One Nation), Cross Telephone Company (MBO Wireless), Duet IP (Maximum Communications New Core Wireless), Inland Cellular, Telephone Company, Immix(Keystone Wireless), Mosaic (Consolidated or CTC Telecom), Northwest Missouri Cellular Limited, Peoples Wireless, Panhandle Telecommunications, Systems(PTCI), RINA, Revol Wireless USA, SI Wireless\/Mobile Nation, SRT Wireless, Texas, RSA 3 Ltd(Plateau Wireless), Thumb Cellular, United Wireless, Union Telephone, Company (Union Wireless), Viaero Wireless, West Central Wireless (5 Star Wireless), Sagebrush Cellular (Nemont), Pine Cellular, Aio Wireless\/Cricket, SouthernLinc, Bandwidth, Copper Valley, Leaco, CableVision, Buffalo Wireless, Chariton Valley Cellular, Pine Belt Wireless, Atlantic Tele-Network International (ATN). <strong>T-Mobile is not liable for delayed or undelivered messages.<\/strong><\/p>\n\n\n\n<p class=\"translation-block\">K\u00f2m toujou, pousantaj mesaj ak done yo ka aplike pou nenp\u00f2t mesaj ou voye bay nou ak nenp\u00f2t mesaj nou bay ou. Si ou gen nenp\u00f2t kesyon sou plan t\u00e8ks ou oswa plan done ou, tanpri kontakte founis\u00e8 san fil ou.<\/p>\n\n\n\n<p class=\"translation-block\">Pou sip\u00f2te, tanpri im\u00e8l nou nan <strong><a href=\"mailto:support@newworldsreading.com\" target=\"_self\"><span style=\"text-decoration: underline\">support@newworldsreading.com<\/span><\/a> oswa rele nou nan <strong>(855) 399-1147<\/strong>.<\/p>\n\n\n\n<div class=\"wp-block-uagb-advanced-heading uagb-block-da6c5c0b\"><h2 class=\"uagb-heading-text\"><strong>Kondisyon jeneral yo pou imel<\/strong><\/h2><\/div>\n\n\n\n<p class=\"translation-block\">L\u00e8 ou bay imel ou nan demann pou patisipe nan New Worlds Reading lan, ou bay konsantman pou di w dak\u00f2 resevwa mesaj imel nan adr\u00e8s sa a sou mizajou ki f\u00e8t nan pwogram Inisyativ <strong>New Worlds Reading lan, resous alfabetizasyon yo, enf\u00f2masyon sou ev\u00e8nman yo, ak plis ank\u00f2<\/strong>. Kantite fwa w ap resevwa imel yo ka varye.<\/p>\n\n\n\n<p class=\"translation-block\">Ou ka dezab\u00f2ne pou w pa resevwa imel New Worlds Reading yo nenp\u00f2t ki l\u00e8. Pou sispann resevwa mesaj, <strong>klike sou lyen dezab\u00f2ne a ki anba tout imel New Worlds Reading voye ba ou<\/strong>. Ou pral otomatikman dezab\u00f2ne epi ou p ap resevwa l\u00f2t mesaj ank\u00f2.<\/p>\n\n\n\n<p class=\"translation-block\"><strong>New Worlds Reading<\/strong> respekte dwa ou nan vi prive. Ou ka w\u00e8 r\u00e8gleman sou enf\u00f2masyon prive isit la:  <strong><a href=\"\/ht\/privacy-policy\/\" target=\"_self\"><span style=\"text-decoration: underline\">https:\/\/www.newworldsreading.com\/en\/privacy-policy\/<\/span><\/a><\/strong><\/p>\n\n\n\n<p><strong>Pou w jwenn plis \u00e8d, kontakte: <strong>support@newworldsreading.com<\/strong>.<\/strong><\/p>\n<\/div>","protected":false},"excerpt":{"rendered":"<p>Terms &amp; Conditions New Worlds Reading General Terms &amp; Conditions: My child may be eligible to participate in the New [&hellip;]<\/p>\n","protected":false},"author":5,"featured_media":0,"parent":0,"menu_order":0,"comment_status":"closed","ping_status":"closed","template":"","meta":{"_acf_changed":false,"_uag_custom_page_level_css":"","site-sidebar-layout":"default","site-content-layout":"","ast-site-content-layout":"default","site-content-style":"default","site-sidebar-style":"default","ast-global-header-display":"","ast-banner-title-visibility":"","ast-main-header-display":"","ast-hfb-above-header-display":"","ast-hfb-below-header-display":"","ast-hfb-mobile-header-display":"","site-post-title":"","ast-breadcrumbs-content":"","ast-featured-img":"","footer-sml-layout":"","ast-disable-related-posts":"","theme-transparent-header-meta":"","adv-header-id-meta":"","stick-header-meta":"","header-above-stick-meta":"","header-main-stick-meta":"","header-below-stick-meta":"","astra-migrate-meta-layouts":"default","ast-page-background-enabled":"default","ast-page-background-meta":{"desktop":{"background-color":"var(--ast-global-color-4)","background-image":"","background-repeat":"repeat","background-position":"center center","background-size":"auto","background-attachment":"scroll","background-type":"","background-media":"","overlay-type":"","overlay-color":"","overlay-opacity":"","overlay-gradient":""},"tablet":{"background-color":"","background-image":"","background-repeat":"repeat","background-position":"center center","background-size":"auto","background-attachment":"scroll","background-type":"","background-media":"","overlay-type":"","overlay-color":"","overlay-opacity":"","overlay-gradient":""},"mobile":{"background-color":"","background-image":"","background-repeat":"repeat","background-position":"center center","background-size":"auto","background-attachment":"scroll","background-type":"","background-media":"","overlay-type":"","overlay-color":"","overlay-opacity":"","overlay-gradient":""}},"ast-content-background-meta":{"desktop":{"background-color":"var(--ast-global-color-5)","background-image":"","background-repeat":"repeat","background-position":"center center","background-size":"auto","background-attachment":"scroll","background-type":"","background-media":"","overlay-type":"","overlay-color":"","overlay-opacity":"","overlay-gradient":""},"tablet":{"background-color":"var(--ast-global-color-5)","background-image":"","background-repeat":"repeat","background-position":"center center","background-size":"auto","background-attachment":"scroll","background-type":"","background-media":"","overlay-type":"","overlay-color":"","overlay-opacity":"","overlay-gradient":""},"mobile":{"background-color":"var(--ast-global-color-5)","background-image":"","background-repeat":"repeat","background-position":"center center","background-size":"auto","background-attachment":"scroll","background-type":"","background-media":"","overlay-type":"","overlay-color":"","overlay-opacity":"","overlay-gradient":""}},"footnotes":""},"class_list":["post-3869","page","type-page","status-publish","hentry"],"acf":[],"uagb_featured_image_src":{"full":false,"thumbnail":false,"medium":false,"medium_large":false,"large":false,"1536x1536":false,"2048x2048":false,"trp-custom-language-flag":false},"uagb_author_info":{"display_name":"Alyssa Pearson","author_link":"https:\/\/www.newworldsreading.com\/ht\/author\/alyssapearson\/"},"uagb_comment_info":0,"uagb_excerpt":"Terms &amp; Conditions New Worlds Reading General Terms &amp; Conditions: My child may be eligible to participate in the New [&hellip;]","_links":{"self":[{"href":"https:\/\/www.newworldsreading.com\/ht\/wp-json\/wp\/v2\/pages\/3869","targetHints":{"allow":["GET"]}}],"collection":[{"href":"https:\/\/www.newworldsreading.com\/ht\/wp-json\/wp\/v2\/pages"}],"about":[{"href":"https:\/\/www.newworldsreading.com\/ht\/wp-json\/wp\/v2\/types\/page"}],"author":[{"embeddable":true,"href":"https:\/\/www.newworldsreading.com\/ht\/wp-json\/wp\/v2\/users\/5"}],"replies":[{"embeddable":true,"href":"https:\/\/www.newworldsreading.com\/ht\/wp-json\/wp\/v2\/comments?post=3869"}],"version-history":[{"count":13,"href":"https:\/\/www.newworldsreading.com\/ht\/wp-json\/wp\/v2\/pages\/3869\/revisions"}],"predecessor-version":[{"id":8133,"href":"https:\/\/www.newworldsreading.com\/ht\/wp-json\/wp\/v2\/pages\/3869\/revisions\/8133"}],"wp:attachment":[{"href":"https:\/\/www.newworldsreading.com\/ht\/wp-json\/wp\/v2\/media?parent=3869"}],"curies":[{"name":"wp","href":"https:\/\/api.w.org\/{rel}","templated":true}]}}