{"id":43,"date":"2024-06-26T17:23:59","date_gmt":"2024-06-26T17:23:59","guid":{"rendered":"https:\/\/demo.newworldsreading.com\/?page_id=43"},"modified":"2026-04-03T18:10:00","modified_gmt":"2026-04-03T18:10:00","slug":"home","status":"publish","type":"page","link":"https:\/\/www.newworldsreading.com\/ht\/","title":{"rendered":"Home"},"content":{"rendered":"<div class=\"wp-block-cover alignfull is-light has-ast-global-color-5-color has-text-color has-link-color wp-elements-fc52b6122bb5d7d45c1031b9a4ba105a\" style=\"min-height:32em;aspect-ratio:unset;\"><video class=\"wp-block-cover__video-background intrinsic-ignore\" autoplay muted loop playsinline src=\"https:\/\/demo.newworldsreading.com\/wp-content\/uploads\/2024\/06\/NWRI_SiteReel_FX_LOOP.mp4\" style=\"object-position:50% 50%\" data-object-fit=\"cover\" data-object-position=\"50% 50%\"><\/video><span aria-hidden=\"true\" class=\"wp-block-cover__background has-ast-global-color-0-background-color has-background-dim-0 has-background-dim\"><\/span><div class=\"wp-block-cover__inner-container is-layout-flow wp-block-cover-is-layout-flow\">\n<div class=\"wp-block-uagb-advanced-heading uagb-block-e5210393\"><h1 class=\"uagb-heading-text\">Byenveni nan<br>New Worlds Reading!<\/h1><\/div>\n\n\n\n<p class=\"has-text-align-center has-ast-global-color-5-color has-text-color\" style=\"margin-top:var(--wp--preset--spacing--40);margin-right:var(--wp--preset--spacing--60);margin-bottom:var(--wp--preset--spacing--40);margin-left:var(--wp--preset--spacing--60);padding-right:0;padding-left:0;font-size:1.2em;line-height:1.4\">New Worlds Reading Initiative f\u00e8 ef\u00f2 pou amelyore alfabetizasyon pami el\u00e8v Florid yo l\u00e8 li bay fanmi yo zouti pou li ak grandi lakay yo.<\/p>\n<\/div><\/div>\n\n\n\n<div class=\"wp-block-group is-layout-constrained wp-container-core-group-is-layout-c5bbea69 wp-block-group-is-layout-constrained\">\n<div class=\"wp-block-group is-nowrap is-layout-flex wp-container-core-group-is-layout-b949e4a2 wp-block-group-is-layout-flex\" style=\"padding-top:0;padding-bottom:0\">\n<div class=\"wp-block-uagb-image uagb-block-8bcbd588 wp-block-uagb-image--layout-default wp-block-uagb-image--effect-static wp-block-uagb-image--align-none uag-hide-mob\"><figure class=\"wp-block-uagb-image__figure\"><img decoding=\"async\" srcset=\"https:\/\/demo.newworldsreading.com\/wp-content\/uploads\/2024\/02\/Orange-Bracket-3.png ,https:\/\/demo.newworldsreading.com\/wp-content\/uploads\/2024\/02\/Orange-Bracket-3.png 780w, https:\/\/demo.newworldsreading.com\/wp-content\/uploads\/2024\/02\/Orange-Bracket-3.png 360w\" sizes=\"auto, (max-width: 480px) 150px\" src=\"https:\/\/demo.newworldsreading.com\/wp-content\/uploads\/2024\/02\/Orange-Bracket-3.png\" alt=\"bracket\" class=\"uag-image-365\" width=\"26\" height=\"77\" title=\"Orange-Bracket-3\" loading=\"lazy\" role=\"img\"\/><\/figure><\/div>\n\n\n\n<div class=\"wp-block-group is-layout-constrained wp-block-group-is-layout-constrained\" style=\"margin-top:var(--wp--preset--spacing--30);margin-bottom:var(--wp--preset--spacing--30)\">\n<div class=\"wp-block-uagb-advanced-heading uagb-block-40142f99\"><h2 class=\"uagb-heading-text\"><strong><strong><strong>Ede pitit ou\u00a0a oswa timoun ou responsab la devlope ladr\u00e8s li nan lekti.<\/strong><\/strong><\/strong><\/h2><\/div>\n<\/div>\n<\/div>\n\n\n\n<div class=\"wp-block-uagb-advanced-heading uagb-block-d0de259e\"><p class=\"uagb-heading-text\">Liv ak aktivite New Worlds Reading yo ede el\u00e8v yo ranf\u00f2se ladr\u00e8s yo nan lekti ak ekriti, devlope konfyans nan kapasite yo pou f\u00e8 lekti, epitou devlope yon lanmou pou lekti pandan tout lavi yo.<\/p><\/div>\n\n\n\n<div class=\"wp-block-columns is-layout-flex wp-container-core-columns-is-layout-f0342b05 wp-block-columns-is-layout-flex\" style=\"margin-top:0;margin-bottom:0\">\n<div class=\"wp-block-column is-layout-flow wp-container-core-column-is-layout-119bc444 wp-block-column-is-layout-flow\">\n<figure class=\"wp-block-image aligncenter size-full is-resized\"><img decoding=\"async\" src=\"https:\/\/demo.newworldsreading.com\/wp-content\/uploads\/2024\/02\/Confidence-Icon.png\" alt=\"Favorite award icon\" class=\"wp-image-193\" style=\"width:auto;height:100px\"\/><\/figure>\n\n\n\n<p class=\"has-text-align-center\">Resevwa liv pou timoun ki pi popil\u00e8 yo devan p\u00f2t ou pou ankouraje yon lanmou pou lekti pou tout lavi.<\/p>\n<\/div>\n\n\n\n<div class=\"wp-block-column is-layout-flow wp-container-core-column-is-layout-119bc444 wp-block-column-is-layout-flow\">\n<figure class=\"wp-block-image aligncenter size-full is-resized\"><img decoding=\"async\" src=\"https:\/\/demo.newworldsreading.com\/wp-content\/uploads\/2024\/02\/Reading-Skills-Icon.png\" alt=\"reading scholar icon\" class=\"wp-image-195\" style=\"width:auto;height:100px\"\/><\/figure>\n\n\n\n<p class=\"has-text-align-center\">Devlope konfyans ou nan kapasite w pou f\u00e8 lekti grasa aktivite sip\u00f2 amizan epi pratik.<\/p>\n<\/div>\n\n\n\n<div class=\"wp-block-column is-layout-flow wp-container-core-column-is-layout-119bc444 wp-block-column-is-layout-flow\">\n<figure class=\"wp-block-image aligncenter size-full is-resized\"><img decoding=\"async\" src=\"https:\/\/demo.newworldsreading.com\/wp-content\/uploads\/2024\/02\/Bookshelf-Icon.png\" alt=\"bookshelf icon\" class=\"wp-image-196\" style=\"width:auto;height:100px\"\/><\/figure>\n\n\n\n<p class=\"has-text-align-center\">Kreye yon bibliyot\u00e8k p\u00e8sonalize lakay ou ki ka rive genyen jiska 63 liv gratis, distans pou pitit ou a oswa timoun ou responsab la gradye nan fen 5\u00e8m ane!<\/p>\n<\/div>\n<\/div>\n<\/div>\n\n\n\n<div class=\"wp-block-group has-ast-global-color-4-background-color has-background is-layout-constrained wp-block-group-is-layout-constrained\" style=\"padding-top:var(--wp--preset--spacing--70);padding-bottom:var(--wp--preset--spacing--60)\">\n<div class=\"wp-block-group is-nowrap is-layout-flex wp-container-core-group-is-layout-f66f9956 wp-block-group-is-layout-flex\">\n<figure class=\"wp-block-image size-full is-resized is-style-default uag-hide-mob\"><img decoding=\"async\" src=\"https:\/\/demo.newworldsreading.com\/wp-content\/uploads\/2024\/02\/Blue-Bracket-1.png\" alt=\"NWR Bracket\" class=\"wp-image-339\" style=\"object-fit:cover;width:20px;height:70px\"\/><\/figure>\n\n\n\n<div class=\"wp-block-group is-layout-constrained wp-block-group-is-layout-constrained\" style=\"margin-top:var(--wp--preset--spacing--30);margin-bottom:var(--wp--preset--spacing--30)\">\n<div class=\"wp-block-uagb-advanced-heading uagb-block-16a6363b\"><h2 class=\"uagb-heading-text\"><strong><strong><strong>Kondisyon elijiblite pou pwogram nan<\/strong><\/strong><\/strong><\/h2><\/div>\n<\/div>\n<\/div>\n\n\n\n<div class=\"wp-block-uagb-advanced-heading uagb-block-f058dd83\"><p class=\"uagb-heading-text\">Pou yo elijib pou benefisye pwogram New Worlds Reading nan, el\u00e8v yo dwe:<\/p><\/div>\n\n\n\n<div class=\"wp-block-group shadow has-ast-global-color-0-color has-ast-global-color-5-background-color has-text-color has-background has-link-color wp-elements-13607ed31708eb69fac14954fccf6115 wp-container-content-9cfa9a5a is-layout-flow wp-block-group-is-layout-flow\" style=\"border-radius:8px;padding-top:var(--wp--preset--spacing--50);padding-right:var(--wp--preset--spacing--50);padding-bottom:var(--wp--preset--spacing--50);padding-left:var(--wp--preset--spacing--50)\">\n<p class=\"has-text-align-center has-ast-global-color-3-color has-text-color has-link-color has-medium-font-size wp-elements-9295858e7a963fd77703719db153b939\">VPK - El\u00e8v 5y\u00e8m ane ki poko satisf\u00e8 atant nivo klas yo nan lekti nan pwogram VPK Florida yo, lek\u00f2l leta yo, ak lek\u00f2l endepandan yo.<\/p>\n<\/div>\n\n\n\n<p class=\"has-text-align-center has-medium-font-size\" style=\"margin-top:var(--wp--preset--spacing--60);margin-bottom:var(--wp--preset--spacing--60)\">Ou pa s\u00e8ten si pitit ou a oswa timoun ou responsab la ka li nan nivo klas li? Aprann plis sou kondisyon <a href=\"\/ht\/eligibility\/\"><strong><span style=\"text-decoration: underline;\">elijiblite nou yo la a,<\/span><\/strong><\/a> oswa kontakte pwofes\u00e8 timoun nan.<\/p>\n<\/div>\n\n\n\n<div class=\"wp-block-group is-layout-constrained wp-block-group-is-layout-constrained\">\n<div class=\"wp-block-group is-nowrap is-layout-flex wp-container-core-group-is-layout-b949e4a2 wp-block-group-is-layout-flex\" style=\"padding-top:0;padding-bottom:0\">\n<figure class=\"wp-block-image size-full is-resized is-style-default uag-hide-mob\"><img decoding=\"async\" src=\"https:\/\/demo.newworldsreading.com\/wp-content\/uploads\/2024\/02\/nwri-book-icon-orange-400h.png\" alt=\"bracket\" class=\"wp-image-70\" style=\"object-fit:cover;width:20px;height:70px\"\/><\/figure>\n\n\n\n<div class=\"wp-block-group is-layout-constrained wp-block-group-is-layout-constrained\" style=\"margin-top:var(--wp--preset--spacing--30);margin-bottom:var(--wp--preset--spacing--30)\">\n<div class=\"wp-block-uagb-advanced-heading uagb-block-24950c0b\"><h2 class=\"uagb-heading-text\"><strong><strong><strong>Li fasil pou aplike!<\/strong><\/strong><\/strong><\/h2><\/div>\n<\/div>\n<\/div>\n\n\n\n<div class=\"wp-block-uagb-advanced-heading uagb-block-98e58d7e\"><p class=\"uagb-heading-text\">Sa pran s\u00e8lman 5 minit pou w aplike. Men kijan sa f\u00e8t:<\/p><\/div>\n\n\n\n<div class=\"wp-block-columns is-layout-flex wp-container-core-columns-is-layout-82fb2690 wp-block-columns-is-layout-flex\" style=\"margin-top:0;margin-bottom:0;padding-top:0;padding-right:var(--wp--preset--spacing--60);padding-bottom:0;padding-left:var(--wp--preset--spacing--60)\">\n<div class=\"wp-block-column is-layout-flow wp-container-core-column-is-layout-92c44e9e wp-block-column-is-layout-flow\" style=\"padding-top:0;padding-bottom:0;flex-basis:8%\">\n<div class=\"wp-block-uagb-image alignleft uagb-block-ee1548b2 wp-block-uagb-image--layout-default wp-block-uagb-image--effect-static wp-block-uagb-image--align-left\"><figure class=\"wp-block-uagb-image__figure\"><img decoding=\"async\" srcset=\"https:\/\/demo.newworldsreading.com\/wp-content\/uploads\/2024\/04\/Number-1.png ,https:\/\/demo.newworldsreading.com\/wp-content\/uploads\/2024\/04\/Number-1.png 780w, https:\/\/demo.newworldsreading.com\/wp-content\/uploads\/2024\/04\/Number-1.png 360w\" sizes=\"auto, (max-width: 480px) 150px\" src=\"https:\/\/demo.newworldsreading.com\/wp-content\/uploads\/2024\/04\/Number-1.png\" alt=\"1\" class=\"uag-image-1563\" width=\"48\" height=\"48\" title=\"Number-1\" loading=\"lazy\" role=\"img\"\/><\/figure><\/div>\n<\/div>\n\n\n\n<div class=\"wp-block-column is-layout-flow wp-block-column-is-layout-flow\" style=\"flex-basis:92%\">\n<p style=\"margin-top:0;margin-bottom:var(--wp--preset--spacing--50)\"><strong><a href=\"\/ht\/enrollment\/\"><span style=\"text-decoration: underline;\">Ranpli yon aplikasyon<\/span><\/a><\/strong> ak enf\u00f2masyon pitit ou a oswa timoun ou responsab la, epitou presize nan ki lang ou pito liv yo, epi ki seri liv ou ta renmen resevwa.<\/p>\n<\/div>\n<\/div>\n\n\n\n<div class=\"wp-block-columns is-layout-flex wp-container-core-columns-is-layout-82fb2690 wp-block-columns-is-layout-flex\" style=\"margin-top:0;margin-bottom:0;padding-top:0;padding-right:var(--wp--preset--spacing--60);padding-bottom:0;padding-left:var(--wp--preset--spacing--60)\">\n<div class=\"wp-block-column is-layout-flow wp-block-column-is-layout-flow\" style=\"flex-basis:8%\">\n<div class=\"wp-block-uagb-image alignleft uagb-block-01a99d8c wp-block-uagb-image--layout-default wp-block-uagb-image--effect-static wp-block-uagb-image--align-left\"><figure class=\"wp-block-uagb-image__figure\"><img decoding=\"async\" srcset=\"https:\/\/demo.newworldsreading.com\/wp-content\/uploads\/2024\/04\/Number-2.png ,https:\/\/demo.newworldsreading.com\/wp-content\/uploads\/2024\/04\/Number-2.png 780w, https:\/\/demo.newworldsreading.com\/wp-content\/uploads\/2024\/04\/Number-2.png 360w\" sizes=\"auto, (max-width: 480px) 150px\" src=\"https:\/\/demo.newworldsreading.com\/wp-content\/uploads\/2024\/04\/Number-2.png\" alt=\"2\" class=\"uag-image-1565\" width=\"48\" height=\"48\" title=\"Number 2\" loading=\"lazy\" role=\"img\"\/><\/figure><\/div>\n<\/div>\n\n\n\n<div class=\"wp-block-column is-layout-flow wp-block-column-is-layout-flow\" style=\"flex-basis:92%\">\n<p style=\"margin-top:0;margin-bottom:var(--wp--preset--spacing--50)\"><strong><a href=\"https:\/\/www.newworldsreading.com\/ht\/family-resources\/\" data-type=\"page\" data-id=\"243\"><span style=\"text-decoration: underline;\">Konsilte resous gratis<\/span><\/a><\/strong> nou yo pou tout fanmi yo la a, pandan n ap tann ekip nou an konfime si pitit ou a oswa timoun ou responsab la elijib.<\/p>\n<\/div>\n<\/div>\n\n\n\n<div class=\"wp-block-columns is-layout-flex wp-container-core-columns-is-layout-82fb2690 wp-block-columns-is-layout-flex\" style=\"margin-top:0;margin-bottom:0;padding-top:0;padding-right:var(--wp--preset--spacing--60);padding-bottom:0;padding-left:var(--wp--preset--spacing--60)\">\n<div class=\"wp-block-column is-layout-flow wp-block-column-is-layout-flow\" style=\"padding-right:0;padding-left:0;flex-basis:8%\">\n<div class=\"wp-block-uagb-image alignleft uagb-block-ceae560b wp-block-uagb-image--layout-default wp-block-uagb-image--effect-static wp-block-uagb-image--align-left\"><figure class=\"wp-block-uagb-image__figure\"><img decoding=\"async\" srcset=\"https:\/\/demo.newworldsreading.com\/wp-content\/uploads\/2024\/04\/Number-3.png ,https:\/\/demo.newworldsreading.com\/wp-content\/uploads\/2024\/04\/Number-3.png 780w, https:\/\/demo.newworldsreading.com\/wp-content\/uploads\/2024\/04\/Number-3.png 360w\" sizes=\"auto, (max-width: 480px) 150px\" src=\"https:\/\/demo.newworldsreading.com\/wp-content\/uploads\/2024\/04\/Number-3.png\" alt=\"3\" class=\"uag-image-1567\" width=\"48\" height=\"48\" title=\"Number 3\" loading=\"lazy\" role=\"img\"\/><\/figure><\/div>\n<\/div>\n\n\n\n<div class=\"wp-block-column is-layout-flow wp-block-column-is-layout-flow\" style=\"flex-basis:92%\">\n<p style=\"margin-top:0;margin-bottom:var(--wp--preset--spacing--50)\"><strong>Ou pral resevwa yon imel k ap f\u00e8 w konnen si pitit ou a, oswa timoun ou responsab la, ranpli oswa pa ranpli kondisyon pou patisipe nan pwogram nan. <\/strong>Si li ranpli kondisyon pou patisipe, w ap resevwa <strong>9 liv ak aktivite gratis<\/strong> k ap livre devan p\u00f2t lakay ou, jiskaske timoun nan fini 5\u00e8m ane!<\/p>\n<\/div>\n<\/div>\n<\/div>\n\n\n\n<div class=\"wp-block-group has-ast-global-color-4-background-color has-background is-layout-constrained wp-block-group-is-layout-constrained\" style=\"padding-top:var(--wp--preset--spacing--70);padding-bottom:var(--wp--preset--spacing--60)\">\n<div class=\"wp-block-group is-nowrap is-layout-flex wp-container-core-group-is-layout-f66f9956 wp-block-group-is-layout-flex\">\n<figure class=\"wp-block-image size-full is-resized is-style-default uag-hide-mob\"><img decoding=\"async\" src=\"https:\/\/demo.newworldsreading.com\/wp-content\/uploads\/2024\/02\/Blue-Bracket-1.png\" alt=\"NWR Bracket\" class=\"wp-image-339\" style=\"aspect-ratio:0.2857142857142857;object-fit:cover;width:20px;height:auto\"\/><\/figure>\n\n\n\n<div class=\"wp-block-group is-layout-constrained wp-block-group-is-layout-constrained\" style=\"margin-top:var(--wp--preset--spacing--30);margin-bottom:var(--wp--preset--spacing--30)\">\n<div class=\"wp-block-uagb-advanced-heading uagb-block-e9d0c493\"><h2 class=\"uagb-heading-text\"><strong><strong><strong>Tande fanmi New Worlds Reading yo.<\/strong><\/strong><\/strong><\/h2><\/div>\n<\/div>\n<\/div>\n\n\n\n<p>Pr\u00e8ske yon milyon timoun an Florid poko gen ladr\u00e8s nan lekti ki koresponn ak nivo klas yo. Men el\u00e8v tankou Jahara ak Faustino montre k\u00f2man yon liv ka reprezante k\u00f2mansman yon gran chanjman.<\/p>\n\n\n\n<div class=\"wp-block-columns are-vertically-aligned-top is-layout-flex wp-container-core-columns-is-layout-783b4be3 wp-block-columns-is-layout-flex\" style=\"margin-bottom:var(--wp--preset--spacing--60)\">\n<div class=\"wp-block-column is-vertically-aligned-top is-layout-flow wp-block-column-is-layout-flow\">\n<figure class=\"wp-block-embed is-type-video is-provider-youtube wp-block-embed-youtube wp-embed-aspect-16-9 wp-has-aspect-ratio\"><div class=\"wp-block-embed__wrapper\">\n<iframe loading=\"lazy\" title=\"\u201cI don\u2019t want to read\u201d to \u201cI got this!\u201d, discover Jahara\u2019s reading journey with New Worlds Reading!\u200b\" width=\"500\" height=\"281\" src=\"https:\/\/www.youtube.com\/embed\/OVk8pFReYx8?feature=oembed\" frameborder=\"0\" allow=\"accelerometer; autoplay; clipboard-write; encrypted-media; gyroscope; picture-in-picture; web-share\" referrerpolicy=\"strict-origin-when-cross-origin\" allowfullscreen><\/iframe>\n<\/div><\/figure>\n<\/div>\n\n\n\n<div class=\"wp-block-column is-vertically-aligned-top is-layout-flow wp-block-column-is-layout-flow\">\n<figure class=\"wp-block-embed is-type-video is-provider-youtube wp-block-embed-youtube wp-embed-aspect-16-9 wp-has-aspect-ratio\"><div class=\"wp-block-embed__wrapper\">\n<iframe loading=\"lazy\" title=\"Gracias a New Worlds Reading, \u00a1Faustino ahora lee con confianza!\" width=\"500\" height=\"281\" src=\"https:\/\/www.youtube.com\/embed\/IahRMudK2CQ?feature=oembed\" frameborder=\"0\" allow=\"accelerometer; autoplay; clipboard-write; encrypted-media; gyroscope; picture-in-picture; web-share\" referrerpolicy=\"strict-origin-when-cross-origin\" allowfullscreen><\/iframe>\n<\/div><\/figure>\n<\/div>\n<\/div>\n\n\n\n<div class=\"wp-block-uagb-advanced-heading uagb-block-8bb01060\"><p class=\"uagb-heading-text\">90% nan fanmi New Worlds Reading yo ki te reponn sondaj ane pase a ta rek\u00f2mande pwogram nan bay yon zanmi. Koute istwa yo:<\/p><\/div>\n\n\n\n<div class=\"wp-block-uagb-testimonial uagb-slick-carousel uagb-tm__arrow-outside uagb-block-e0428416\"><div class=\"is-carousel uagb-tm__columns-3 uagb-tm__items\"><div class=\"uagb-testimonial__wrap  uagb-tm__imgicon-style-circle uagb-tm__image-position-bottom uagb-tm__bg-type-color\"><div class=\"uagb-tm__content\"><div class=\"uagb-tm__overlay\"><\/div><div class=\"uagb-tm__text-wrap\"><div class=\"uagb-tm__desc\">Nou pase plis tan ansanm. Istwa yo f\u00e8 nou ri; epitou, nou aprann ansanm.<\/div><div class=\"uagb-tm__meta-inner\"><div class=\"uagb-testimonial-details\"><span class=\"uagb-tm__author-name\">Kiara B.<\/span><span class=\"uagb-tm__company\">Responsab timoun ki nan pwogram New Worlds Reading nan<\/span><\/div><\/div><\/div><\/div><\/div><div class=\"uagb-testimonial__wrap  uagb-tm__imgicon-style-circle uagb-tm__image-position-bottom uagb-tm__bg-type-color\"><div class=\"uagb-tm__content\"><div class=\"uagb-tm__overlay\"><\/div><div class=\"uagb-tm__text-wrap\"><div class=\"uagb-tm__desc\">Pitit gason m nan te kontan resevwa liv pa lap\u00f2s, e se liv li santi yo te chwazi espesyalman pou li. Byen souvan, li rekon\u00e8t liv la paske li te w\u00e8 l nan lek\u00f2l la oswa nan bibliyot\u00e8k la, e paske li te di yon bagay tankou \"mwen ta renmen li liv sa a\".<\/div><div class=\"uagb-tm__meta-inner\"><div class=\"uagb-testimonial-details\"><span class=\"uagb-tm__author-name\">Jami B.<\/span><span class=\"uagb-tm__company\">Responsab timoun ki nan pwogram New Worlds Reading nan<\/span><\/div><\/div><\/div><\/div><\/div><div class=\"uagb-testimonial__wrap  uagb-tm__imgicon-style-circle uagb-tm__image-position-bottom uagb-tm__bg-type-color\"><div class=\"uagb-tm__content\"><div class=\"uagb-tm__overlay\"><\/div><div class=\"uagb-tm__text-wrap\"><div class=\"uagb-tm__desc\">Pitit gason m nan t\u00e8lman kontan l\u00e8 li resevwa kourye, e l\u00e8 li rann li kont ke se nouvo liv. Nou louvri yo epi nou li yo kou yo rive. Li te gen difikilte pou l li, men grasa liv sa yo, li vin anvi f\u00e8 lekti!<\/div><div class=\"uagb-tm__meta-inner\"><div class=\"uagb-testimonial-details\"><span class=\"uagb-tm__author-name\">S. Akman<\/span><span class=\"uagb-tm__company\">Responsab timoun ki nan pwogram New Worlds Reading nan<\/span><\/div><\/div><\/div><\/div><\/div><div class=\"uagb-testimonial__wrap  uagb-tm__imgicon-style-circle uagb-tm__image-position-bottom uagb-tm__bg-type-color\"><div class=\"uagb-tm__content\"><div class=\"uagb-tm__overlay\"><\/div><div class=\"uagb-tm__text-wrap\"><div class=\"uagb-tm__desc\">Timoun yo vr\u00e8man anvi f\u00e8 lekti l\u00e8 nouvo liv yo vini pa lap\u00f2s! Istwa yo pi renmen yo se sa ki gen pati komik ki f\u00e8 yo ri. Yo renmen tou liv ki anseye sou b\u00e8t yo. F\u00e8y ki gen kesyon ak revizyon yo tou ede m f\u00e8 yo vr\u00e8man konprann sa yo ap li a.<\/div><div class=\"uagb-tm__meta-inner\"><div class=\"uagb-testimonial-details\"><span class=\"uagb-tm__author-name\">Erica B.<\/span><span class=\"uagb-tm__company\">Responsab timoun ki nan pwogram New Worlds Reading nan<\/span><\/div><\/div><\/div><\/div><\/div><div class=\"uagb-testimonial__wrap  uagb-tm__imgicon-style-circle uagb-tm__image-position-bottom uagb-tm__bg-type-color\"><div class=\"uagb-tm__content\"><div class=\"uagb-tm__overlay\"><\/div><div class=\"uagb-tm__text-wrap\"><div class=\"uagb-tm__desc\">Li renmen resevwa pake ki gen non l sou yo. L\u00e8 konsa, li santi l tankou yon granmoun. Li ouvri d\u00e8nye pake ki rive yo ak anpil k\u00e8 kontan, epitou ak anpil kiryozite pou liv yo!<\/div><div class=\"uagb-tm__meta-inner\"><div class=\"uagb-testimonial-details\"><span class=\"uagb-tm__author-name\">Adriana V.<\/span><span class=\"uagb-tm__company\">Responsab timoun ki nan pwogram New Worlds Reading nan<\/span><\/div><\/div><\/div><\/div><\/div><\/div><\/div>\n<\/div>\n\n\n\n<div class=\"wp-block-group is-layout-constrained wp-block-group-is-layout-constrained has-background\" style=\"padding-top:var(--wp--preset--spacing--80);padding-bottom:var(--wp--preset--spacing--80);background-image:url(&apos;https:\/\/www.newworldsreading.com\/wp-content\/uploads\/2026\/03\/Artboard-2-copy-5@2x-1-scaled.png&apos;);background-position:50% 0;background-size:700px;\">\n<div class=\"wp-block-uagb-advanced-heading uagb-block-cb1f5146\"><h2 class=\"uagb-heading-text\">Ou pare? Annou w\u00e8!<\/h2><\/div>\n\n\n\n<div class=\"wp-block-uagb-buttons uagb-buttons__outer-wrap uagb-btn__default-btn uagb-btn-tablet__default-btn uagb-btn-mobile__default-btn uagb-block-19c29c76\"><div class=\"uagb-buttons__wrap uagb-buttons-layout-wrap\">\n<div class=\"wp-block-uagb-buttons-child uagb-buttons__outer-wrap uagb-block-630b0628 wp-block-button\"><div class=\"uagb-button__wrapper\"><a class=\"uagb-buttons-repeater wp-block-button__link\" aria-label=\"\" href=\"\/ht\/enrollment\/\" rel=\"follow noopener\" target=\"_blank\" role=\"button\"><div class=\"uagb-button__link\"><strong>APLIKE<\/strong><\/div><\/a><\/div><\/div>\n<\/div><\/div>\n<\/div>","protected":false},"excerpt":{"rendered":"<p>Grow your child's reading skills. New Worlds Reading's books and activities support students in strengthening literacy skills, building reading confidence, [&hellip;]<\/p>\n","protected":false},"author":5,"featured_media":0,"parent":0,"menu_order":0,"comment_status":"closed","ping_status":"closed","template":"","meta":{"_acf_changed":false,"_uag_custom_page_level_css":"","site-sidebar-layout":"no-sidebar","site-content-layout":"plain-container","ast-site-content-layout":"full-width-container","site-content-style":"unboxed","site-sidebar-style":"default","ast-global-header-display":"","ast-banner-title-visibility":"","ast-main-header-display":"","ast-hfb-above-header-display":"","ast-hfb-below-header-display":"","ast-hfb-mobile-header-display":"","site-post-title":"disabled","ast-breadcrumbs-content":"","ast-featured-img":"","footer-sml-layout":"","ast-disable-related-posts":"","theme-transparent-header-meta":"disabled","adv-header-id-meta":"","stick-header-meta":"","header-above-stick-meta":"","header-main-stick-meta":"","header-below-stick-meta":"","astra-migrate-meta-layouts":"default","ast-page-background-enabled":"default","ast-page-background-meta":{"desktop":{"background-color":"var(--ast-global-color-4)","background-image":"","background-repeat":"repeat","background-position":"center center","background-size":"auto","background-attachment":"scroll","background-type":"","background-media":"","overlay-type":"","overlay-color":"","overlay-opacity":"","overlay-gradient":""},"tablet":{"background-color":"","background-image":"","background-repeat":"repeat","background-position":"center center","background-size":"auto","background-attachment":"scroll","background-type":"","background-media":"","overlay-type":"","overlay-color":"","overlay-opacity":"","overlay-gradient":""},"mobile":{"background-color":"","background-image":"","background-repeat":"repeat","background-position":"center center","background-size":"auto","background-attachment":"scroll","background-type":"","background-media":"","overlay-type":"","overlay-color":"","overlay-opacity":"","overlay-gradient":""}},"ast-content-background-meta":{"desktop":{"background-color":"var(--ast-global-color-5)","background-image":"","background-repeat":"repeat","background-position":"center center","background-size":"auto","background-attachment":"scroll","background-type":"","background-media":"","overlay-type":"","overlay-color":"","overlay-opacity":"","overlay-gradient":""},"tablet":{"background-color":"var(--ast-global-color-5)","background-image":"","background-repeat":"repeat","background-position":"center center","background-size":"auto","background-attachment":"scroll","background-type":"","background-media":"","overlay-type":"","overlay-color":"","overlay-opacity":"","overlay-gradient":""},"mobile":{"background-color":"var(--ast-global-color-5)","background-image":"","background-repeat":"repeat","background-position":"center center","background-size":"auto","background-attachment":"scroll","background-type":"","background-media":"","overlay-type":"","overlay-color":"","overlay-opacity":"","overlay-gradient":""}},"footnotes":""},"class_list":["post-43","page","type-page","status-publish","hentry"],"acf":[],"uagb_featured_image_src":{"full":false,"thumbnail":false,"medium":false,"medium_large":false,"large":false,"1536x1536":false,"2048x2048":false,"trp-custom-language-flag":false},"uagb_author_info":{"display_name":"Alyssa Pearson","author_link":"https:\/\/www.newworldsreading.com\/ht\/author\/alyssapearson\/"},"uagb_comment_info":0,"uagb_excerpt":"Grow your child's reading skills. New Worlds Reading's books and activities support students in strengthening literacy skills, building reading confidence, [&hellip;]","_links":{"self":[{"href":"https:\/\/www.newworldsreading.com\/ht\/wp-json\/wp\/v2\/pages\/43","targetHints":{"allow":["GET"]}}],"collection":[{"href":"https:\/\/www.newworldsreading.com\/ht\/wp-json\/wp\/v2\/pages"}],"about":[{"href":"https:\/\/www.newworldsreading.com\/ht\/wp-json\/wp\/v2\/types\/page"}],"author":[{"embeddable":true,"href":"https:\/\/www.newworldsreading.com\/ht\/wp-json\/wp\/v2\/users\/5"}],"replies":[{"embeddable":true,"href":"https:\/\/www.newworldsreading.com\/ht\/wp-json\/wp\/v2\/comments?post=43"}],"version-history":[{"count":52,"href":"https:\/\/www.newworldsreading.com\/ht\/wp-json\/wp\/v2\/pages\/43\/revisions"}],"predecessor-version":[{"id":7915,"href":"https:\/\/www.newworldsreading.com\/ht\/wp-json\/wp\/v2\/pages\/43\/revisions\/7915"}],"wp:attachment":[{"href":"https:\/\/www.newworldsreading.com\/ht\/wp-json\/wp\/v2\/media?parent=43"}],"curies":[{"name":"wp","href":"https:\/\/api.w.org\/{rel}","templated":true}]}}